{"id":191,"date":"2024-12-02T11:15:03","date_gmt":"2024-12-02T11:15:03","guid":{"rendered":"https:\/\/optimistic-visvesvaraya.79-137-88-67.plesk.page\/?page_id=191"},"modified":"2025-05-15T14:31:41","modified_gmt":"2025-05-15T14:31:41","slug":"notre-catalogue-mobilier-hotelier-servizial","status":"publish","type":"page","link":"https:\/\/servizial.com\/en\/notre-catalogue-mobilier-hotelier-servizial\/","title":{"rendered":"Catalog"},"content":{"rendered":"<div data-elementor-type=\"wp-page\" data-elementor-id=\"191\" class=\"elementor elementor-191\" data-elementor-post-type=\"page\">\n\t\t\t\t<div class=\"elementor-element elementor-element-2c80570 e-flex e-con-boxed elementor-invisible e-con e-parent\" data-id=\"2c80570\" data-element_type=\"container\" data-settings=\"{&quot;animation&quot;:&quot;fadeIn&quot;}\">\n\t\t\t\t\t<div class=\"e-con-inner\">\n\t\t\t\t<div class=\"elementor-element elementor-element-2940e02 elementor-align-left elementor-widget elementor-widget-breadcrumbs\" data-id=\"2940e02\" data-element_type=\"widget\" data-aos=\"fade-up\" data-aos-duration=\"600\" data-widget_type=\"breadcrumbs.default\">\n\t\t\t\t<div class=\"elementor-widget-container\">\n\t\t\t\t\t<p id=\"breadcrumbs\"><span><span><a href=\"https:\/\/servizial.com\/en\/\">Accueil<\/a><\/span><\/span><\/p>\t\t\t\t<\/div>\n\t\t\t\t<\/div>\n\t\t<div class=\"elementor-element elementor-element-a18b614 e-con-full e-flex e-con e-child\" data-id=\"a18b614\" data-element_type=\"container\" data-settings=\"{&quot;background_background&quot;:&quot;classic&quot;,&quot;background_motion_fx_motion_fx_scrolling&quot;:&quot;yes&quot;,&quot;background_motion_fx_translateY_effect&quot;:&quot;yes&quot;,&quot;background_motion_fx_translateY_direction&quot;:&quot;negative&quot;,&quot;background_motion_fx_translateY_speed&quot;:{&quot;unit&quot;:&quot;px&quot;,&quot;size&quot;:4,&quot;sizes&quot;:[]},&quot;background_motion_fx_translateY_affectedRange&quot;:{&quot;unit&quot;:&quot;%&quot;,&quot;size&quot;:&quot;&quot;,&quot;sizes&quot;:{&quot;start&quot;:0,&quot;end&quot;:100}},&quot;background_motion_fx_devices&quot;:[&quot;desktop&quot;,&quot;tablet&quot;,&quot;mobile&quot;]}\">\n\t\t\t\t<\/div>\n\t\t<div class=\"elementor-element elementor-element-5109f3b e-con-full e-flex e-con e-child\" data-id=\"5109f3b\" data-element_type=\"container\">\n\t\t\t\t<div class=\"elementor-element elementor-element-520d1d4 elementor-widget elementor-widget-heading\" data-id=\"520d1d4\" data-element_type=\"widget\" data-aos=\"fade-up\" data-aos-anchor=\".block-hero\" data-aos-delay=\"100\" data-aos-duration=\"600\" data-widget_type=\"heading.default\">\n\t\t\t\t<div class=\"elementor-widget-container\">\n\t\t\t\t\t<h1 class=\"elementor-heading-title elementor-size-default\">Catalog<\/h1>\t\t\t\t<\/div>\n\t\t\t\t<\/div>\n\t\t\t\t<div class=\"elementor-element elementor-element-d44255a elementor-widget elementor-widget-heading\" data-id=\"d44255a\" data-element_type=\"widget\" data-aos=\"fade-up\" data-aos-anchor=\".block-hero\" data-aos-delay=\"200\" data-aos-duration=\"600\" data-widget_type=\"heading.default\">\n\t\t\t\t<div class=\"elementor-widget-container\">\n\t\t\t\t\t<h2 class=\"elementor-heading-title elementor-size-default\">Discover our exclusive catalog<\/h2>\t\t\t\t<\/div>\n\t\t\t\t<\/div>\n\t\t<div class=\"elementor-element elementor-element-9236f22 e-con-full e-flex e-con e-child\" data-id=\"9236f22\" data-element_type=\"container\" data-aos=\"fade-up\" data-aos-anchor=\".block-hero\" data-aos-delay=\"300\" data-aos-duration=\"600\">\n\t\t\t\t<div class=\"elementor-element elementor-element-b106ffe elementor-align-center elementor-widget elementor-widget-button\" data-id=\"b106ffe\" data-element_type=\"widget\" data-widget_type=\"button.default\">\n\t\t\t\t<div class=\"elementor-widget-container\">\n\t\t\t\t\t\t\t\t\t<div class=\"elementor-button-wrapper\">\n\t\t\t\t\t<a class=\"elementor-button elementor-button-link elementor-size-sm\" href=\"https:\/\/servizial.com\/en\/contact\/\">\n\t\t\t\t\t\t<span class=\"elementor-button-content-wrapper\">\n\t\t\t\t\t\t\t\t\t<span class=\"elementor-button-text\">About us<\/span>\n\t\t\t\t\t<\/span>\n\t\t\t\t\t<\/a>\n\t\t\t\t<\/div>\n\t\t\t\t\t\t\t\t<\/div>\n\t\t\t\t<\/div>\n\t\t\t\t<div class=\"elementor-element elementor-element-fc329db elementor-hidden-mobile elementor-widget elementor-widget-html\" data-id=\"fc329db\" data-element_type=\"widget\" data-widget_type=\"html.default\">\n\t\t\t\t<div class=\"elementor-widget-container\">\n\t\t\t\t\t<span><\/span>\t\t\t\t<\/div>\n\t\t\t\t<\/div>\n\t\t\t\t<div class=\"elementor-element elementor-element-08d2908 elementor-align-center elementor-widget elementor-widget-button\" data-id=\"08d2908\" data-element_type=\"widget\" data-widget_type=\"button.default\">\n\t\t\t\t<div class=\"elementor-widget-container\">\n\t\t\t\t\t\t\t\t\t<div class=\"elementor-button-wrapper\">\n\t\t\t\t\t<a class=\"elementor-button elementor-button-link elementor-size-sm\" href=\"https:\/\/servizial.com\/en\/contact\/\">\n\t\t\t\t\t\t<span class=\"elementor-button-content-wrapper\">\n\t\t\t\t\t\t\t\t\t<span class=\"elementor-button-text\">Get an estimate<\/span>\n\t\t\t\t\t<\/span>\n\t\t\t\t\t<\/a>\n\t\t\t\t<\/div>\n\t\t\t\t\t\t\t\t<\/div>\n\t\t\t\t<\/div>\n\t\t\t\t<\/div>\n\t\t\t\t<div class=\"elementor-element elementor-element-7e65611 elementor-view-default elementor-widget elementor-widget-icon\" data-id=\"7e65611\" data-element_type=\"widget\" data-widget_type=\"icon.default\">\n\t\t\t\t<div class=\"elementor-widget-container\">\n\t\t\t\t\t\t\t<div class=\"elementor-icon-wrapper\">\n\t\t\t<div class=\"elementor-icon\">\n\t\t\t<svg xmlns=\"http:\/\/www.w3.org\/2000\/svg\" width=\"24\" height=\"24\" viewbox=\"0 0 24 24\" fill=\"none\"><g id=\"keyboard_arrow_down\"><mask id=\"mask0_4121_1035\" style=\"mask-type:alpha\" maskunits=\"userSpaceOnUse\" x=\"0\" y=\"0\" width=\"24\" height=\"24\"><rect id=\"Bounding box\" width=\"24\" height=\"24\" fill=\"#D9D9D9\"><\/rect><\/mask><g mask=\"url(#mask0_4121_1035)\"><path id=\"keyboard_arrow_down_2\" d=\"M12.0001 15.7078L6.69238 10.4L7.40013 9.69226L12.0001 14.2923L16.6001 9.69226L17.3079 10.4L12.0001 15.7078Z\" fill=\"#1C1B1F\"><\/path><\/g><\/g><\/svg>\t\t\t<\/div>\n\t\t<\/div>\n\t\t\t\t\t\t<\/div>\n\t\t\t\t<\/div>\n\t\t\t\t<\/div>\n\t\t\t\t\t<\/div>\n\t\t\t\t<\/div>\n\t\t<section class=\"elementor-element elementor-element-5ffe523 e-flex e-con-boxed e-con e-parent\" data-id=\"5ffe523\" data-element_type=\"container\">\n\t\t\t\t\t<div class=\"e-con-inner\">\n\t\t\t\t<div class=\"elementor-element elementor-element-77f4081 elementor-widget elementor-widget-text-editor\" data-id=\"77f4081\" data-element_type=\"widget\" data-aos=\"fade-up\" data-aos-duration=\"600\" data-widget_type=\"text-editor.default\">\n\t\t\t\t<div class=\"elementor-widget-container\">\n\t\t\t\t\t\t\t\t\t<p>We're delighted to present our brand-new SERVIZIAL catalog!  You'll find all our references with their finishes. Enough to get your creative juices flowing.<\/p><p>Please do not hesitate to contact us for further information.\u00a0<\/p>\t\t\t\t\t\t\t\t<\/div>\n\t\t\t\t<\/div>\n\t\t\t\t<div class=\"elementor-element elementor-element-cd48ecf elementor-align-center elementor-widget elementor-widget-button\" data-id=\"cd48ecf\" data-element_type=\"widget\" data-aos=\"fade-up\" data-aos-duration=\"600\" data-widget_type=\"button.default\">\n\t\t\t\t<div class=\"elementor-widget-container\">\n\t\t\t\t\t\t\t\t\t<div class=\"elementor-button-wrapper\">\n\t\t\t\t\t<a class=\"elementor-button elementor-button-link elementor-size-sm\" href=\"https:\/\/servizial.com\/en\/contact\/\">\n\t\t\t\t\t\t<span class=\"elementor-button-content-wrapper\">\n\t\t\t\t\t\t\t\t\t<span class=\"elementor-button-text\">Contact us<\/span>\n\t\t\t\t\t<\/span>\n\t\t\t\t\t<\/a>\n\t\t\t\t<\/div>\n\t\t\t\t\t\t\t\t<\/div>\n\t\t\t\t<\/div>\n\t\t\t\t\t<\/div>\n\t\t\t\t<\/section>\n\t\t<div class=\"elementor-element elementor-element-40c7109 e-flex e-con-boxed e-con e-parent\" data-id=\"40c7109\" data-element_type=\"container\">\n\t\t\t\t\t<div class=\"e-con-inner\">\n\t\t\t\t<div class=\"elementor-element elementor-element-e80b4ca elementor-widget__width-inherit elementor-widget elementor-widget-shortcode\" data-id=\"e80b4ca\" data-element_type=\"widget\" data-widget_type=\"shortcode.default\">\n\t\t\t\t<div class=\"elementor-widget-container\">\n\t\t\t\t\t\t\t<div class=\"elementor-shortcode\"><div class=\"_df_book df-lite\" id=\"df_2829\"  _slug=\"2829\" data-title=\"catalogue\" wpoptions=\"true\" thumb=\"https:\/\/servizial.com\/wp-content\/uploads\/2024\/12\/catalogue-servizial.jpg\" thumbtype=\"\" ><\/div><script class=\"df-shortcode-script\" nowprocket type=\"application\/javascript\">window.option_df_2829 = {\"outline\":[],\"backgroundColor\":\"#f1f0eb\",\"height\":\"1200\",\"viewerType\":\"flipbook\",\"autoEnableOutline\":\"false\",\"autoEnableThumbnail\":\"false\",\"overwritePDFOutline\":\"false\",\"enableDownload\":\"true\",\"direction\":\"1\",\"pageSize\":\"0\",\"controlsPosition\":\"bottom\",\"soundEnable\":\"false\",\"maxTextureSize\":\"2048\",\"source\":\"https:\\\/\\\/servizial.com\\\/wp-content\\\/uploads\\\/2024\\\/12\\\/Catalogue-SERVIZIAL-sept-2023-final-bd.pdf\",\"wpOptions\":\"true\"}; if(window.DFLIP && window.DFLIP.parseBooks){window.DFLIP.parseBooks();}<\/script><\/div>\n\t\t\t\t\t\t<\/div>\n\t\t\t\t<\/div>\n\t\t\t\t\t<\/div>\n\t\t\t\t<\/div>\n\t\t\t\t<\/div>","protected":false},"excerpt":{"rendered":"<p>Catalogue D\u00e9couvrez notre catalogue exclusif \u00c0 propos de nous Recevez un devis Nous sommes ravis de vous pr\u00e9senter notre tout nouveau catalogue SERVIZIAL !\u00a0 Vous retrouverez toutes nos r\u00e9f\u00e9rences avec leurs finitions.\u00a0De quoi d\u00e9clencher un \u00e9lan cr\u00e9atif. N&rsquo;h\u00e9sitez pas \u00e0 nous contacter pour tout compl\u00e9ment d&rsquo;information.\u00a0 Contactez-nous<\/p>","protected":false},"author":1,"featured_media":0,"parent":0,"menu_order":0,"comment_status":"closed","ping_status":"closed","template":"","meta":{"_acf_changed":false,"inline_featured_image":false,"footnotes":""},"class_list":["post-191","page","type-page","status-publish","hentry"],"acf":[],"yoast_head":"<!-- This site is optimized with the Yoast SEO plugin v26.6 - https:\/\/yoast.com\/wordpress\/plugins\/seo\/ -->\n<title>Catalogue mobilier h\u00f4telier \u2013 Servizial<\/title>\n<meta name=\"description\" content=\"Parcourez le catalogue de mobilier de Servizial : tables, dessertes, vaisseliers et autres \u00e9quipements sur mesure pour professionnels.\" \/>\n<meta name=\"robots\" content=\"index, follow, max-snippet:-1, max-image-preview:large, max-video-preview:-1\" \/>\n<link rel=\"canonical\" href=\"https:\/\/servizial.com\/en\/notre-catalogue-mobilier-hotelier-servizial\/\" \/>\n<meta property=\"og:locale\" content=\"en_GB\" \/>\n<meta property=\"og:type\" content=\"article\" \/>\n<meta property=\"og:title\" content=\"Catalogue mobilier h\u00f4telier \u2013 Servizial\" \/>\n<meta property=\"og:description\" content=\"Parcourez le catalogue de mobilier de Servizial : tables, dessertes, vaisseliers et autres \u00e9quipements sur mesure pour professionnels.\" \/>\n<meta property=\"og:url\" content=\"https:\/\/servizial.com\/en\/notre-catalogue-mobilier-hotelier-servizial\/\" \/>\n<meta property=\"og:site_name\" content=\"Servizial\" \/>\n<meta property=\"article:modified_time\" content=\"2025-05-15T14:31:41+00:00\" \/>\n<meta name=\"twitter:card\" content=\"summary_large_image\" \/>\n<meta name=\"twitter:label1\" content=\"Estimated reading time\" \/>\n\t<meta name=\"twitter:data1\" content=\"1 minute\" \/>\n<script type=\"application\/ld+json\" class=\"yoast-schema-graph\">{\"@context\":\"https:\/\/schema.org\",\"@graph\":[{\"@type\":\"WebPage\",\"@id\":\"https:\/\/servizial.com\/notre-catalogue-mobilier-hotelier-servizial\/\",\"url\":\"https:\/\/servizial.com\/notre-catalogue-mobilier-hotelier-servizial\/\",\"name\":\"Catalogue mobilier h\u00f4telier \u2013 Servizial\",\"isPartOf\":{\"@id\":\"https:\/\/servizial.com\/#website\"},\"datePublished\":\"2024-12-02T11:15:03+00:00\",\"dateModified\":\"2025-05-15T14:31:41+00:00\",\"description\":\"Parcourez le catalogue de mobilier de Servizial : tables, dessertes, vaisseliers et autres \u00e9quipements sur mesure pour professionnels.\",\"breadcrumb\":{\"@id\":\"https:\/\/servizial.com\/notre-catalogue-mobilier-hotelier-servizial\/#breadcrumb\"},\"inLanguage\":\"en-GB\",\"potentialAction\":[{\"@type\":\"ReadAction\",\"target\":[\"https:\/\/servizial.com\/notre-catalogue-mobilier-hotelier-servizial\/\"]}]},{\"@type\":\"BreadcrumbList\",\"@id\":\"https:\/\/servizial.com\/notre-catalogue-mobilier-hotelier-servizial\/#breadcrumb\",\"itemListElement\":[{\"@type\":\"ListItem\",\"position\":1,\"name\":\"Accueil\",\"item\":\"https:\/\/servizial.com\/\"},{\"@type\":\"ListItem\",\"position\":2,\"name\":\"Catalogue\"}]},{\"@type\":\"WebSite\",\"@id\":\"https:\/\/servizial.com\/#website\",\"url\":\"https:\/\/servizial.com\/\",\"name\":\"Servizial\",\"description\":\"\",\"publisher\":{\"@id\":\"https:\/\/servizial.com\/#organization\"},\"potentialAction\":[{\"@type\":\"SearchAction\",\"target\":{\"@type\":\"EntryPoint\",\"urlTemplate\":\"https:\/\/servizial.com\/?s={search_term_string}\"},\"query-input\":{\"@type\":\"PropertyValueSpecification\",\"valueRequired\":true,\"valueName\":\"search_term_string\"}}],\"inLanguage\":\"en-GB\"},{\"@type\":\"Organization\",\"@id\":\"https:\/\/servizial.com\/#organization\",\"name\":\"Servizial\",\"url\":\"https:\/\/servizial.com\/\",\"logo\":{\"@type\":\"ImageObject\",\"inLanguage\":\"en-GB\",\"@id\":\"https:\/\/servizial.com\/#\/schema\/logo\/image\/\",\"url\":\"https:\/\/servizial.com\/wp-content\/uploads\/2024\/12\/image-1.svg\",\"contentUrl\":\"https:\/\/servizial.com\/wp-content\/uploads\/2024\/12\/image-1.svg\",\"width\":300,\"height\":72,\"caption\":\"Servizial\"},\"image\":{\"@id\":\"https:\/\/servizial.com\/#\/schema\/logo\/image\/\"}}]}<\/script>\n<!-- \/ Yoast SEO plugin. -->","yoast_head_json":{"title":"Catalogue mobilier h\u00f4telier \u2013 Servizial","description":"Parcourez le catalogue de mobilier de Servizial : tables, dessertes, vaisseliers et autres \u00e9quipements sur mesure pour professionnels.","robots":{"index":"index","follow":"follow","max-snippet":"max-snippet:-1","max-image-preview":"max-image-preview:large","max-video-preview":"max-video-preview:-1"},"canonical":"https:\/\/servizial.com\/en\/notre-catalogue-mobilier-hotelier-servizial\/","og_locale":"en_GB","og_type":"article","og_title":"Catalogue mobilier h\u00f4telier \u2013 Servizial","og_description":"Parcourez le catalogue de mobilier de Servizial : tables, dessertes, vaisseliers et autres \u00e9quipements sur mesure pour professionnels.","og_url":"https:\/\/servizial.com\/en\/notre-catalogue-mobilier-hotelier-servizial\/","og_site_name":"Servizial","article_modified_time":"2025-05-15T14:31:41+00:00","twitter_card":"summary_large_image","twitter_misc":{"Estimated reading time":"1 minute"},"schema":{"@context":"https:\/\/schema.org","@graph":[{"@type":"WebPage","@id":"https:\/\/servizial.com\/notre-catalogue-mobilier-hotelier-servizial\/","url":"https:\/\/servizial.com\/notre-catalogue-mobilier-hotelier-servizial\/","name":"Catalogue mobilier h\u00f4telier \u2013 Servizial","isPartOf":{"@id":"https:\/\/servizial.com\/#website"},"datePublished":"2024-12-02T11:15:03+00:00","dateModified":"2025-05-15T14:31:41+00:00","description":"Parcourez le catalogue de mobilier de Servizial : tables, dessertes, vaisseliers et autres \u00e9quipements sur mesure pour professionnels.","breadcrumb":{"@id":"https:\/\/servizial.com\/notre-catalogue-mobilier-hotelier-servizial\/#breadcrumb"},"inLanguage":"en-GB","potentialAction":[{"@type":"ReadAction","target":["https:\/\/servizial.com\/notre-catalogue-mobilier-hotelier-servizial\/"]}]},{"@type":"BreadcrumbList","@id":"https:\/\/servizial.com\/notre-catalogue-mobilier-hotelier-servizial\/#breadcrumb","itemListElement":[{"@type":"ListItem","position":1,"name":"Accueil","item":"https:\/\/servizial.com\/"},{"@type":"ListItem","position":2,"name":"Catalogue"}]},{"@type":"WebSite","@id":"https:\/\/servizial.com\/#website","url":"https:\/\/servizial.com\/","name":"Servizial","description":"","publisher":{"@id":"https:\/\/servizial.com\/#organization"},"potentialAction":[{"@type":"SearchAction","target":{"@type":"EntryPoint","urlTemplate":"https:\/\/servizial.com\/?s={search_term_string}"},"query-input":{"@type":"PropertyValueSpecification","valueRequired":true,"valueName":"search_term_string"}}],"inLanguage":"en-GB"},{"@type":"Organization","@id":"https:\/\/servizial.com\/#organization","name":"Servizial","url":"https:\/\/servizial.com\/","logo":{"@type":"ImageObject","inLanguage":"en-GB","@id":"https:\/\/servizial.com\/#\/schema\/logo\/image\/","url":"https:\/\/servizial.com\/wp-content\/uploads\/2024\/12\/image-1.svg","contentUrl":"https:\/\/servizial.com\/wp-content\/uploads\/2024\/12\/image-1.svg","width":300,"height":72,"caption":"Servizial"},"image":{"@id":"https:\/\/servizial.com\/#\/schema\/logo\/image\/"}}]}},"_links":{"self":[{"href":"https:\/\/servizial.com\/en\/wp-json\/wp\/v2\/pages\/191","targetHints":{"allow":["GET"]}}],"collection":[{"href":"https:\/\/servizial.com\/en\/wp-json\/wp\/v2\/pages"}],"about":[{"href":"https:\/\/servizial.com\/en\/wp-json\/wp\/v2\/types\/page"}],"author":[{"embeddable":true,"href":"https:\/\/servizial.com\/en\/wp-json\/wp\/v2\/users\/1"}],"replies":[{"embeddable":true,"href":"https:\/\/servizial.com\/en\/wp-json\/wp\/v2\/comments?post=191"}],"version-history":[{"count":91,"href":"https:\/\/servizial.com\/en\/wp-json\/wp\/v2\/pages\/191\/revisions"}],"predecessor-version":[{"id":4230,"href":"https:\/\/servizial.com\/en\/wp-json\/wp\/v2\/pages\/191\/revisions\/4230"}],"wp:attachment":[{"href":"https:\/\/servizial.com\/en\/wp-json\/wp\/v2\/media?parent=191"}],"curies":[{"name":"wp","href":"https:\/\/api.w.org\/{rel}","templated":true}]}}