{"id":3717,"date":"2024-12-18T11:36:28","date_gmt":"2024-12-18T11:36:28","guid":{"rendered":"https:\/\/optimistic-visvesvaraya.79-137-88-67.plesk.page\/?page_id=3717"},"modified":"2025-12-02T15:12:01","modified_gmt":"2025-12-02T15:12:01","slug":"secteurs-dactivite","status":"publish","type":"page","link":"https:\/\/servizial.com\/en\/secteurs-dactivite\/","title":{"rendered":"Secteurs d&rsquo;activit\u00e9"},"content":{"rendered":"<div data-elementor-type=\"wp-page\" data-elementor-id=\"3717\" class=\"elementor elementor-3717\" data-elementor-post-type=\"page\">\n\t\t\t\t<section class=\"elementor-element elementor-element-a87ddd9 block-hero e-flex e-con-boxed elementor-invisible e-con e-parent\" data-id=\"a87ddd9\" data-element_type=\"container\" data-settings=\"{&quot;animation&quot;:&quot;fadeIn&quot;}\">\n\t\t\t\t\t<div class=\"e-con-inner\">\n\t\t\t\t<div class=\"elementor-element elementor-element-0a7266a elementor-align-left elementor-widget elementor-widget-breadcrumbs\" data-id=\"0a7266a\" data-element_type=\"widget\" data-aos=\"fade-up\" data-aos-duration=\"600\" data-widget_type=\"breadcrumbs.default\">\n\t\t\t\t<div class=\"elementor-widget-container\">\n\t\t\t\t\t<p id=\"breadcrumbs\"><span><span><a href=\"https:\/\/servizial.com\/en\/\">Accueil<\/a><\/span><\/span><\/p>\t\t\t\t<\/div>\n\t\t\t\t<\/div>\n\t\t<div class=\"elementor-element elementor-element-93a0786 e-con-full e-flex e-con e-child\" data-id=\"93a0786\" data-element_type=\"container\" data-settings=\"{&quot;background_background&quot;:&quot;classic&quot;,&quot;background_motion_fx_motion_fx_scrolling&quot;:&quot;yes&quot;,&quot;background_motion_fx_translateY_effect&quot;:&quot;yes&quot;,&quot;background_motion_fx_translateY_direction&quot;:&quot;negative&quot;,&quot;background_motion_fx_translateY_speed&quot;:{&quot;unit&quot;:&quot;px&quot;,&quot;size&quot;:4,&quot;sizes&quot;:[]},&quot;background_motion_fx_translateY_affectedRange&quot;:{&quot;unit&quot;:&quot;%&quot;,&quot;size&quot;:&quot;&quot;,&quot;sizes&quot;:{&quot;start&quot;:0,&quot;end&quot;:100}},&quot;background_motion_fx_devices&quot;:[&quot;desktop&quot;,&quot;tablet&quot;,&quot;mobile&quot;]}\">\n\t\t\t\t<\/div>\n\t\t<div class=\"elementor-element elementor-element-98db580 e-con-full e-flex e-con e-child\" data-id=\"98db580\" data-element_type=\"container\">\n\t\t\t\t<div class=\"elementor-element elementor-element-f79de6d elementor-widget elementor-widget-heading\" data-id=\"f79de6d\" data-element_type=\"widget\" data-aos=\"fade-up\" data-aos-anchor=\".block-hero\" data-aos-delay=\"200\" data-aos-duration=\"600\" data-widget_type=\"heading.default\">\n\t\t\t\t<div class=\"elementor-widget-container\">\n\t\t\t\t\t<h1 class=\"elementor-heading-title elementor-size-default\">Nos secteurs d'activit\u00e9<\/h1>\t\t\t\t<\/div>\n\t\t\t\t<\/div>\n\t\t<div class=\"elementor-element elementor-element-e6cc4e2 e-con-full e-flex e-con e-child\" data-id=\"e6cc4e2\" data-element_type=\"container\" data-aos=\"fade-up\" data-aos-anchor=\".block-hero\" data-aos-delay=\"300\" data-aos-duration=\"600\">\n\t\t\t\t<div class=\"elementor-element elementor-element-b78a134 elementor-align-center elementor-widget elementor-widget-button\" data-id=\"b78a134\" data-element_type=\"widget\" data-widget_type=\"button.default\">\n\t\t\t\t<div class=\"elementor-widget-container\">\n\t\t\t\t\t\t\t\t\t<div class=\"elementor-button-wrapper\">\n\t\t\t\t\t<a class=\"elementor-button elementor-button-link elementor-size-sm\" href=\"https:\/\/servizial.com\/en\/servizial\/\">\n\t\t\t\t\t\t<span class=\"elementor-button-content-wrapper\">\n\t\t\t\t\t\t\t\t\t<span class=\"elementor-button-text\">About us<\/span>\n\t\t\t\t\t<\/span>\n\t\t\t\t\t<\/a>\n\t\t\t\t<\/div>\n\t\t\t\t\t\t\t\t<\/div>\n\t\t\t\t<\/div>\n\t\t\t\t<div class=\"elementor-element elementor-element-b06887c elementor-hidden-mobile elementor-widget elementor-widget-html\" data-id=\"b06887c\" data-element_type=\"widget\" data-widget_type=\"html.default\">\n\t\t\t\t<div class=\"elementor-widget-container\">\n\t\t\t\t\t<span><\/span>\t\t\t\t<\/div>\n\t\t\t\t<\/div>\n\t\t\t\t<div class=\"elementor-element elementor-element-00bcd20 elementor-align-center elementor-widget elementor-widget-button\" data-id=\"00bcd20\" data-element_type=\"widget\" data-widget_type=\"button.default\">\n\t\t\t\t<div class=\"elementor-widget-container\">\n\t\t\t\t\t\t\t\t\t<div class=\"elementor-button-wrapper\">\n\t\t\t\t\t<a class=\"elementor-button elementor-button-link elementor-size-sm\" href=\"https:\/\/servizial.com\/en\/contact\/\">\n\t\t\t\t\t\t<span class=\"elementor-button-content-wrapper\">\n\t\t\t\t\t\t\t\t\t<span class=\"elementor-button-text\">Get an estimate<\/span>\n\t\t\t\t\t<\/span>\n\t\t\t\t\t<\/a>\n\t\t\t\t<\/div>\n\t\t\t\t\t\t\t\t<\/div>\n\t\t\t\t<\/div>\n\t\t\t\t<\/div>\n\t\t\t\t<div class=\"elementor-element elementor-element-2173092 elementor-view-default elementor-widget elementor-widget-icon\" data-id=\"2173092\" data-element_type=\"widget\" data-aos=\"fade-up\" data-aos-anchor=\".block-hero\" data-aos-delay=\"300\" data-aos-duration=\"600\" data-widget_type=\"icon.default\">\n\t\t\t\t<div class=\"elementor-widget-container\">\n\t\t\t\t\t\t\t<div class=\"elementor-icon-wrapper\">\n\t\t\t<div class=\"elementor-icon\">\n\t\t\t<svg xmlns=\"http:\/\/www.w3.org\/2000\/svg\" width=\"24\" height=\"24\" viewbox=\"0 0 24 24\" fill=\"none\"><g id=\"keyboard_arrow_down\"><mask id=\"mask0_4121_1035\" style=\"mask-type:alpha\" maskunits=\"userSpaceOnUse\" x=\"0\" y=\"0\" width=\"24\" height=\"24\"><rect id=\"Bounding box\" width=\"24\" height=\"24\" fill=\"#D9D9D9\"><\/rect><\/mask><g mask=\"url(#mask0_4121_1035)\"><path id=\"keyboard_arrow_down_2\" d=\"M12.0001 15.7078L6.69238 10.4L7.40013 9.69226L12.0001 14.2923L16.6001 9.69226L17.3079 10.4L12.0001 15.7078Z\" fill=\"#1C1B1F\"><\/path><\/g><\/g><\/svg>\t\t\t<\/div>\n\t\t<\/div>\n\t\t\t\t\t\t<\/div>\n\t\t\t\t<\/div>\n\t\t\t\t<\/div>\n\t\t\t\t\t<\/div>\n\t\t\t\t<\/section>\n\t\t<div class=\"elementor-element elementor-element-f76a5ba e-flex e-con-boxed e-con e-parent\" data-id=\"f76a5ba\" data-element_type=\"container\">\n\t\t\t\t\t<div class=\"e-con-inner\">\n\t\t\t\t<div class=\"elementor-element elementor-element-5cffbc4 elementor-widget elementor-widget-shortcode\" data-id=\"5cffbc4\" data-element_type=\"widget\" data-widget_type=\"shortcode.default\">\n\t\t\t\t<div class=\"elementor-widget-container\">\n\t\t\t\t\t<div class=\"shortcode-list-villes column\"><div class=\"letter-list-wrapper\"><div class=\"letter\">A<\/div><h2 class=\"city\"><a href=\"https:\/\/servizial.com\/en\/category\/actualite\/\">Actualit\u00e9<\/a><\/h2><\/div><div class=\"letter-list-wrapper\"><div class=\"letter\">Z<\/div><h2 class=\"city\"><a href=\"https:\/\/servizial.com\/en\/category\/zones-d-intervention\/\">Zones d'intervention<\/a><\/h2><\/div>\t\t<div class=\"elementor-shortcode\"><\/div>\n\t\t\t\t\t\t<\/div>\n\t\t\t\t<\/div>\n\t\t\t\t\t<\/div>\n\t\t\t\t<\/div>\n\t\t\t\t<\/div>","protected":false},"excerpt":{"rendered":"<p>Nos secteurs d&rsquo;activit\u00e9 \u00c0 propos de nous Recevez un devis<\/p>","protected":false},"author":1,"featured_media":0,"parent":0,"menu_order":0,"comment_status":"closed","ping_status":"closed","template":"","meta":{"_acf_changed":false,"inline_featured_image":false,"footnotes":""},"class_list":["post-3717","page","type-page","status-publish","hentry"],"acf":[],"yoast_head":"<!-- This site is optimized with the Yoast SEO plugin v26.6 - https:\/\/yoast.com\/wordpress\/plugins\/seo\/ -->\n<title>Mobilier sur mesure pour h\u00f4tellerie et restauration<\/title>\n<meta name=\"description\" content=\"Servizial propose des solutions de mobilier sur mesure adapt\u00e9es aux besoins sp\u00e9cifiques des secteurs de l&#039;h\u00f4tellerie et de la restauration.\" \/>\n<meta name=\"robots\" content=\"index, follow, max-snippet:-1, max-image-preview:large, max-video-preview:-1\" \/>\n<link rel=\"canonical\" href=\"https:\/\/servizial.com\/en\/secteurs-dactivite\/\" \/>\n<meta property=\"og:locale\" content=\"en_GB\" \/>\n<meta property=\"og:type\" content=\"article\" \/>\n<meta property=\"og:title\" content=\"Mobilier sur mesure pour h\u00f4tellerie et restauration\" \/>\n<meta property=\"og:description\" content=\"Servizial propose des solutions de mobilier sur mesure adapt\u00e9es aux besoins sp\u00e9cifiques des secteurs de l&#039;h\u00f4tellerie et de la restauration.\" \/>\n<meta property=\"og:url\" content=\"https:\/\/servizial.com\/en\/secteurs-dactivite\/\" \/>\n<meta property=\"og:site_name\" content=\"Servizial\" \/>\n<meta property=\"article:modified_time\" content=\"2025-12-02T15:12:01+00:00\" \/>\n<meta name=\"twitter:card\" content=\"summary_large_image\" \/>\n<meta name=\"twitter:label1\" content=\"Estimated reading time\" \/>\n\t<meta name=\"twitter:data1\" content=\"1 minute\" \/>\n<script type=\"application\/ld+json\" class=\"yoast-schema-graph\">{\"@context\":\"https:\/\/schema.org\",\"@graph\":[{\"@type\":\"WebPage\",\"@id\":\"https:\/\/servizial.com\/secteurs-dactivite\/\",\"url\":\"https:\/\/servizial.com\/secteurs-dactivite\/\",\"name\":\"Mobilier sur mesure pour h\u00f4tellerie et restauration\",\"isPartOf\":{\"@id\":\"https:\/\/servizial.com\/#website\"},\"datePublished\":\"2024-12-18T11:36:28+00:00\",\"dateModified\":\"2025-12-02T15:12:01+00:00\",\"description\":\"Servizial propose des solutions de mobilier sur mesure adapt\u00e9es aux besoins sp\u00e9cifiques des secteurs de l'h\u00f4tellerie et de la restauration.\",\"breadcrumb\":{\"@id\":\"https:\/\/servizial.com\/secteurs-dactivite\/#breadcrumb\"},\"inLanguage\":\"en-GB\",\"potentialAction\":[{\"@type\":\"ReadAction\",\"target\":[\"https:\/\/servizial.com\/secteurs-dactivite\/\"]}]},{\"@type\":\"BreadcrumbList\",\"@id\":\"https:\/\/servizial.com\/secteurs-dactivite\/#breadcrumb\",\"itemListElement\":[{\"@type\":\"ListItem\",\"position\":1,\"name\":\"Accueil\",\"item\":\"https:\/\/servizial.com\/\"},{\"@type\":\"ListItem\",\"position\":2,\"name\":\"Secteurs d&rsquo;activit\u00e9\"}]},{\"@type\":\"WebSite\",\"@id\":\"https:\/\/servizial.com\/#website\",\"url\":\"https:\/\/servizial.com\/\",\"name\":\"Servizial\",\"description\":\"\",\"publisher\":{\"@id\":\"https:\/\/servizial.com\/#organization\"},\"potentialAction\":[{\"@type\":\"SearchAction\",\"target\":{\"@type\":\"EntryPoint\",\"urlTemplate\":\"https:\/\/servizial.com\/?s={search_term_string}\"},\"query-input\":{\"@type\":\"PropertyValueSpecification\",\"valueRequired\":true,\"valueName\":\"search_term_string\"}}],\"inLanguage\":\"en-GB\"},{\"@type\":\"Organization\",\"@id\":\"https:\/\/servizial.com\/#organization\",\"name\":\"Servizial\",\"url\":\"https:\/\/servizial.com\/\",\"logo\":{\"@type\":\"ImageObject\",\"inLanguage\":\"en-GB\",\"@id\":\"https:\/\/servizial.com\/#\/schema\/logo\/image\/\",\"url\":\"https:\/\/servizial.com\/wp-content\/uploads\/2024\/12\/image-1.svg\",\"contentUrl\":\"https:\/\/servizial.com\/wp-content\/uploads\/2024\/12\/image-1.svg\",\"width\":300,\"height\":72,\"caption\":\"Servizial\"},\"image\":{\"@id\":\"https:\/\/servizial.com\/#\/schema\/logo\/image\/\"}}]}<\/script>\n<!-- \/ Yoast SEO plugin. -->","yoast_head_json":{"title":"Mobilier sur mesure pour h\u00f4tellerie et restauration","description":"Servizial propose des solutions de mobilier sur mesure adapt\u00e9es aux besoins sp\u00e9cifiques des secteurs de l'h\u00f4tellerie et de la restauration.","robots":{"index":"index","follow":"follow","max-snippet":"max-snippet:-1","max-image-preview":"max-image-preview:large","max-video-preview":"max-video-preview:-1"},"canonical":"https:\/\/servizial.com\/en\/secteurs-dactivite\/","og_locale":"en_GB","og_type":"article","og_title":"Mobilier sur mesure pour h\u00f4tellerie et restauration","og_description":"Servizial propose des solutions de mobilier sur mesure adapt\u00e9es aux besoins sp\u00e9cifiques des secteurs de l'h\u00f4tellerie et de la restauration.","og_url":"https:\/\/servizial.com\/en\/secteurs-dactivite\/","og_site_name":"Servizial","article_modified_time":"2025-12-02T15:12:01+00:00","twitter_card":"summary_large_image","twitter_misc":{"Estimated reading time":"1 minute"},"schema":{"@context":"https:\/\/schema.org","@graph":[{"@type":"WebPage","@id":"https:\/\/servizial.com\/secteurs-dactivite\/","url":"https:\/\/servizial.com\/secteurs-dactivite\/","name":"Mobilier sur mesure pour h\u00f4tellerie et restauration","isPartOf":{"@id":"https:\/\/servizial.com\/#website"},"datePublished":"2024-12-18T11:36:28+00:00","dateModified":"2025-12-02T15:12:01+00:00","description":"Servizial propose des solutions de mobilier sur mesure adapt\u00e9es aux besoins sp\u00e9cifiques des secteurs de l'h\u00f4tellerie et de la restauration.","breadcrumb":{"@id":"https:\/\/servizial.com\/secteurs-dactivite\/#breadcrumb"},"inLanguage":"en-GB","potentialAction":[{"@type":"ReadAction","target":["https:\/\/servizial.com\/secteurs-dactivite\/"]}]},{"@type":"BreadcrumbList","@id":"https:\/\/servizial.com\/secteurs-dactivite\/#breadcrumb","itemListElement":[{"@type":"ListItem","position":1,"name":"Accueil","item":"https:\/\/servizial.com\/"},{"@type":"ListItem","position":2,"name":"Secteurs d&rsquo;activit\u00e9"}]},{"@type":"WebSite","@id":"https:\/\/servizial.com\/#website","url":"https:\/\/servizial.com\/","name":"Servizial","description":"","publisher":{"@id":"https:\/\/servizial.com\/#organization"},"potentialAction":[{"@type":"SearchAction","target":{"@type":"EntryPoint","urlTemplate":"https:\/\/servizial.com\/?s={search_term_string}"},"query-input":{"@type":"PropertyValueSpecification","valueRequired":true,"valueName":"search_term_string"}}],"inLanguage":"en-GB"},{"@type":"Organization","@id":"https:\/\/servizial.com\/#organization","name":"Servizial","url":"https:\/\/servizial.com\/","logo":{"@type":"ImageObject","inLanguage":"en-GB","@id":"https:\/\/servizial.com\/#\/schema\/logo\/image\/","url":"https:\/\/servizial.com\/wp-content\/uploads\/2024\/12\/image-1.svg","contentUrl":"https:\/\/servizial.com\/wp-content\/uploads\/2024\/12\/image-1.svg","width":300,"height":72,"caption":"Servizial"},"image":{"@id":"https:\/\/servizial.com\/#\/schema\/logo\/image\/"}}]}},"_links":{"self":[{"href":"https:\/\/servizial.com\/en\/wp-json\/wp\/v2\/pages\/3717","targetHints":{"allow":["GET"]}}],"collection":[{"href":"https:\/\/servizial.com\/en\/wp-json\/wp\/v2\/pages"}],"about":[{"href":"https:\/\/servizial.com\/en\/wp-json\/wp\/v2\/types\/page"}],"author":[{"embeddable":true,"href":"https:\/\/servizial.com\/en\/wp-json\/wp\/v2\/users\/1"}],"replies":[{"embeddable":true,"href":"https:\/\/servizial.com\/en\/wp-json\/wp\/v2\/comments?post=3717"}],"version-history":[{"count":43,"href":"https:\/\/servizial.com\/en\/wp-json\/wp\/v2\/pages\/3717\/revisions"}],"predecessor-version":[{"id":3991,"href":"https:\/\/servizial.com\/en\/wp-json\/wp\/v2\/pages\/3717\/revisions\/3991"}],"wp:attachment":[{"href":"https:\/\/servizial.com\/en\/wp-json\/wp\/v2\/media?parent=3717"}],"curies":[{"name":"wp","href":"https:\/\/api.w.org\/{rel}","templated":true}]}}