{"id":2365,"date":"2024-12-12T09:34:46","date_gmt":"2024-12-12T09:34:46","guid":{"rendered":"https:\/\/optimistic-visvesvaraya.79-137-88-67.plesk.page\/index.php\/produit\/15-nodules-eutectiques\/"},"modified":"2024-12-12T13:48:50","modified_gmt":"2024-12-12T13:48:50","slug":"15-nodules-eutectiques","status":"publish","type":"product","link":"https:\/\/servizial.com\/en\/15-nodules-eutectiques\/","title":{"rendered":"15 eutectic nodules"},"content":{"rendered":"<p>15 Eutectic nodes -15\u00b0C to maintain temperature (cold) and extend food shelf life.<\/p>","protected":false},"excerpt":{"rendered":"<p>15 Eutectic nodes -15\u00b0C to maintain temperature (cold) and extend food shelf life.<\/p>","protected":false},"featured_media":2367,"template":"","meta":{"_acf_changed":false,"inline_featured_image":false},"product_brand":[],"product_cat":[29],"product_tag":[],"class_list":{"0":"post-2365","1":"product","2":"type-product","3":"status-publish","4":"has-post-thumbnail","6":"product_cat-tables-refrigerees-eutectiques","8":"first","9":"instock","10":"product-type-simple"},"acf":[],"yoast_head":"<!-- This site is optimized with the Yoast SEO plugin v26.6 - https:\/\/yoast.com\/wordpress\/plugins\/seo\/ -->\n<title>15 nodules eutectiques - Servizial<\/title>\n<meta name=\"robots\" content=\"index, follow, max-snippet:-1, max-image-preview:large, max-video-preview:-1\" \/>\n<link rel=\"canonical\" href=\"https:\/\/servizial.com\/en\/15-nodules-eutectiques\/\" \/>\n<meta property=\"og:locale\" content=\"en_GB\" \/>\n<meta property=\"og:type\" content=\"article\" \/>\n<meta property=\"og:title\" content=\"15 nodules eutectiques - Servizial\" \/>\n<meta property=\"og:description\" content=\"15 Nodules eutectiques -15\u00b0C pour maintenir la temp\u00e9rature (froid) et prolonger la dur\u00e9e conservation des aliments.\" \/>\n<meta property=\"og:url\" content=\"https:\/\/servizial.com\/en\/15-nodules-eutectiques\/\" \/>\n<meta property=\"og:site_name\" content=\"Servizial\" \/>\n<meta property=\"article:modified_time\" content=\"2024-12-12T13:48:50+00:00\" \/>\n<meta property=\"og:image\" content=\"https:\/\/servizial.com\/wp-content\/uploads\/2024\/12\/1555402904S51909-PHO.jpg\" \/>\n\t<meta property=\"og:image:width\" content=\"827\" \/>\n\t<meta property=\"og:image:height\" content=\"553\" \/>\n\t<meta property=\"og:image:type\" content=\"image\/jpeg\" \/>\n<meta name=\"twitter:card\" content=\"summary_large_image\" \/>\n<script type=\"application\/ld+json\" class=\"yoast-schema-graph\">{\"@context\":\"https:\/\/schema.org\",\"@graph\":[{\"@type\":\"WebPage\",\"@id\":\"https:\/\/servizial.com\/en\/15-nodules-eutectiques\/\",\"url\":\"https:\/\/servizial.com\/en\/15-nodules-eutectiques\/\",\"name\":\"15 nodules eutectiques - Servizial\",\"isPartOf\":{\"@id\":\"https:\/\/servizial.com\/#website\"},\"primaryImageOfPage\":{\"@id\":\"https:\/\/servizial.com\/en\/15-nodules-eutectiques\/#primaryimage\"},\"image\":{\"@id\":\"https:\/\/servizial.com\/en\/15-nodules-eutectiques\/#primaryimage\"},\"thumbnailUrl\":\"https:\/\/servizial.com\/wp-content\/uploads\/2024\/12\/1555402904S51909-PHO.jpg\",\"datePublished\":\"2024-12-12T09:34:46+00:00\",\"dateModified\":\"2024-12-12T13:48:50+00:00\",\"breadcrumb\":{\"@id\":\"https:\/\/servizial.com\/en\/15-nodules-eutectiques\/#breadcrumb\"},\"inLanguage\":\"en-GB\",\"potentialAction\":[{\"@type\":\"ReadAction\",\"target\":[\"https:\/\/servizial.com\/en\/15-nodules-eutectiques\/\"]}]},{\"@type\":\"ImageObject\",\"inLanguage\":\"en-GB\",\"@id\":\"https:\/\/servizial.com\/en\/15-nodules-eutectiques\/#primaryimage\",\"url\":\"https:\/\/servizial.com\/wp-content\/uploads\/2024\/12\/1555402904S51909-PHO.jpg\",\"contentUrl\":\"https:\/\/servizial.com\/wp-content\/uploads\/2024\/12\/1555402904S51909-PHO.jpg\",\"width\":827,\"height\":553},{\"@type\":\"BreadcrumbList\",\"@id\":\"https:\/\/servizial.com\/en\/15-nodules-eutectiques\/#breadcrumb\",\"itemListElement\":[{\"@type\":\"ListItem\",\"position\":1,\"name\":\"Accueil\",\"item\":\"https:\/\/servizial.com\/\"},{\"@type\":\"ListItem\",\"position\":2,\"name\":\"Produits\",\"item\":\"https:\/\/servizial.com\/shop\/\"},{\"@type\":\"ListItem\",\"position\":3,\"name\":\"Tables roulantes\",\"item\":\"https:\/\/servizial.com\/en\/tables-roulantes\/\"},{\"@type\":\"ListItem\",\"position\":4,\"name\":\"Tables r\u00e9frig\u00e9r\u00e9es eutectiques\",\"item\":\"https:\/\/servizial.com\/tables-refrigerees-eutectiques\/\"},{\"@type\":\"ListItem\",\"position\":5,\"name\":\"15 nodules eutectiques\"}]},{\"@type\":\"WebSite\",\"@id\":\"https:\/\/servizial.com\/#website\",\"url\":\"https:\/\/servizial.com\/\",\"name\":\"Servizial\",\"description\":\"\",\"publisher\":{\"@id\":\"https:\/\/servizial.com\/#organization\"},\"potentialAction\":[{\"@type\":\"SearchAction\",\"target\":{\"@type\":\"EntryPoint\",\"urlTemplate\":\"https:\/\/servizial.com\/?s={search_term_string}\"},\"query-input\":{\"@type\":\"PropertyValueSpecification\",\"valueRequired\":true,\"valueName\":\"search_term_string\"}}],\"inLanguage\":\"en-GB\"},{\"@type\":\"Organization\",\"@id\":\"https:\/\/servizial.com\/#organization\",\"name\":\"Servizial\",\"url\":\"https:\/\/servizial.com\/\",\"logo\":{\"@type\":\"ImageObject\",\"inLanguage\":\"en-GB\",\"@id\":\"https:\/\/servizial.com\/#\/schema\/logo\/image\/\",\"url\":\"https:\/\/servizial.com\/wp-content\/uploads\/2024\/12\/image-1.svg\",\"contentUrl\":\"https:\/\/servizial.com\/wp-content\/uploads\/2024\/12\/image-1.svg\",\"width\":300,\"height\":72,\"caption\":\"Servizial\"},\"image\":{\"@id\":\"https:\/\/servizial.com\/#\/schema\/logo\/image\/\"}}]}<\/script>\n<!-- \/ Yoast SEO plugin. -->","yoast_head_json":{"title":"15 nodules eutectiques - Servizial","robots":{"index":"index","follow":"follow","max-snippet":"max-snippet:-1","max-image-preview":"max-image-preview:large","max-video-preview":"max-video-preview:-1"},"canonical":"https:\/\/servizial.com\/en\/15-nodules-eutectiques\/","og_locale":"en_GB","og_type":"article","og_title":"15 nodules eutectiques - Servizial","og_description":"15 Nodules eutectiques -15\u00b0C pour maintenir la temp\u00e9rature (froid) et prolonger la dur\u00e9e conservation des aliments.","og_url":"https:\/\/servizial.com\/en\/15-nodules-eutectiques\/","og_site_name":"Servizial","article_modified_time":"2024-12-12T13:48:50+00:00","og_image":[{"width":827,"height":553,"url":"https:\/\/servizial.com\/wp-content\/uploads\/2024\/12\/1555402904S51909-PHO.jpg","type":"image\/jpeg"}],"twitter_card":"summary_large_image","schema":{"@context":"https:\/\/schema.org","@graph":[{"@type":"WebPage","@id":"https:\/\/servizial.com\/en\/15-nodules-eutectiques\/","url":"https:\/\/servizial.com\/en\/15-nodules-eutectiques\/","name":"15 nodules eutectiques - Servizial","isPartOf":{"@id":"https:\/\/servizial.com\/#website"},"primaryImageOfPage":{"@id":"https:\/\/servizial.com\/en\/15-nodules-eutectiques\/#primaryimage"},"image":{"@id":"https:\/\/servizial.com\/en\/15-nodules-eutectiques\/#primaryimage"},"thumbnailUrl":"https:\/\/servizial.com\/wp-content\/uploads\/2024\/12\/1555402904S51909-PHO.jpg","datePublished":"2024-12-12T09:34:46+00:00","dateModified":"2024-12-12T13:48:50+00:00","breadcrumb":{"@id":"https:\/\/servizial.com\/en\/15-nodules-eutectiques\/#breadcrumb"},"inLanguage":"en-GB","potentialAction":[{"@type":"ReadAction","target":["https:\/\/servizial.com\/en\/15-nodules-eutectiques\/"]}]},{"@type":"ImageObject","inLanguage":"en-GB","@id":"https:\/\/servizial.com\/en\/15-nodules-eutectiques\/#primaryimage","url":"https:\/\/servizial.com\/wp-content\/uploads\/2024\/12\/1555402904S51909-PHO.jpg","contentUrl":"https:\/\/servizial.com\/wp-content\/uploads\/2024\/12\/1555402904S51909-PHO.jpg","width":827,"height":553},{"@type":"BreadcrumbList","@id":"https:\/\/servizial.com\/en\/15-nodules-eutectiques\/#breadcrumb","itemListElement":[{"@type":"ListItem","position":1,"name":"Accueil","item":"https:\/\/servizial.com\/"},{"@type":"ListItem","position":2,"name":"Produits","item":"https:\/\/servizial.com\/shop\/"},{"@type":"ListItem","position":3,"name":"Tables roulantes","item":"https:\/\/servizial.com\/en\/tables-roulantes\/"},{"@type":"ListItem","position":4,"name":"Tables r\u00e9frig\u00e9r\u00e9es eutectiques","item":"https:\/\/servizial.com\/tables-refrigerees-eutectiques\/"},{"@type":"ListItem","position":5,"name":"15 nodules eutectiques"}]},{"@type":"WebSite","@id":"https:\/\/servizial.com\/#website","url":"https:\/\/servizial.com\/","name":"Servizial","description":"","publisher":{"@id":"https:\/\/servizial.com\/#organization"},"potentialAction":[{"@type":"SearchAction","target":{"@type":"EntryPoint","urlTemplate":"https:\/\/servizial.com\/?s={search_term_string}"},"query-input":{"@type":"PropertyValueSpecification","valueRequired":true,"valueName":"search_term_string"}}],"inLanguage":"en-GB"},{"@type":"Organization","@id":"https:\/\/servizial.com\/#organization","name":"Servizial","url":"https:\/\/servizial.com\/","logo":{"@type":"ImageObject","inLanguage":"en-GB","@id":"https:\/\/servizial.com\/#\/schema\/logo\/image\/","url":"https:\/\/servizial.com\/wp-content\/uploads\/2024\/12\/image-1.svg","contentUrl":"https:\/\/servizial.com\/wp-content\/uploads\/2024\/12\/image-1.svg","width":300,"height":72,"caption":"Servizial"},"image":{"@id":"https:\/\/servizial.com\/#\/schema\/logo\/image\/"}}]}},"_links":{"self":[{"href":"https:\/\/servizial.com\/en\/wp-json\/wp\/v2\/product\/2365","targetHints":{"allow":["GET"]}}],"collection":[{"href":"https:\/\/servizial.com\/en\/wp-json\/wp\/v2\/product"}],"about":[{"href":"https:\/\/servizial.com\/en\/wp-json\/wp\/v2\/types\/product"}],"version-history":[{"count":1,"href":"https:\/\/servizial.com\/en\/wp-json\/wp\/v2\/product\/2365\/revisions"}],"predecessor-version":[{"id":2366,"href":"https:\/\/servizial.com\/en\/wp-json\/wp\/v2\/product\/2365\/revisions\/2366"}],"wp:featuredmedia":[{"embeddable":true,"href":"https:\/\/servizial.com\/en\/wp-json\/wp\/v2\/media\/2367"}],"wp:attachment":[{"href":"https:\/\/servizial.com\/en\/wp-json\/wp\/v2\/media?parent=2365"}],"wp:term":[{"taxonomy":"product_brand","embeddable":true,"href":"https:\/\/servizial.com\/en\/wp-json\/wp\/v2\/product_brand?post=2365"},{"taxonomy":"product_cat","embeddable":true,"href":"https:\/\/servizial.com\/en\/wp-json\/wp\/v2\/product_cat?post=2365"},{"taxonomy":"product_tag","embeddable":true,"href":"https:\/\/servizial.com\/en\/wp-json\/wp\/v2\/product_tag?post=2365"}],"curies":[{"name":"wp","href":"https:\/\/api.w.org\/{rel}","templated":true}]}}