{"id":2373,"date":"2024-12-12T09:34:46","date_gmt":"2024-12-12T09:34:46","guid":{"rendered":"https:\/\/optimistic-visvesvaraya.79-137-88-67.plesk.page\/index.php\/produit\/buffet-de-presentation-neutre-kaloma-petit-modele\/"},"modified":"2024-12-12T13:48:50","modified_gmt":"2024-12-12T13:48:50","slug":"buffet-de-presentation-neutre-kaloma-petit-modele","status":"publish","type":"product","link":"https:\/\/servizial.com\/en\/buffet-de-presentation-neutre-kaloma-petit-modele\/","title":{"rendered":"KALOMA neutral presentation buffet, small model"},"content":{"rendered":"<p>Modular neutral display sideboard, small model, in particleboard (agglo + wood veneer).\n\nDouble-coat polyurethane varnish.\n\nColumns and accessories in polished solid brass.\n\n. 4 castors, diameter 100 mm\n\n. 6 mm thick translucent Plexiglas sneeze guard.\n\n. 6 colors available at no extra charge: rustic, mahogany, natural, rosewood, white, black.\n\nHeight with sneeze guard: 1520 mm.<\/p>\n<p> Vernis double couche polyur\u00e9thane.<\/p>\n<p> Colonnes et accessoires en laiton massif poli.<\/p>\n<p>  . 4 roulettes diam\u00e8tre 100 mm<\/p>\n<p> . Pare-haleine en plexi translucide \u00e9paisseur 6 mm.<\/p>\n<p>  . 6 teintes disponibles sans suppl\u00e9ment : rustique, acajou, naturel, palissandre, blanc, noir.<\/p>\n<p> Hauteur avec pare-haleine : 1520 mm.<\/p>","protected":false},"excerpt":{"rendered":"<p>Buffet de pr\u00e9sentation neutre modulable petit mod\u00e8le, en panneau de particules (agglo + placage bois) Vernis double couche polyur\u00e9thane. Colonnes et accessoires en laiton massif poli. . 4 roulettes diam\u00e8tre 100 mm . Pare-haleine en plexi translucide \u00e9paisseur 6 mm. . 6 teintes disponibles sans suppl\u00e9ment : rustique, acajou, naturel, palissandre, blanc, noir. Hauteur avec [&hellip;]<\/p>","protected":false},"featured_media":2375,"template":"","meta":{"_acf_changed":false,"inline_featured_image":false},"product_brand":[],"product_cat":[30],"product_tag":[],"class_list":{"0":"post-2373","1":"product","2":"type-product","3":"status-publish","4":"has-post-thumbnail","6":"product_cat-classiques","8":"first","9":"instock","10":"product-type-simple"},"acf":[],"yoast_head":"<!-- This site is optimized with the Yoast SEO plugin v26.6 - https:\/\/yoast.com\/wordpress\/plugins\/seo\/ -->\n<title>Buffet de pr\u00e9sentation neutre KALOMA petit mod\u00e8le - Servizial<\/title>\n<meta name=\"robots\" content=\"index, follow, max-snippet:-1, max-image-preview:large, max-video-preview:-1\" \/>\n<link rel=\"canonical\" href=\"https:\/\/servizial.com\/en\/buffet-de-presentation-neutre-kaloma-petit-modele\/\" \/>\n<meta property=\"og:locale\" content=\"en_GB\" \/>\n<meta property=\"og:type\" content=\"article\" \/>\n<meta property=\"og:title\" content=\"Buffet de pr\u00e9sentation neutre KALOMA petit mod\u00e8le - Servizial\" \/>\n<meta property=\"og:description\" content=\"Buffet de pr\u00e9sentation neutre modulable petit mod\u00e8le, en panneau de particules (agglo + placage bois) Vernis double couche polyur\u00e9thane. Colonnes et accessoires en laiton massif poli. . 4 roulettes diam\u00e8tre 100 mm . Pare-haleine en plexi translucide \u00e9paisseur 6 mm. . 6 teintes disponibles sans suppl\u00e9ment : rustique, acajou, naturel, palissandre, blanc, noir. Hauteur avec [&hellip;]\" \/>\n<meta property=\"og:url\" content=\"https:\/\/servizial.com\/en\/buffet-de-presentation-neutre-kaloma-petit-modele\/\" \/>\n<meta property=\"og:site_name\" content=\"Servizial\" \/>\n<meta property=\"article:modified_time\" content=\"2024-12-12T13:48:50+00:00\" \/>\n<meta property=\"og:image\" content=\"https:\/\/servizial.com\/wp-content\/uploads\/2024\/12\/1539785160Buffets-KALOMA.jpg\" \/>\n\t<meta property=\"og:image:width\" content=\"280\" \/>\n\t<meta property=\"og:image:height\" content=\"380\" \/>\n\t<meta property=\"og:image:type\" content=\"image\/jpeg\" \/>\n<meta name=\"twitter:card\" content=\"summary_large_image\" \/>\n<script type=\"application\/ld+json\" class=\"yoast-schema-graph\">{\"@context\":\"https:\/\/schema.org\",\"@graph\":[{\"@type\":\"WebPage\",\"@id\":\"https:\/\/servizial.com\/en\/buffet-de-presentation-neutre-kaloma-petit-modele\/\",\"url\":\"https:\/\/servizial.com\/en\/buffet-de-presentation-neutre-kaloma-petit-modele\/\",\"name\":\"Buffet de pr\u00e9sentation neutre KALOMA petit mod\u00e8le - Servizial\",\"isPartOf\":{\"@id\":\"https:\/\/servizial.com\/#website\"},\"primaryImageOfPage\":{\"@id\":\"https:\/\/servizial.com\/en\/buffet-de-presentation-neutre-kaloma-petit-modele\/#primaryimage\"},\"image\":{\"@id\":\"https:\/\/servizial.com\/en\/buffet-de-presentation-neutre-kaloma-petit-modele\/#primaryimage\"},\"thumbnailUrl\":\"https:\/\/servizial.com\/wp-content\/uploads\/2024\/12\/1539785160Buffets-KALOMA.jpg\",\"datePublished\":\"2024-12-12T09:34:46+00:00\",\"dateModified\":\"2024-12-12T13:48:50+00:00\",\"breadcrumb\":{\"@id\":\"https:\/\/servizial.com\/en\/buffet-de-presentation-neutre-kaloma-petit-modele\/#breadcrumb\"},\"inLanguage\":\"en-GB\",\"potentialAction\":[{\"@type\":\"ReadAction\",\"target\":[\"https:\/\/servizial.com\/en\/buffet-de-presentation-neutre-kaloma-petit-modele\/\"]}]},{\"@type\":\"ImageObject\",\"inLanguage\":\"en-GB\",\"@id\":\"https:\/\/servizial.com\/en\/buffet-de-presentation-neutre-kaloma-petit-modele\/#primaryimage\",\"url\":\"https:\/\/servizial.com\/wp-content\/uploads\/2024\/12\/1539785160Buffets-KALOMA.jpg\",\"contentUrl\":\"https:\/\/servizial.com\/wp-content\/uploads\/2024\/12\/1539785160Buffets-KALOMA.jpg\",\"width\":280,\"height\":380},{\"@type\":\"BreadcrumbList\",\"@id\":\"https:\/\/servizial.com\/en\/buffet-de-presentation-neutre-kaloma-petit-modele\/#breadcrumb\",\"itemListElement\":[{\"@type\":\"ListItem\",\"position\":1,\"name\":\"Accueil\",\"item\":\"https:\/\/servizial.com\/\"},{\"@type\":\"ListItem\",\"position\":2,\"name\":\"Produits\",\"item\":\"https:\/\/servizial.com\/shop\/\"},{\"@type\":\"ListItem\",\"position\":3,\"name\":\"Buffet de pr\u00e9sentation\",\"item\":\"https:\/\/servizial.com\/en\/buffet-self-service\/\"},{\"@type\":\"ListItem\",\"position\":4,\"name\":\"Classiques\",\"item\":\"https:\/\/servizial.com\/en\/classiques\/\"},{\"@type\":\"ListItem\",\"position\":5,\"name\":\"Buffet de pr\u00e9sentation neutre KALOMA petit mod\u00e8le\"}]},{\"@type\":\"WebSite\",\"@id\":\"https:\/\/servizial.com\/#website\",\"url\":\"https:\/\/servizial.com\/\",\"name\":\"Servizial\",\"description\":\"\",\"publisher\":{\"@id\":\"https:\/\/servizial.com\/#organization\"},\"potentialAction\":[{\"@type\":\"SearchAction\",\"target\":{\"@type\":\"EntryPoint\",\"urlTemplate\":\"https:\/\/servizial.com\/?s={search_term_string}\"},\"query-input\":{\"@type\":\"PropertyValueSpecification\",\"valueRequired\":true,\"valueName\":\"search_term_string\"}}],\"inLanguage\":\"en-GB\"},{\"@type\":\"Organization\",\"@id\":\"https:\/\/servizial.com\/#organization\",\"name\":\"Servizial\",\"url\":\"https:\/\/servizial.com\/\",\"logo\":{\"@type\":\"ImageObject\",\"inLanguage\":\"en-GB\",\"@id\":\"https:\/\/servizial.com\/#\/schema\/logo\/image\/\",\"url\":\"https:\/\/servizial.com\/wp-content\/uploads\/2024\/12\/image-1.svg\",\"contentUrl\":\"https:\/\/servizial.com\/wp-content\/uploads\/2024\/12\/image-1.svg\",\"width\":300,\"height\":72,\"caption\":\"Servizial\"},\"image\":{\"@id\":\"https:\/\/servizial.com\/#\/schema\/logo\/image\/\"}}]}<\/script>\n<!-- \/ Yoast SEO plugin. -->","yoast_head_json":{"title":"Buffet de pr\u00e9sentation neutre KALOMA petit mod\u00e8le - Servizial","robots":{"index":"index","follow":"follow","max-snippet":"max-snippet:-1","max-image-preview":"max-image-preview:large","max-video-preview":"max-video-preview:-1"},"canonical":"https:\/\/servizial.com\/en\/buffet-de-presentation-neutre-kaloma-petit-modele\/","og_locale":"en_GB","og_type":"article","og_title":"Buffet de pr\u00e9sentation neutre KALOMA petit mod\u00e8le - Servizial","og_description":"Buffet de pr\u00e9sentation neutre modulable petit mod\u00e8le, en panneau de particules (agglo + placage bois) Vernis double couche polyur\u00e9thane. Colonnes et accessoires en laiton massif poli. . 4 roulettes diam\u00e8tre 100 mm . Pare-haleine en plexi translucide \u00e9paisseur 6 mm. . 6 teintes disponibles sans suppl\u00e9ment : rustique, acajou, naturel, palissandre, blanc, noir. Hauteur avec [&hellip;]","og_url":"https:\/\/servizial.com\/en\/buffet-de-presentation-neutre-kaloma-petit-modele\/","og_site_name":"Servizial","article_modified_time":"2024-12-12T13:48:50+00:00","og_image":[{"width":280,"height":380,"url":"https:\/\/servizial.com\/wp-content\/uploads\/2024\/12\/1539785160Buffets-KALOMA.jpg","type":"image\/jpeg"}],"twitter_card":"summary_large_image","schema":{"@context":"https:\/\/schema.org","@graph":[{"@type":"WebPage","@id":"https:\/\/servizial.com\/en\/buffet-de-presentation-neutre-kaloma-petit-modele\/","url":"https:\/\/servizial.com\/en\/buffet-de-presentation-neutre-kaloma-petit-modele\/","name":"Buffet de pr\u00e9sentation neutre KALOMA petit mod\u00e8le - Servizial","isPartOf":{"@id":"https:\/\/servizial.com\/#website"},"primaryImageOfPage":{"@id":"https:\/\/servizial.com\/en\/buffet-de-presentation-neutre-kaloma-petit-modele\/#primaryimage"},"image":{"@id":"https:\/\/servizial.com\/en\/buffet-de-presentation-neutre-kaloma-petit-modele\/#primaryimage"},"thumbnailUrl":"https:\/\/servizial.com\/wp-content\/uploads\/2024\/12\/1539785160Buffets-KALOMA.jpg","datePublished":"2024-12-12T09:34:46+00:00","dateModified":"2024-12-12T13:48:50+00:00","breadcrumb":{"@id":"https:\/\/servizial.com\/en\/buffet-de-presentation-neutre-kaloma-petit-modele\/#breadcrumb"},"inLanguage":"en-GB","potentialAction":[{"@type":"ReadAction","target":["https:\/\/servizial.com\/en\/buffet-de-presentation-neutre-kaloma-petit-modele\/"]}]},{"@type":"ImageObject","inLanguage":"en-GB","@id":"https:\/\/servizial.com\/en\/buffet-de-presentation-neutre-kaloma-petit-modele\/#primaryimage","url":"https:\/\/servizial.com\/wp-content\/uploads\/2024\/12\/1539785160Buffets-KALOMA.jpg","contentUrl":"https:\/\/servizial.com\/wp-content\/uploads\/2024\/12\/1539785160Buffets-KALOMA.jpg","width":280,"height":380},{"@type":"BreadcrumbList","@id":"https:\/\/servizial.com\/en\/buffet-de-presentation-neutre-kaloma-petit-modele\/#breadcrumb","itemListElement":[{"@type":"ListItem","position":1,"name":"Accueil","item":"https:\/\/servizial.com\/"},{"@type":"ListItem","position":2,"name":"Produits","item":"https:\/\/servizial.com\/shop\/"},{"@type":"ListItem","position":3,"name":"Buffet de pr\u00e9sentation","item":"https:\/\/servizial.com\/en\/buffet-self-service\/"},{"@type":"ListItem","position":4,"name":"Classiques","item":"https:\/\/servizial.com\/en\/classiques\/"},{"@type":"ListItem","position":5,"name":"Buffet de pr\u00e9sentation neutre KALOMA petit mod\u00e8le"}]},{"@type":"WebSite","@id":"https:\/\/servizial.com\/#website","url":"https:\/\/servizial.com\/","name":"Servizial","description":"","publisher":{"@id":"https:\/\/servizial.com\/#organization"},"potentialAction":[{"@type":"SearchAction","target":{"@type":"EntryPoint","urlTemplate":"https:\/\/servizial.com\/?s={search_term_string}"},"query-input":{"@type":"PropertyValueSpecification","valueRequired":true,"valueName":"search_term_string"}}],"inLanguage":"en-GB"},{"@type":"Organization","@id":"https:\/\/servizial.com\/#organization","name":"Servizial","url":"https:\/\/servizial.com\/","logo":{"@type":"ImageObject","inLanguage":"en-GB","@id":"https:\/\/servizial.com\/#\/schema\/logo\/image\/","url":"https:\/\/servizial.com\/wp-content\/uploads\/2024\/12\/image-1.svg","contentUrl":"https:\/\/servizial.com\/wp-content\/uploads\/2024\/12\/image-1.svg","width":300,"height":72,"caption":"Servizial"},"image":{"@id":"https:\/\/servizial.com\/#\/schema\/logo\/image\/"}}]}},"_links":{"self":[{"href":"https:\/\/servizial.com\/en\/wp-json\/wp\/v2\/product\/2373","targetHints":{"allow":["GET"]}}],"collection":[{"href":"https:\/\/servizial.com\/en\/wp-json\/wp\/v2\/product"}],"about":[{"href":"https:\/\/servizial.com\/en\/wp-json\/wp\/v2\/types\/product"}],"version-history":[{"count":1,"href":"https:\/\/servizial.com\/en\/wp-json\/wp\/v2\/product\/2373\/revisions"}],"predecessor-version":[{"id":2374,"href":"https:\/\/servizial.com\/en\/wp-json\/wp\/v2\/product\/2373\/revisions\/2374"}],"wp:featuredmedia":[{"embeddable":true,"href":"https:\/\/servizial.com\/en\/wp-json\/wp\/v2\/media\/2375"}],"wp:attachment":[{"href":"https:\/\/servizial.com\/en\/wp-json\/wp\/v2\/media?parent=2373"}],"wp:term":[{"taxonomy":"product_brand","embeddable":true,"href":"https:\/\/servizial.com\/en\/wp-json\/wp\/v2\/product_brand?post=2373"},{"taxonomy":"product_cat","embeddable":true,"href":"https:\/\/servizial.com\/en\/wp-json\/wp\/v2\/product_cat?post=2373"},{"taxonomy":"product_tag","embeddable":true,"href":"https:\/\/servizial.com\/en\/wp-json\/wp\/v2\/product_tag?post=2373"}],"curies":[{"name":"wp","href":"https:\/\/api.w.org\/{rel}","templated":true}]}}