{"id":2383,"date":"2024-12-12T09:34:46","date_gmt":"2024-12-12T09:34:46","guid":{"rendered":"https:\/\/optimistic-visvesvaraya.79-137-88-67.plesk.page\/index.php\/produit\/buffet-de-presentation-refrigere-par-compresseur-kaloma-700-avec-miroir\/"},"modified":"2024-12-12T13:48:50","modified_gmt":"2024-12-12T13:48:50","slug":"buffet-de-presentation-refrigere-par-compresseur-kaloma-700-avec-miroir","status":"publish","type":"product","link":"https:\/\/servizial.com\/en\/buffet-de-presentation-refrigere-par-compresseur-kaloma-700-avec-miroir\/","title":{"rendered":"KALOMA 700 compressor-cooled display cabinet with mirror"},"content":{"rendered":"<p>Large compressor-cooled display sideboard\nWood veneer structure.\n\n. 4 castors.\n\n. 2 doors + 1 shelf.\n\n. Inclined mirror + shelf top.\n\n. Interior lighting.\n\n. Stainless steel bowl for 4 GN 1\/1 containers, 100 mm deep.\n\nWorktop height: 1520 mm.<br \/>\nStructure en placage bois.<\/p>\n<p> . 4 roulettes.<\/p>\n<p> . 2 portes + 1 \u00e9tag\u00e8re.<\/p>\n<p> . Miroir inclin\u00e9 + dessus \u00e9tag\u00e8re.<\/p>\n<p> . Eclairage int\u00e9rieur.<\/p>\n<p> . Cuve inox pour 4 bacs GN 1\/1 profondeur 100 mm.<\/p>\n<p> Hauteur plan de travail : 1520 mm.<\/p>","protected":false},"excerpt":{"rendered":"<p>Buffet de pr\u00e9sentation r\u00e9frig\u00e9r\u00e9 par compresseur grand mod\u00e8le Structure en placage bois. . 4 roulettes. . 2 portes + 1 \u00e9tag\u00e8re. . Miroir inclin\u00e9 + dessus \u00e9tag\u00e8re. . Eclairage int\u00e9rieur. . Cuve inox pour 4 bacs GN 1\/1 profondeur 100 mm. Hauteur plan de travail : 1520 mm.<\/p>","protected":false},"featured_media":2385,"template":"","meta":{"_acf_changed":false,"inline_featured_image":false},"product_brand":[],"product_cat":[31],"product_tag":[],"class_list":{"0":"post-2383","1":"product","2":"type-product","3":"status-publish","4":"has-post-thumbnail","6":"product_cat-refrigeres","8":"first","9":"instock","10":"product-type-simple"},"acf":[],"yoast_head":"<!-- This site is optimized with the Yoast SEO plugin v26.6 - https:\/\/yoast.com\/wordpress\/plugins\/seo\/ -->\n<title>Buffet de pr\u00e9sentation r\u00e9frig\u00e9r\u00e9 par compresseur KALOMA 700 avec miroir - Servizial<\/title>\n<meta name=\"robots\" content=\"index, follow, max-snippet:-1, max-image-preview:large, max-video-preview:-1\" \/>\n<link rel=\"canonical\" href=\"https:\/\/servizial.com\/en\/buffet-de-presentation-refrigere-par-compresseur-kaloma-700-avec-miroir\/\" \/>\n<meta property=\"og:locale\" content=\"en_GB\" \/>\n<meta property=\"og:type\" content=\"article\" \/>\n<meta property=\"og:title\" content=\"Buffet de pr\u00e9sentation r\u00e9frig\u00e9r\u00e9 par compresseur KALOMA 700 avec miroir - Servizial\" \/>\n<meta property=\"og:description\" content=\"Buffet de pr\u00e9sentation r\u00e9frig\u00e9r\u00e9 par compresseur grand mod\u00e8le Structure en placage bois. . 4 roulettes. . 2 portes + 1 \u00e9tag\u00e8re. . Miroir inclin\u00e9 + dessus \u00e9tag\u00e8re. . Eclairage int\u00e9rieur. . Cuve inox pour 4 bacs GN 1\/1 profondeur 100 mm. Hauteur plan de travail : 1520 mm.\" \/>\n<meta property=\"og:url\" content=\"https:\/\/servizial.com\/en\/buffet-de-presentation-refrigere-par-compresseur-kaloma-700-avec-miroir\/\" \/>\n<meta property=\"og:site_name\" content=\"Servizial\" \/>\n<meta property=\"article:modified_time\" content=\"2024-12-12T13:48:50+00:00\" \/>\n<meta property=\"og:image\" content=\"https:\/\/servizial.com\/wp-content\/uploads\/2024\/12\/1601982532Buffet-refrigere-Kaloma-700-AVEC-MIROIR.jpg\" \/>\n\t<meta property=\"og:image:width\" content=\"800\" \/>\n\t<meta property=\"og:image:height\" content=\"751\" \/>\n\t<meta property=\"og:image:type\" content=\"image\/jpeg\" \/>\n<meta name=\"twitter:card\" content=\"summary_large_image\" \/>\n<script type=\"application\/ld+json\" class=\"yoast-schema-graph\">{\"@context\":\"https:\/\/schema.org\",\"@graph\":[{\"@type\":\"WebPage\",\"@id\":\"https:\/\/servizial.com\/buffet-de-presentation-refrigere-par-compresseur-kaloma-700-avec-miroir\/\",\"url\":\"https:\/\/servizial.com\/buffet-de-presentation-refrigere-par-compresseur-kaloma-700-avec-miroir\/\",\"name\":\"Buffet de pr\u00e9sentation r\u00e9frig\u00e9r\u00e9 par compresseur KALOMA 700 avec miroir - Servizial\",\"isPartOf\":{\"@id\":\"https:\/\/servizial.com\/#website\"},\"primaryImageOfPage\":{\"@id\":\"https:\/\/servizial.com\/buffet-de-presentation-refrigere-par-compresseur-kaloma-700-avec-miroir\/#primaryimage\"},\"image\":{\"@id\":\"https:\/\/servizial.com\/buffet-de-presentation-refrigere-par-compresseur-kaloma-700-avec-miroir\/#primaryimage\"},\"thumbnailUrl\":\"https:\/\/servizial.com\/wp-content\/uploads\/2024\/12\/1601982532Buffet-refrigere-Kaloma-700-AVEC-MIROIR.jpg\",\"datePublished\":\"2024-12-12T09:34:46+00:00\",\"dateModified\":\"2024-12-12T13:48:50+00:00\",\"breadcrumb\":{\"@id\":\"https:\/\/servizial.com\/buffet-de-presentation-refrigere-par-compresseur-kaloma-700-avec-miroir\/#breadcrumb\"},\"inLanguage\":\"en-GB\",\"potentialAction\":[{\"@type\":\"ReadAction\",\"target\":[\"https:\/\/servizial.com\/buffet-de-presentation-refrigere-par-compresseur-kaloma-700-avec-miroir\/\"]}]},{\"@type\":\"ImageObject\",\"inLanguage\":\"en-GB\",\"@id\":\"https:\/\/servizial.com\/buffet-de-presentation-refrigere-par-compresseur-kaloma-700-avec-miroir\/#primaryimage\",\"url\":\"https:\/\/servizial.com\/wp-content\/uploads\/2024\/12\/1601982532Buffet-refrigere-Kaloma-700-AVEC-MIROIR.jpg\",\"contentUrl\":\"https:\/\/servizial.com\/wp-content\/uploads\/2024\/12\/1601982532Buffet-refrigere-Kaloma-700-AVEC-MIROIR.jpg\",\"width\":800,\"height\":751},{\"@type\":\"BreadcrumbList\",\"@id\":\"https:\/\/servizial.com\/buffet-de-presentation-refrigere-par-compresseur-kaloma-700-avec-miroir\/#breadcrumb\",\"itemListElement\":[{\"@type\":\"ListItem\",\"position\":1,\"name\":\"Accueil\",\"item\":\"https:\/\/servizial.com\/\"},{\"@type\":\"ListItem\",\"position\":2,\"name\":\"Produits\",\"item\":\"https:\/\/servizial.com\/shop\/\"},{\"@type\":\"ListItem\",\"position\":3,\"name\":\"Buffet de pr\u00e9sentation\",\"item\":\"https:\/\/servizial.com\/en\/buffet-self-service\/\"},{\"@type\":\"ListItem\",\"position\":4,\"name\":\"R\u00e9frig\u00e9r\u00e9s\",\"item\":\"https:\/\/servizial.com\/refrigeres\/\"},{\"@type\":\"ListItem\",\"position\":5,\"name\":\"Buffet de pr\u00e9sentation r\u00e9frig\u00e9r\u00e9 par compresseur KALOMA 700 avec miroir\"}]},{\"@type\":\"WebSite\",\"@id\":\"https:\/\/servizial.com\/#website\",\"url\":\"https:\/\/servizial.com\/\",\"name\":\"Servizial\",\"description\":\"\",\"publisher\":{\"@id\":\"https:\/\/servizial.com\/#organization\"},\"potentialAction\":[{\"@type\":\"SearchAction\",\"target\":{\"@type\":\"EntryPoint\",\"urlTemplate\":\"https:\/\/servizial.com\/?s={search_term_string}\"},\"query-input\":{\"@type\":\"PropertyValueSpecification\",\"valueRequired\":true,\"valueName\":\"search_term_string\"}}],\"inLanguage\":\"en-GB\"},{\"@type\":\"Organization\",\"@id\":\"https:\/\/servizial.com\/#organization\",\"name\":\"Servizial\",\"url\":\"https:\/\/servizial.com\/\",\"logo\":{\"@type\":\"ImageObject\",\"inLanguage\":\"en-GB\",\"@id\":\"https:\/\/servizial.com\/#\/schema\/logo\/image\/\",\"url\":\"https:\/\/servizial.com\/wp-content\/uploads\/2024\/12\/image-1.svg\",\"contentUrl\":\"https:\/\/servizial.com\/wp-content\/uploads\/2024\/12\/image-1.svg\",\"width\":300,\"height\":72,\"caption\":\"Servizial\"},\"image\":{\"@id\":\"https:\/\/servizial.com\/#\/schema\/logo\/image\/\"}}]}<\/script>\n<!-- \/ Yoast SEO plugin. -->","yoast_head_json":{"title":"Buffet de pr\u00e9sentation r\u00e9frig\u00e9r\u00e9 par compresseur KALOMA 700 avec miroir - Servizial","robots":{"index":"index","follow":"follow","max-snippet":"max-snippet:-1","max-image-preview":"max-image-preview:large","max-video-preview":"max-video-preview:-1"},"canonical":"https:\/\/servizial.com\/en\/buffet-de-presentation-refrigere-par-compresseur-kaloma-700-avec-miroir\/","og_locale":"en_GB","og_type":"article","og_title":"Buffet de pr\u00e9sentation r\u00e9frig\u00e9r\u00e9 par compresseur KALOMA 700 avec miroir - Servizial","og_description":"Buffet de pr\u00e9sentation r\u00e9frig\u00e9r\u00e9 par compresseur grand mod\u00e8le Structure en placage bois. . 4 roulettes. . 2 portes + 1 \u00e9tag\u00e8re. . Miroir inclin\u00e9 + dessus \u00e9tag\u00e8re. . Eclairage int\u00e9rieur. . Cuve inox pour 4 bacs GN 1\/1 profondeur 100 mm. Hauteur plan de travail : 1520 mm.","og_url":"https:\/\/servizial.com\/en\/buffet-de-presentation-refrigere-par-compresseur-kaloma-700-avec-miroir\/","og_site_name":"Servizial","article_modified_time":"2024-12-12T13:48:50+00:00","og_image":[{"width":800,"height":751,"url":"https:\/\/servizial.com\/wp-content\/uploads\/2024\/12\/1601982532Buffet-refrigere-Kaloma-700-AVEC-MIROIR.jpg","type":"image\/jpeg"}],"twitter_card":"summary_large_image","schema":{"@context":"https:\/\/schema.org","@graph":[{"@type":"WebPage","@id":"https:\/\/servizial.com\/buffet-de-presentation-refrigere-par-compresseur-kaloma-700-avec-miroir\/","url":"https:\/\/servizial.com\/buffet-de-presentation-refrigere-par-compresseur-kaloma-700-avec-miroir\/","name":"Buffet de pr\u00e9sentation r\u00e9frig\u00e9r\u00e9 par compresseur KALOMA 700 avec miroir - Servizial","isPartOf":{"@id":"https:\/\/servizial.com\/#website"},"primaryImageOfPage":{"@id":"https:\/\/servizial.com\/buffet-de-presentation-refrigere-par-compresseur-kaloma-700-avec-miroir\/#primaryimage"},"image":{"@id":"https:\/\/servizial.com\/buffet-de-presentation-refrigere-par-compresseur-kaloma-700-avec-miroir\/#primaryimage"},"thumbnailUrl":"https:\/\/servizial.com\/wp-content\/uploads\/2024\/12\/1601982532Buffet-refrigere-Kaloma-700-AVEC-MIROIR.jpg","datePublished":"2024-12-12T09:34:46+00:00","dateModified":"2024-12-12T13:48:50+00:00","breadcrumb":{"@id":"https:\/\/servizial.com\/buffet-de-presentation-refrigere-par-compresseur-kaloma-700-avec-miroir\/#breadcrumb"},"inLanguage":"en-GB","potentialAction":[{"@type":"ReadAction","target":["https:\/\/servizial.com\/buffet-de-presentation-refrigere-par-compresseur-kaloma-700-avec-miroir\/"]}]},{"@type":"ImageObject","inLanguage":"en-GB","@id":"https:\/\/servizial.com\/buffet-de-presentation-refrigere-par-compresseur-kaloma-700-avec-miroir\/#primaryimage","url":"https:\/\/servizial.com\/wp-content\/uploads\/2024\/12\/1601982532Buffet-refrigere-Kaloma-700-AVEC-MIROIR.jpg","contentUrl":"https:\/\/servizial.com\/wp-content\/uploads\/2024\/12\/1601982532Buffet-refrigere-Kaloma-700-AVEC-MIROIR.jpg","width":800,"height":751},{"@type":"BreadcrumbList","@id":"https:\/\/servizial.com\/buffet-de-presentation-refrigere-par-compresseur-kaloma-700-avec-miroir\/#breadcrumb","itemListElement":[{"@type":"ListItem","position":1,"name":"Accueil","item":"https:\/\/servizial.com\/"},{"@type":"ListItem","position":2,"name":"Produits","item":"https:\/\/servizial.com\/shop\/"},{"@type":"ListItem","position":3,"name":"Buffet de pr\u00e9sentation","item":"https:\/\/servizial.com\/en\/buffet-self-service\/"},{"@type":"ListItem","position":4,"name":"R\u00e9frig\u00e9r\u00e9s","item":"https:\/\/servizial.com\/refrigeres\/"},{"@type":"ListItem","position":5,"name":"Buffet de pr\u00e9sentation r\u00e9frig\u00e9r\u00e9 par compresseur KALOMA 700 avec miroir"}]},{"@type":"WebSite","@id":"https:\/\/servizial.com\/#website","url":"https:\/\/servizial.com\/","name":"Servizial","description":"","publisher":{"@id":"https:\/\/servizial.com\/#organization"},"potentialAction":[{"@type":"SearchAction","target":{"@type":"EntryPoint","urlTemplate":"https:\/\/servizial.com\/?s={search_term_string}"},"query-input":{"@type":"PropertyValueSpecification","valueRequired":true,"valueName":"search_term_string"}}],"inLanguage":"en-GB"},{"@type":"Organization","@id":"https:\/\/servizial.com\/#organization","name":"Servizial","url":"https:\/\/servizial.com\/","logo":{"@type":"ImageObject","inLanguage":"en-GB","@id":"https:\/\/servizial.com\/#\/schema\/logo\/image\/","url":"https:\/\/servizial.com\/wp-content\/uploads\/2024\/12\/image-1.svg","contentUrl":"https:\/\/servizial.com\/wp-content\/uploads\/2024\/12\/image-1.svg","width":300,"height":72,"caption":"Servizial"},"image":{"@id":"https:\/\/servizial.com\/#\/schema\/logo\/image\/"}}]}},"_links":{"self":[{"href":"https:\/\/servizial.com\/en\/wp-json\/wp\/v2\/product\/2383","targetHints":{"allow":["GET"]}}],"collection":[{"href":"https:\/\/servizial.com\/en\/wp-json\/wp\/v2\/product"}],"about":[{"href":"https:\/\/servizial.com\/en\/wp-json\/wp\/v2\/types\/product"}],"version-history":[{"count":1,"href":"https:\/\/servizial.com\/en\/wp-json\/wp\/v2\/product\/2383\/revisions"}],"predecessor-version":[{"id":2384,"href":"https:\/\/servizial.com\/en\/wp-json\/wp\/v2\/product\/2383\/revisions\/2384"}],"wp:featuredmedia":[{"embeddable":true,"href":"https:\/\/servizial.com\/en\/wp-json\/wp\/v2\/media\/2385"}],"wp:attachment":[{"href":"https:\/\/servizial.com\/en\/wp-json\/wp\/v2\/media?parent=2383"}],"wp:term":[{"taxonomy":"product_brand","embeddable":true,"href":"https:\/\/servizial.com\/en\/wp-json\/wp\/v2\/product_brand?post=2383"},{"taxonomy":"product_cat","embeddable":true,"href":"https:\/\/servizial.com\/en\/wp-json\/wp\/v2\/product_cat?post=2383"},{"taxonomy":"product_tag","embeddable":true,"href":"https:\/\/servizial.com\/en\/wp-json\/wp\/v2\/product_tag?post=2383"}],"curies":[{"name":"wp","href":"https:\/\/api.w.org\/{rel}","templated":true}]}}