{"id":2462,"date":"2024-12-12T09:34:59","date_gmt":"2024-12-12T09:34:59","guid":{"rendered":"https:\/\/optimistic-visvesvaraya.79-137-88-67.plesk.page\/index.php\/produit\/meuble-a-poubelle\/"},"modified":"2024-12-12T13:48:53","modified_gmt":"2024-12-12T13:48:53","slug":"meuble-a-poubelle","status":"publish","type":"product","link":"https:\/\/servizial.com\/en\/meuble-a-poubelle\/","title":{"rendered":"Garbage cabinet"},"content":{"rendered":"<p>Garbage cabinet<br \/>\nVarnished wood veneer structure.\n\nChoice of stain.\n\n. 4 castors, 2 with brakes\n\n. 1 up-and-over door\n\n. 1 garbage can access door\n\n. 1 inner garbage can\n\nSatin-finish profile on front edges. <\/p>\n<p> Choice of color.<\/p>\n<p> . 4 roulettes dont 2 avec frein<\/p>\n<p> . 1 porte basculante<\/p>\n<p> . 1 porte acc\u00e8s poubelle<\/p>\n<p> . 1 poubelle int\u00e9rieure<\/p>\n<p> Profil\u00e9 satin\u00e9 sur les chants avants.<\/p>","protected":false},"excerpt":{"rendered":"<p>Meuble \u00e0 poubelle Structure placage bois vernis. Teinte au choix. . 4 roulettes dont 2 avec frein . 1 porte basculante . 1 porte acc\u00e8s poubelle . 1 poubelle int\u00e9rieure Profil\u00e9 satin\u00e9 sur les chants avants.<\/p>","protected":false},"featured_media":2464,"template":"","meta":{"_acf_changed":false,"inline_featured_image":false},"product_brand":[],"product_cat":[36],"product_tag":[],"class_list":{"0":"post-2462","1":"product","2":"type-product","3":"status-publish","4":"has-post-thumbnail","6":"product_cat-pour-la-reception","8":"first","9":"instock","10":"product-type-simple"},"acf":[],"yoast_head":"<!-- This site is optimized with the Yoast SEO plugin v26.6 - https:\/\/yoast.com\/wordpress\/plugins\/seo\/ -->\n<title>Meuble \u00e0 poubelle - Servizial<\/title>\n<meta name=\"robots\" content=\"index, follow, max-snippet:-1, max-image-preview:large, max-video-preview:-1\" \/>\n<link rel=\"canonical\" href=\"https:\/\/servizial.com\/en\/meuble-a-poubelle\/\" \/>\n<meta property=\"og:locale\" content=\"en_GB\" \/>\n<meta property=\"og:type\" content=\"article\" \/>\n<meta property=\"og:title\" content=\"Meuble \u00e0 poubelle - Servizial\" \/>\n<meta property=\"og:description\" content=\"Meuble \u00e0 poubelle Structure placage bois vernis. Teinte au choix. . 4 roulettes dont 2 avec frein . 1 porte basculante . 1 porte acc\u00e8s poubelle . 1 poubelle int\u00e9rieure Profil\u00e9 satin\u00e9 sur les chants avants.\" \/>\n<meta property=\"og:url\" content=\"https:\/\/servizial.com\/en\/meuble-a-poubelle\/\" \/>\n<meta property=\"og:site_name\" content=\"Servizial\" \/>\n<meta property=\"article:modified_time\" content=\"2024-12-12T13:48:53+00:00\" \/>\n<meta property=\"og:image\" content=\"https:\/\/servizial.com\/wp-content\/uploads\/2024\/12\/16019805361015.jpg\" \/>\n\t<meta property=\"og:image:width\" content=\"800\" \/>\n\t<meta property=\"og:image:height\" content=\"922\" \/>\n\t<meta property=\"og:image:type\" content=\"image\/jpeg\" \/>\n<meta name=\"twitter:card\" content=\"summary_large_image\" \/>\n<script type=\"application\/ld+json\" class=\"yoast-schema-graph\">{\"@context\":\"https:\/\/schema.org\",\"@graph\":[{\"@type\":\"WebPage\",\"@id\":\"https:\/\/servizial.com\/en\/meuble-a-poubelle\/\",\"url\":\"https:\/\/servizial.com\/en\/meuble-a-poubelle\/\",\"name\":\"Meuble \u00e0 poubelle - Servizial\",\"isPartOf\":{\"@id\":\"https:\/\/servizial.com\/#website\"},\"primaryImageOfPage\":{\"@id\":\"https:\/\/servizial.com\/en\/meuble-a-poubelle\/#primaryimage\"},\"image\":{\"@id\":\"https:\/\/servizial.com\/en\/meuble-a-poubelle\/#primaryimage\"},\"thumbnailUrl\":\"https:\/\/servizial.com\/wp-content\/uploads\/2024\/12\/16019805361015.jpg\",\"datePublished\":\"2024-12-12T09:34:59+00:00\",\"dateModified\":\"2024-12-12T13:48:53+00:00\",\"breadcrumb\":{\"@id\":\"https:\/\/servizial.com\/en\/meuble-a-poubelle\/#breadcrumb\"},\"inLanguage\":\"en-GB\",\"potentialAction\":[{\"@type\":\"ReadAction\",\"target\":[\"https:\/\/servizial.com\/en\/meuble-a-poubelle\/\"]}]},{\"@type\":\"ImageObject\",\"inLanguage\":\"en-GB\",\"@id\":\"https:\/\/servizial.com\/en\/meuble-a-poubelle\/#primaryimage\",\"url\":\"https:\/\/servizial.com\/wp-content\/uploads\/2024\/12\/16019805361015.jpg\",\"contentUrl\":\"https:\/\/servizial.com\/wp-content\/uploads\/2024\/12\/16019805361015.jpg\",\"width\":800,\"height\":922},{\"@type\":\"BreadcrumbList\",\"@id\":\"https:\/\/servizial.com\/en\/meuble-a-poubelle\/#breadcrumb\",\"itemListElement\":[{\"@type\":\"ListItem\",\"position\":1,\"name\":\"Accueil\",\"item\":\"https:\/\/servizial.com\/\"},{\"@type\":\"ListItem\",\"position\":2,\"name\":\"Produits\",\"item\":\"https:\/\/servizial.com\/shop\/\"},{\"@type\":\"ListItem\",\"position\":3,\"name\":\"Le mobilier\",\"item\":\"https:\/\/servizial.com\/le-mobilier\/\"},{\"@type\":\"ListItem\",\"position\":4,\"name\":\"Pour la r\u00e9ception\",\"item\":\"https:\/\/servizial.com\/pour-la-reception\/\"},{\"@type\":\"ListItem\",\"position\":5,\"name\":\"Meuble \u00e0 poubelle\"}]},{\"@type\":\"WebSite\",\"@id\":\"https:\/\/servizial.com\/#website\",\"url\":\"https:\/\/servizial.com\/\",\"name\":\"Servizial\",\"description\":\"\",\"publisher\":{\"@id\":\"https:\/\/servizial.com\/#organization\"},\"potentialAction\":[{\"@type\":\"SearchAction\",\"target\":{\"@type\":\"EntryPoint\",\"urlTemplate\":\"https:\/\/servizial.com\/?s={search_term_string}\"},\"query-input\":{\"@type\":\"PropertyValueSpecification\",\"valueRequired\":true,\"valueName\":\"search_term_string\"}}],\"inLanguage\":\"en-GB\"},{\"@type\":\"Organization\",\"@id\":\"https:\/\/servizial.com\/#organization\",\"name\":\"Servizial\",\"url\":\"https:\/\/servizial.com\/\",\"logo\":{\"@type\":\"ImageObject\",\"inLanguage\":\"en-GB\",\"@id\":\"https:\/\/servizial.com\/#\/schema\/logo\/image\/\",\"url\":\"https:\/\/servizial.com\/wp-content\/uploads\/2024\/12\/image-1.svg\",\"contentUrl\":\"https:\/\/servizial.com\/wp-content\/uploads\/2024\/12\/image-1.svg\",\"width\":300,\"height\":72,\"caption\":\"Servizial\"},\"image\":{\"@id\":\"https:\/\/servizial.com\/#\/schema\/logo\/image\/\"}}]}<\/script>\n<!-- \/ Yoast SEO plugin. -->","yoast_head_json":{"title":"Meuble \u00e0 poubelle - Servizial","robots":{"index":"index","follow":"follow","max-snippet":"max-snippet:-1","max-image-preview":"max-image-preview:large","max-video-preview":"max-video-preview:-1"},"canonical":"https:\/\/servizial.com\/en\/meuble-a-poubelle\/","og_locale":"en_GB","og_type":"article","og_title":"Meuble \u00e0 poubelle - Servizial","og_description":"Meuble \u00e0 poubelle Structure placage bois vernis. Teinte au choix. . 4 roulettes dont 2 avec frein . 1 porte basculante . 1 porte acc\u00e8s poubelle . 1 poubelle int\u00e9rieure Profil\u00e9 satin\u00e9 sur les chants avants.","og_url":"https:\/\/servizial.com\/en\/meuble-a-poubelle\/","og_site_name":"Servizial","article_modified_time":"2024-12-12T13:48:53+00:00","og_image":[{"width":800,"height":922,"url":"https:\/\/servizial.com\/wp-content\/uploads\/2024\/12\/16019805361015.jpg","type":"image\/jpeg"}],"twitter_card":"summary_large_image","schema":{"@context":"https:\/\/schema.org","@graph":[{"@type":"WebPage","@id":"https:\/\/servizial.com\/en\/meuble-a-poubelle\/","url":"https:\/\/servizial.com\/en\/meuble-a-poubelle\/","name":"Meuble \u00e0 poubelle - Servizial","isPartOf":{"@id":"https:\/\/servizial.com\/#website"},"primaryImageOfPage":{"@id":"https:\/\/servizial.com\/en\/meuble-a-poubelle\/#primaryimage"},"image":{"@id":"https:\/\/servizial.com\/en\/meuble-a-poubelle\/#primaryimage"},"thumbnailUrl":"https:\/\/servizial.com\/wp-content\/uploads\/2024\/12\/16019805361015.jpg","datePublished":"2024-12-12T09:34:59+00:00","dateModified":"2024-12-12T13:48:53+00:00","breadcrumb":{"@id":"https:\/\/servizial.com\/en\/meuble-a-poubelle\/#breadcrumb"},"inLanguage":"en-GB","potentialAction":[{"@type":"ReadAction","target":["https:\/\/servizial.com\/en\/meuble-a-poubelle\/"]}]},{"@type":"ImageObject","inLanguage":"en-GB","@id":"https:\/\/servizial.com\/en\/meuble-a-poubelle\/#primaryimage","url":"https:\/\/servizial.com\/wp-content\/uploads\/2024\/12\/16019805361015.jpg","contentUrl":"https:\/\/servizial.com\/wp-content\/uploads\/2024\/12\/16019805361015.jpg","width":800,"height":922},{"@type":"BreadcrumbList","@id":"https:\/\/servizial.com\/en\/meuble-a-poubelle\/#breadcrumb","itemListElement":[{"@type":"ListItem","position":1,"name":"Accueil","item":"https:\/\/servizial.com\/"},{"@type":"ListItem","position":2,"name":"Produits","item":"https:\/\/servizial.com\/shop\/"},{"@type":"ListItem","position":3,"name":"Le mobilier","item":"https:\/\/servizial.com\/le-mobilier\/"},{"@type":"ListItem","position":4,"name":"Pour la r\u00e9ception","item":"https:\/\/servizial.com\/pour-la-reception\/"},{"@type":"ListItem","position":5,"name":"Meuble \u00e0 poubelle"}]},{"@type":"WebSite","@id":"https:\/\/servizial.com\/#website","url":"https:\/\/servizial.com\/","name":"Servizial","description":"","publisher":{"@id":"https:\/\/servizial.com\/#organization"},"potentialAction":[{"@type":"SearchAction","target":{"@type":"EntryPoint","urlTemplate":"https:\/\/servizial.com\/?s={search_term_string}"},"query-input":{"@type":"PropertyValueSpecification","valueRequired":true,"valueName":"search_term_string"}}],"inLanguage":"en-GB"},{"@type":"Organization","@id":"https:\/\/servizial.com\/#organization","name":"Servizial","url":"https:\/\/servizial.com\/","logo":{"@type":"ImageObject","inLanguage":"en-GB","@id":"https:\/\/servizial.com\/#\/schema\/logo\/image\/","url":"https:\/\/servizial.com\/wp-content\/uploads\/2024\/12\/image-1.svg","contentUrl":"https:\/\/servizial.com\/wp-content\/uploads\/2024\/12\/image-1.svg","width":300,"height":72,"caption":"Servizial"},"image":{"@id":"https:\/\/servizial.com\/#\/schema\/logo\/image\/"}}]}},"_links":{"self":[{"href":"https:\/\/servizial.com\/en\/wp-json\/wp\/v2\/product\/2462","targetHints":{"allow":["GET"]}}],"collection":[{"href":"https:\/\/servizial.com\/en\/wp-json\/wp\/v2\/product"}],"about":[{"href":"https:\/\/servizial.com\/en\/wp-json\/wp\/v2\/types\/product"}],"version-history":[{"count":1,"href":"https:\/\/servizial.com\/en\/wp-json\/wp\/v2\/product\/2462\/revisions"}],"predecessor-version":[{"id":2463,"href":"https:\/\/servizial.com\/en\/wp-json\/wp\/v2\/product\/2462\/revisions\/2463"}],"wp:featuredmedia":[{"embeddable":true,"href":"https:\/\/servizial.com\/en\/wp-json\/wp\/v2\/media\/2464"}],"wp:attachment":[{"href":"https:\/\/servizial.com\/en\/wp-json\/wp\/v2\/media?parent=2462"}],"wp:term":[{"taxonomy":"product_brand","embeddable":true,"href":"https:\/\/servizial.com\/en\/wp-json\/wp\/v2\/product_brand?post=2462"},{"taxonomy":"product_cat","embeddable":true,"href":"https:\/\/servizial.com\/en\/wp-json\/wp\/v2\/product_cat?post=2462"},{"taxonomy":"product_tag","embeddable":true,"href":"https:\/\/servizial.com\/en\/wp-json\/wp\/v2\/product_tag?post=2462"}],"curies":[{"name":"wp","href":"https:\/\/api.w.org\/{rel}","templated":true}]}}