{"id":2511,"date":"2024-12-12T09:35:08","date_gmt":"2024-12-12T09:35:08","guid":{"rendered":"https:\/\/optimistic-visvesvaraya.79-137-88-67.plesk.page\/index.php\/produit\/pot-eutectique-argente\/"},"modified":"2024-12-12T13:48:56","modified_gmt":"2024-12-12T13:48:56","slug":"pot-eutectique-argente","status":"publish","type":"product","link":"https:\/\/servizial.com\/en\/pot-eutectique-argente\/","title":{"rendered":"Silver eutectic pot"},"content":{"rendered":"<p>Silver eutectic pot.<\/p>","protected":false},"excerpt":{"rendered":"<p>Silver eutectic pot.<\/p>","protected":false},"featured_media":2513,"template":"","meta":{"_acf_changed":false,"inline_featured_image":false},"product_brand":[],"product_cat":[29],"product_tag":[],"class_list":{"0":"post-2511","1":"product","2":"type-product","3":"status-publish","4":"has-post-thumbnail","6":"product_cat-tables-refrigerees-eutectiques","8":"first","9":"instock","10":"product-type-simple"},"acf":[],"yoast_head":"<!-- This site is optimized with the Yoast SEO plugin v26.6 - https:\/\/yoast.com\/wordpress\/plugins\/seo\/ -->\n<title>Pot eutectique argent\u00e9 - Servizial<\/title>\n<meta name=\"robots\" content=\"index, follow, max-snippet:-1, max-image-preview:large, max-video-preview:-1\" \/>\n<link rel=\"canonical\" href=\"https:\/\/servizial.com\/en\/pot-eutectique-argente\/\" \/>\n<meta property=\"og:locale\" content=\"en_GB\" \/>\n<meta property=\"og:type\" content=\"article\" \/>\n<meta property=\"og:title\" content=\"Pot eutectique argent\u00e9 - Servizial\" \/>\n<meta property=\"og:description\" content=\"Pot eutectique argent\u00e9.\" \/>\n<meta property=\"og:url\" content=\"https:\/\/servizial.com\/en\/pot-eutectique-argente\/\" \/>\n<meta property=\"og:site_name\" content=\"Servizial\" \/>\n<meta property=\"article:modified_time\" content=\"2024-12-12T13:48:56+00:00\" \/>\n<meta property=\"og:image\" content=\"https:\/\/servizial.com\/wp-content\/uploads\/2024\/12\/1555402937S51910-PHO.jpg\" \/>\n\t<meta property=\"og:image:width\" content=\"586\" \/>\n\t<meta property=\"og:image:height\" content=\"704\" \/>\n\t<meta property=\"og:image:type\" content=\"image\/jpeg\" \/>\n<meta name=\"twitter:card\" content=\"summary_large_image\" \/>\n<script type=\"application\/ld+json\" class=\"yoast-schema-graph\">{\"@context\":\"https:\/\/schema.org\",\"@graph\":[{\"@type\":\"WebPage\",\"@id\":\"https:\/\/servizial.com\/en\/pot-eutectique-argente\/\",\"url\":\"https:\/\/servizial.com\/en\/pot-eutectique-argente\/\",\"name\":\"Pot eutectique argent\u00e9 - Servizial\",\"isPartOf\":{\"@id\":\"https:\/\/servizial.com\/#website\"},\"primaryImageOfPage\":{\"@id\":\"https:\/\/servizial.com\/en\/pot-eutectique-argente\/#primaryimage\"},\"image\":{\"@id\":\"https:\/\/servizial.com\/en\/pot-eutectique-argente\/#primaryimage\"},\"thumbnailUrl\":\"https:\/\/servizial.com\/wp-content\/uploads\/2024\/12\/1555402937S51910-PHO.jpg\",\"datePublished\":\"2024-12-12T09:35:08+00:00\",\"dateModified\":\"2024-12-12T13:48:56+00:00\",\"breadcrumb\":{\"@id\":\"https:\/\/servizial.com\/en\/pot-eutectique-argente\/#breadcrumb\"},\"inLanguage\":\"en-GB\",\"potentialAction\":[{\"@type\":\"ReadAction\",\"target\":[\"https:\/\/servizial.com\/en\/pot-eutectique-argente\/\"]}]},{\"@type\":\"ImageObject\",\"inLanguage\":\"en-GB\",\"@id\":\"https:\/\/servizial.com\/en\/pot-eutectique-argente\/#primaryimage\",\"url\":\"https:\/\/servizial.com\/wp-content\/uploads\/2024\/12\/1555402937S51910-PHO.jpg\",\"contentUrl\":\"https:\/\/servizial.com\/wp-content\/uploads\/2024\/12\/1555402937S51910-PHO.jpg\",\"width\":586,\"height\":704},{\"@type\":\"BreadcrumbList\",\"@id\":\"https:\/\/servizial.com\/en\/pot-eutectique-argente\/#breadcrumb\",\"itemListElement\":[{\"@type\":\"ListItem\",\"position\":1,\"name\":\"Accueil\",\"item\":\"https:\/\/servizial.com\/\"},{\"@type\":\"ListItem\",\"position\":2,\"name\":\"Produits\",\"item\":\"https:\/\/servizial.com\/shop\/\"},{\"@type\":\"ListItem\",\"position\":3,\"name\":\"Tables roulantes\",\"item\":\"https:\/\/servizial.com\/en\/tables-roulantes\/\"},{\"@type\":\"ListItem\",\"position\":4,\"name\":\"Tables r\u00e9frig\u00e9r\u00e9es eutectiques\",\"item\":\"https:\/\/servizial.com\/tables-refrigerees-eutectiques\/\"},{\"@type\":\"ListItem\",\"position\":5,\"name\":\"Pot eutectique argent\u00e9\"}]},{\"@type\":\"WebSite\",\"@id\":\"https:\/\/servizial.com\/#website\",\"url\":\"https:\/\/servizial.com\/\",\"name\":\"Servizial\",\"description\":\"\",\"publisher\":{\"@id\":\"https:\/\/servizial.com\/#organization\"},\"potentialAction\":[{\"@type\":\"SearchAction\",\"target\":{\"@type\":\"EntryPoint\",\"urlTemplate\":\"https:\/\/servizial.com\/?s={search_term_string}\"},\"query-input\":{\"@type\":\"PropertyValueSpecification\",\"valueRequired\":true,\"valueName\":\"search_term_string\"}}],\"inLanguage\":\"en-GB\"},{\"@type\":\"Organization\",\"@id\":\"https:\/\/servizial.com\/#organization\",\"name\":\"Servizial\",\"url\":\"https:\/\/servizial.com\/\",\"logo\":{\"@type\":\"ImageObject\",\"inLanguage\":\"en-GB\",\"@id\":\"https:\/\/servizial.com\/#\/schema\/logo\/image\/\",\"url\":\"https:\/\/servizial.com\/wp-content\/uploads\/2024\/12\/image-1.svg\",\"contentUrl\":\"https:\/\/servizial.com\/wp-content\/uploads\/2024\/12\/image-1.svg\",\"width\":300,\"height\":72,\"caption\":\"Servizial\"},\"image\":{\"@id\":\"https:\/\/servizial.com\/#\/schema\/logo\/image\/\"}}]}<\/script>\n<!-- \/ Yoast SEO plugin. -->","yoast_head_json":{"title":"Pot eutectique argent\u00e9 - Servizial","robots":{"index":"index","follow":"follow","max-snippet":"max-snippet:-1","max-image-preview":"max-image-preview:large","max-video-preview":"max-video-preview:-1"},"canonical":"https:\/\/servizial.com\/en\/pot-eutectique-argente\/","og_locale":"en_GB","og_type":"article","og_title":"Pot eutectique argent\u00e9 - Servizial","og_description":"Pot eutectique argent\u00e9.","og_url":"https:\/\/servizial.com\/en\/pot-eutectique-argente\/","og_site_name":"Servizial","article_modified_time":"2024-12-12T13:48:56+00:00","og_image":[{"width":586,"height":704,"url":"https:\/\/servizial.com\/wp-content\/uploads\/2024\/12\/1555402937S51910-PHO.jpg","type":"image\/jpeg"}],"twitter_card":"summary_large_image","schema":{"@context":"https:\/\/schema.org","@graph":[{"@type":"WebPage","@id":"https:\/\/servizial.com\/en\/pot-eutectique-argente\/","url":"https:\/\/servizial.com\/en\/pot-eutectique-argente\/","name":"Pot eutectique argent\u00e9 - Servizial","isPartOf":{"@id":"https:\/\/servizial.com\/#website"},"primaryImageOfPage":{"@id":"https:\/\/servizial.com\/en\/pot-eutectique-argente\/#primaryimage"},"image":{"@id":"https:\/\/servizial.com\/en\/pot-eutectique-argente\/#primaryimage"},"thumbnailUrl":"https:\/\/servizial.com\/wp-content\/uploads\/2024\/12\/1555402937S51910-PHO.jpg","datePublished":"2024-12-12T09:35:08+00:00","dateModified":"2024-12-12T13:48:56+00:00","breadcrumb":{"@id":"https:\/\/servizial.com\/en\/pot-eutectique-argente\/#breadcrumb"},"inLanguage":"en-GB","potentialAction":[{"@type":"ReadAction","target":["https:\/\/servizial.com\/en\/pot-eutectique-argente\/"]}]},{"@type":"ImageObject","inLanguage":"en-GB","@id":"https:\/\/servizial.com\/en\/pot-eutectique-argente\/#primaryimage","url":"https:\/\/servizial.com\/wp-content\/uploads\/2024\/12\/1555402937S51910-PHO.jpg","contentUrl":"https:\/\/servizial.com\/wp-content\/uploads\/2024\/12\/1555402937S51910-PHO.jpg","width":586,"height":704},{"@type":"BreadcrumbList","@id":"https:\/\/servizial.com\/en\/pot-eutectique-argente\/#breadcrumb","itemListElement":[{"@type":"ListItem","position":1,"name":"Accueil","item":"https:\/\/servizial.com\/"},{"@type":"ListItem","position":2,"name":"Produits","item":"https:\/\/servizial.com\/shop\/"},{"@type":"ListItem","position":3,"name":"Tables roulantes","item":"https:\/\/servizial.com\/en\/tables-roulantes\/"},{"@type":"ListItem","position":4,"name":"Tables r\u00e9frig\u00e9r\u00e9es eutectiques","item":"https:\/\/servizial.com\/tables-refrigerees-eutectiques\/"},{"@type":"ListItem","position":5,"name":"Pot eutectique argent\u00e9"}]},{"@type":"WebSite","@id":"https:\/\/servizial.com\/#website","url":"https:\/\/servizial.com\/","name":"Servizial","description":"","publisher":{"@id":"https:\/\/servizial.com\/#organization"},"potentialAction":[{"@type":"SearchAction","target":{"@type":"EntryPoint","urlTemplate":"https:\/\/servizial.com\/?s={search_term_string}"},"query-input":{"@type":"PropertyValueSpecification","valueRequired":true,"valueName":"search_term_string"}}],"inLanguage":"en-GB"},{"@type":"Organization","@id":"https:\/\/servizial.com\/#organization","name":"Servizial","url":"https:\/\/servizial.com\/","logo":{"@type":"ImageObject","inLanguage":"en-GB","@id":"https:\/\/servizial.com\/#\/schema\/logo\/image\/","url":"https:\/\/servizial.com\/wp-content\/uploads\/2024\/12\/image-1.svg","contentUrl":"https:\/\/servizial.com\/wp-content\/uploads\/2024\/12\/image-1.svg","width":300,"height":72,"caption":"Servizial"},"image":{"@id":"https:\/\/servizial.com\/#\/schema\/logo\/image\/"}}]}},"_links":{"self":[{"href":"https:\/\/servizial.com\/en\/wp-json\/wp\/v2\/product\/2511","targetHints":{"allow":["GET"]}}],"collection":[{"href":"https:\/\/servizial.com\/en\/wp-json\/wp\/v2\/product"}],"about":[{"href":"https:\/\/servizial.com\/en\/wp-json\/wp\/v2\/types\/product"}],"version-history":[{"count":1,"href":"https:\/\/servizial.com\/en\/wp-json\/wp\/v2\/product\/2511\/revisions"}],"predecessor-version":[{"id":2512,"href":"https:\/\/servizial.com\/en\/wp-json\/wp\/v2\/product\/2511\/revisions\/2512"}],"wp:featuredmedia":[{"embeddable":true,"href":"https:\/\/servizial.com\/en\/wp-json\/wp\/v2\/media\/2513"}],"wp:attachment":[{"href":"https:\/\/servizial.com\/en\/wp-json\/wp\/v2\/media?parent=2511"}],"wp:term":[{"taxonomy":"product_brand","embeddable":true,"href":"https:\/\/servizial.com\/en\/wp-json\/wp\/v2\/product_brand?post=2511"},{"taxonomy":"product_cat","embeddable":true,"href":"https:\/\/servizial.com\/en\/wp-json\/wp\/v2\/product_cat?post=2511"},{"taxonomy":"product_tag","embeddable":true,"href":"https:\/\/servizial.com\/en\/wp-json\/wp\/v2\/product_tag?post=2511"}],"curies":[{"name":"wp","href":"https:\/\/api.w.org\/{rel}","templated":true}]}}