{"id":2532,"date":"2024-12-12T09:35:08","date_gmt":"2024-12-12T09:35:08","guid":{"rendered":"https:\/\/optimistic-visvesvaraya.79-137-88-67.plesk.page\/index.php\/produit\/pupitre-daccueil-et-de-reception-pupitre\/"},"modified":"2024-12-12T13:48:56","modified_gmt":"2024-12-12T13:48:56","slug":"pupitre-daccueil-et-de-reception-pupitre","status":"publish","type":"product","link":"https:\/\/servizial.com\/en\/pupitre-daccueil-et-de-reception-pupitre\/","title":{"rendered":"Reception desk PUPITRE"},"content":{"rendered":"<p>Conference lectern, reception desk Structure in varnished stained wood veneer.<\/p>\n<p> Choice of color. <\/p>\n<p> 1 adjustable shelf.<\/p>\n<p> 2 castors diameter 100.<\/p>","protected":false},"excerpt":{"rendered":"<p>Pupitre de conf\u00e9rence, pupitre d&rsquo;accueil et de r\u00e9ception Structure en placage bois teint\u00e9 vernis. Teinte au choix. Baguettes d\u00e9coratives 1 \u00e9tag\u00e8re r\u00e9glable. 2 roulettes diam\u00e8tre 100.<\/p>","protected":false},"featured_media":2534,"template":"","meta":{"_acf_changed":false,"inline_featured_image":false},"product_brand":[],"product_cat":[36],"product_tag":[],"class_list":{"0":"post-2532","1":"product","2":"type-product","3":"status-publish","4":"has-post-thumbnail","6":"product_cat-pour-la-reception","8":"first","9":"instock","10":"product-type-simple"},"acf":[],"yoast_head":"<!-- This site is optimized with the Yoast SEO plugin v26.6 - https:\/\/yoast.com\/wordpress\/plugins\/seo\/ -->\n<title>Pupitre d&#039;accueil et de r\u00e9ception PUPITRE - Servizial<\/title>\n<meta name=\"robots\" content=\"index, follow, max-snippet:-1, max-image-preview:large, max-video-preview:-1\" \/>\n<link rel=\"canonical\" href=\"https:\/\/servizial.com\/en\/pupitre-daccueil-et-de-reception-pupitre\/\" \/>\n<meta property=\"og:locale\" content=\"en_GB\" \/>\n<meta property=\"og:type\" content=\"article\" \/>\n<meta property=\"og:title\" content=\"Pupitre d&#039;accueil et de r\u00e9ception PUPITRE - Servizial\" \/>\n<meta property=\"og:description\" content=\"Pupitre de conf\u00e9rence, pupitre d&rsquo;accueil et de r\u00e9ception Structure en placage bois teint\u00e9 vernis. Teinte au choix. Baguettes d\u00e9coratives 1 \u00e9tag\u00e8re r\u00e9glable. 2 roulettes diam\u00e8tre 100.\" \/>\n<meta property=\"og:url\" content=\"https:\/\/servizial.com\/en\/pupitre-daccueil-et-de-reception-pupitre\/\" \/>\n<meta property=\"og:site_name\" content=\"Servizial\" \/>\n<meta property=\"article:modified_time\" content=\"2024-12-12T13:48:56+00:00\" \/>\n<meta property=\"og:image\" content=\"https:\/\/servizial.com\/wp-content\/uploads\/2024\/12\/1539698575le-mobilier-salle-restaurant.jpg\" \/>\n\t<meta property=\"og:image:width\" content=\"250\" \/>\n\t<meta property=\"og:image:height\" content=\"217\" \/>\n\t<meta property=\"og:image:type\" content=\"image\/png\" \/>\n<meta name=\"twitter:card\" content=\"summary_large_image\" \/>\n<script type=\"application\/ld+json\" class=\"yoast-schema-graph\">{\"@context\":\"https:\/\/schema.org\",\"@graph\":[{\"@type\":\"WebPage\",\"@id\":\"https:\/\/servizial.com\/en\/pupitre-daccueil-et-de-reception-pupitre\/\",\"url\":\"https:\/\/servizial.com\/en\/pupitre-daccueil-et-de-reception-pupitre\/\",\"name\":\"Pupitre d'accueil et de r\u00e9ception PUPITRE - Servizial\",\"isPartOf\":{\"@id\":\"https:\/\/servizial.com\/#website\"},\"primaryImageOfPage\":{\"@id\":\"https:\/\/servizial.com\/en\/pupitre-daccueil-et-de-reception-pupitre\/#primaryimage\"},\"image\":{\"@id\":\"https:\/\/servizial.com\/en\/pupitre-daccueil-et-de-reception-pupitre\/#primaryimage\"},\"thumbnailUrl\":\"https:\/\/servizial.com\/wp-content\/uploads\/2024\/12\/1539698575le-mobilier-salle-restaurant.jpg\",\"datePublished\":\"2024-12-12T09:35:08+00:00\",\"dateModified\":\"2024-12-12T13:48:56+00:00\",\"breadcrumb\":{\"@id\":\"https:\/\/servizial.com\/en\/pupitre-daccueil-et-de-reception-pupitre\/#breadcrumb\"},\"inLanguage\":\"en-GB\",\"potentialAction\":[{\"@type\":\"ReadAction\",\"target\":[\"https:\/\/servizial.com\/en\/pupitre-daccueil-et-de-reception-pupitre\/\"]}]},{\"@type\":\"ImageObject\",\"inLanguage\":\"en-GB\",\"@id\":\"https:\/\/servizial.com\/en\/pupitre-daccueil-et-de-reception-pupitre\/#primaryimage\",\"url\":\"https:\/\/servizial.com\/wp-content\/uploads\/2024\/12\/1539698575le-mobilier-salle-restaurant.jpg\",\"contentUrl\":\"https:\/\/servizial.com\/wp-content\/uploads\/2024\/12\/1539698575le-mobilier-salle-restaurant.jpg\",\"width\":250,\"height\":217},{\"@type\":\"BreadcrumbList\",\"@id\":\"https:\/\/servizial.com\/en\/pupitre-daccueil-et-de-reception-pupitre\/#breadcrumb\",\"itemListElement\":[{\"@type\":\"ListItem\",\"position\":1,\"name\":\"Accueil\",\"item\":\"https:\/\/servizial.com\/\"},{\"@type\":\"ListItem\",\"position\":2,\"name\":\"Produits\",\"item\":\"https:\/\/servizial.com\/shop\/\"},{\"@type\":\"ListItem\",\"position\":3,\"name\":\"Le mobilier\",\"item\":\"https:\/\/servizial.com\/le-mobilier\/\"},{\"@type\":\"ListItem\",\"position\":4,\"name\":\"Pour la r\u00e9ception\",\"item\":\"https:\/\/servizial.com\/pour-la-reception\/\"},{\"@type\":\"ListItem\",\"position\":5,\"name\":\"Pupitre d&rsquo;accueil et de r\u00e9ception PUPITRE\"}]},{\"@type\":\"WebSite\",\"@id\":\"https:\/\/servizial.com\/#website\",\"url\":\"https:\/\/servizial.com\/\",\"name\":\"Servizial\",\"description\":\"\",\"publisher\":{\"@id\":\"https:\/\/servizial.com\/#organization\"},\"potentialAction\":[{\"@type\":\"SearchAction\",\"target\":{\"@type\":\"EntryPoint\",\"urlTemplate\":\"https:\/\/servizial.com\/?s={search_term_string}\"},\"query-input\":{\"@type\":\"PropertyValueSpecification\",\"valueRequired\":true,\"valueName\":\"search_term_string\"}}],\"inLanguage\":\"en-GB\"},{\"@type\":\"Organization\",\"@id\":\"https:\/\/servizial.com\/#organization\",\"name\":\"Servizial\",\"url\":\"https:\/\/servizial.com\/\",\"logo\":{\"@type\":\"ImageObject\",\"inLanguage\":\"en-GB\",\"@id\":\"https:\/\/servizial.com\/#\/schema\/logo\/image\/\",\"url\":\"https:\/\/servizial.com\/wp-content\/uploads\/2024\/12\/image-1.svg\",\"contentUrl\":\"https:\/\/servizial.com\/wp-content\/uploads\/2024\/12\/image-1.svg\",\"width\":300,\"height\":72,\"caption\":\"Servizial\"},\"image\":{\"@id\":\"https:\/\/servizial.com\/#\/schema\/logo\/image\/\"}}]}<\/script>\n<!-- \/ Yoast SEO plugin. -->","yoast_head_json":{"title":"Pupitre d'accueil et de r\u00e9ception PUPITRE - Servizial","robots":{"index":"index","follow":"follow","max-snippet":"max-snippet:-1","max-image-preview":"max-image-preview:large","max-video-preview":"max-video-preview:-1"},"canonical":"https:\/\/servizial.com\/en\/pupitre-daccueil-et-de-reception-pupitre\/","og_locale":"en_GB","og_type":"article","og_title":"Pupitre d'accueil et de r\u00e9ception PUPITRE - Servizial","og_description":"Pupitre de conf\u00e9rence, pupitre d&rsquo;accueil et de r\u00e9ception Structure en placage bois teint\u00e9 vernis. Teinte au choix. Baguettes d\u00e9coratives 1 \u00e9tag\u00e8re r\u00e9glable. 2 roulettes diam\u00e8tre 100.","og_url":"https:\/\/servizial.com\/en\/pupitre-daccueil-et-de-reception-pupitre\/","og_site_name":"Servizial","article_modified_time":"2024-12-12T13:48:56+00:00","og_image":[{"width":250,"height":217,"url":"https:\/\/servizial.com\/wp-content\/uploads\/2024\/12\/1539698575le-mobilier-salle-restaurant.jpg","type":"image\/png"}],"twitter_card":"summary_large_image","schema":{"@context":"https:\/\/schema.org","@graph":[{"@type":"WebPage","@id":"https:\/\/servizial.com\/en\/pupitre-daccueil-et-de-reception-pupitre\/","url":"https:\/\/servizial.com\/en\/pupitre-daccueil-et-de-reception-pupitre\/","name":"Pupitre d'accueil et de r\u00e9ception PUPITRE - Servizial","isPartOf":{"@id":"https:\/\/servizial.com\/#website"},"primaryImageOfPage":{"@id":"https:\/\/servizial.com\/en\/pupitre-daccueil-et-de-reception-pupitre\/#primaryimage"},"image":{"@id":"https:\/\/servizial.com\/en\/pupitre-daccueil-et-de-reception-pupitre\/#primaryimage"},"thumbnailUrl":"https:\/\/servizial.com\/wp-content\/uploads\/2024\/12\/1539698575le-mobilier-salle-restaurant.jpg","datePublished":"2024-12-12T09:35:08+00:00","dateModified":"2024-12-12T13:48:56+00:00","breadcrumb":{"@id":"https:\/\/servizial.com\/en\/pupitre-daccueil-et-de-reception-pupitre\/#breadcrumb"},"inLanguage":"en-GB","potentialAction":[{"@type":"ReadAction","target":["https:\/\/servizial.com\/en\/pupitre-daccueil-et-de-reception-pupitre\/"]}]},{"@type":"ImageObject","inLanguage":"en-GB","@id":"https:\/\/servizial.com\/en\/pupitre-daccueil-et-de-reception-pupitre\/#primaryimage","url":"https:\/\/servizial.com\/wp-content\/uploads\/2024\/12\/1539698575le-mobilier-salle-restaurant.jpg","contentUrl":"https:\/\/servizial.com\/wp-content\/uploads\/2024\/12\/1539698575le-mobilier-salle-restaurant.jpg","width":250,"height":217},{"@type":"BreadcrumbList","@id":"https:\/\/servizial.com\/en\/pupitre-daccueil-et-de-reception-pupitre\/#breadcrumb","itemListElement":[{"@type":"ListItem","position":1,"name":"Accueil","item":"https:\/\/servizial.com\/"},{"@type":"ListItem","position":2,"name":"Produits","item":"https:\/\/servizial.com\/shop\/"},{"@type":"ListItem","position":3,"name":"Le mobilier","item":"https:\/\/servizial.com\/le-mobilier\/"},{"@type":"ListItem","position":4,"name":"Pour la r\u00e9ception","item":"https:\/\/servizial.com\/pour-la-reception\/"},{"@type":"ListItem","position":5,"name":"Pupitre d&rsquo;accueil et de r\u00e9ception PUPITRE"}]},{"@type":"WebSite","@id":"https:\/\/servizial.com\/#website","url":"https:\/\/servizial.com\/","name":"Servizial","description":"","publisher":{"@id":"https:\/\/servizial.com\/#organization"},"potentialAction":[{"@type":"SearchAction","target":{"@type":"EntryPoint","urlTemplate":"https:\/\/servizial.com\/?s={search_term_string}"},"query-input":{"@type":"PropertyValueSpecification","valueRequired":true,"valueName":"search_term_string"}}],"inLanguage":"en-GB"},{"@type":"Organization","@id":"https:\/\/servizial.com\/#organization","name":"Servizial","url":"https:\/\/servizial.com\/","logo":{"@type":"ImageObject","inLanguage":"en-GB","@id":"https:\/\/servizial.com\/#\/schema\/logo\/image\/","url":"https:\/\/servizial.com\/wp-content\/uploads\/2024\/12\/image-1.svg","contentUrl":"https:\/\/servizial.com\/wp-content\/uploads\/2024\/12\/image-1.svg","width":300,"height":72,"caption":"Servizial"},"image":{"@id":"https:\/\/servizial.com\/#\/schema\/logo\/image\/"}}]}},"_links":{"self":[{"href":"https:\/\/servizial.com\/en\/wp-json\/wp\/v2\/product\/2532","targetHints":{"allow":["GET"]}}],"collection":[{"href":"https:\/\/servizial.com\/en\/wp-json\/wp\/v2\/product"}],"about":[{"href":"https:\/\/servizial.com\/en\/wp-json\/wp\/v2\/types\/product"}],"version-history":[{"count":1,"href":"https:\/\/servizial.com\/en\/wp-json\/wp\/v2\/product\/2532\/revisions"}],"predecessor-version":[{"id":2533,"href":"https:\/\/servizial.com\/en\/wp-json\/wp\/v2\/product\/2532\/revisions\/2533"}],"wp:featuredmedia":[{"embeddable":true,"href":"https:\/\/servizial.com\/en\/wp-json\/wp\/v2\/media\/2534"}],"wp:attachment":[{"href":"https:\/\/servizial.com\/en\/wp-json\/wp\/v2\/media?parent=2532"}],"wp:term":[{"taxonomy":"product_brand","embeddable":true,"href":"https:\/\/servizial.com\/en\/wp-json\/wp\/v2\/product_brand?post=2532"},{"taxonomy":"product_cat","embeddable":true,"href":"https:\/\/servizial.com\/en\/wp-json\/wp\/v2\/product_cat?post=2532"},{"taxonomy":"product_tag","embeddable":true,"href":"https:\/\/servizial.com\/en\/wp-json\/wp\/v2\/product_tag?post=2532"}],"curies":[{"name":"wp","href":"https:\/\/api.w.org\/{rel}","templated":true}]}}