{"id":2539,"date":"2024-12-12T09:35:08","date_gmt":"2024-12-12T09:35:08","guid":{"rendered":"https:\/\/optimistic-visvesvaraya.79-137-88-67.plesk.page\/index.php\/produit\/table-a-alcool-adastree\/"},"modified":"2024-12-12T13:48:56","modified_gmt":"2024-12-12T13:48:56","slug":"table-a-alcool-adastree","status":"publish","type":"product","link":"https:\/\/servizial.com\/en\/table-a-alcool-adastree\/","title":{"rendered":"ADASTREE alcohol table"},"content":{"rendered":"<p>Alcohol table with removable display.<\/p>","protected":false},"excerpt":{"rendered":"<p>Alcohol table with removable display.<\/p>","protected":false},"featured_media":0,"template":"","meta":{"_acf_changed":false,"inline_featured_image":false},"product_brand":[],"product_cat":[33],"product_tag":[],"class_list":{"0":"post-2539","1":"product","2":"type-product","3":"status-publish","5":"product_cat-tables-a-alcool","7":"first","8":"instock","9":"product-type-simple"},"acf":[],"yoast_head":"<!-- This site is optimized with the Yoast SEO plugin v26.6 - https:\/\/yoast.com\/wordpress\/plugins\/seo\/ -->\n<title>Table \u00e0 alcool ADASTREE - Servizial<\/title>\n<meta name=\"robots\" content=\"index, follow, max-snippet:-1, max-image-preview:large, max-video-preview:-1\" \/>\n<link rel=\"canonical\" href=\"https:\/\/servizial.com\/en\/table-a-alcool-adastree\/\" \/>\n<meta property=\"og:locale\" content=\"en_GB\" \/>\n<meta property=\"og:type\" content=\"article\" \/>\n<meta property=\"og:title\" content=\"Table \u00e0 alcool ADASTREE - Servizial\" \/>\n<meta property=\"og:description\" content=\"Table \u00e0 alcool avec pr\u00e9sentoir amovible.\" \/>\n<meta property=\"og:url\" content=\"https:\/\/servizial.com\/en\/table-a-alcool-adastree\/\" \/>\n<meta property=\"og:site_name\" content=\"Servizial\" \/>\n<meta property=\"article:modified_time\" content=\"2024-12-12T13:48:56+00:00\" \/>\n<meta name=\"twitter:card\" content=\"summary_large_image\" \/>\n<script type=\"application\/ld+json\" class=\"yoast-schema-graph\">{\"@context\":\"https:\/\/schema.org\",\"@graph\":[{\"@type\":\"WebPage\",\"@id\":\"https:\/\/servizial.com\/en\/table-a-alcool-adastree\/\",\"url\":\"https:\/\/servizial.com\/en\/table-a-alcool-adastree\/\",\"name\":\"Table \u00e0 alcool ADASTREE - Servizial\",\"isPartOf\":{\"@id\":\"https:\/\/servizial.com\/#website\"},\"datePublished\":\"2024-12-12T09:35:08+00:00\",\"dateModified\":\"2024-12-12T13:48:56+00:00\",\"breadcrumb\":{\"@id\":\"https:\/\/servizial.com\/en\/table-a-alcool-adastree\/#breadcrumb\"},\"inLanguage\":\"en-GB\",\"potentialAction\":[{\"@type\":\"ReadAction\",\"target\":[\"https:\/\/servizial.com\/en\/table-a-alcool-adastree\/\"]}]},{\"@type\":\"BreadcrumbList\",\"@id\":\"https:\/\/servizial.com\/en\/table-a-alcool-adastree\/#breadcrumb\",\"itemListElement\":[{\"@type\":\"ListItem\",\"position\":1,\"name\":\"Accueil\",\"item\":\"https:\/\/servizial.com\/\"},{\"@type\":\"ListItem\",\"position\":2,\"name\":\"Produits\",\"item\":\"https:\/\/servizial.com\/shop\/\"},{\"@type\":\"ListItem\",\"position\":3,\"name\":\"Tables roulantes\",\"item\":\"https:\/\/servizial.com\/en\/tables-roulantes\/\"},{\"@type\":\"ListItem\",\"position\":4,\"name\":\"Tables \u00e0 alcool\",\"item\":\"https:\/\/servizial.com\/en\/tables-a-alcool\/\"},{\"@type\":\"ListItem\",\"position\":5,\"name\":\"Table \u00e0 alcool ADASTREE\"}]},{\"@type\":\"WebSite\",\"@id\":\"https:\/\/servizial.com\/#website\",\"url\":\"https:\/\/servizial.com\/\",\"name\":\"Servizial\",\"description\":\"\",\"publisher\":{\"@id\":\"https:\/\/servizial.com\/#organization\"},\"potentialAction\":[{\"@type\":\"SearchAction\",\"target\":{\"@type\":\"EntryPoint\",\"urlTemplate\":\"https:\/\/servizial.com\/?s={search_term_string}\"},\"query-input\":{\"@type\":\"PropertyValueSpecification\",\"valueRequired\":true,\"valueName\":\"search_term_string\"}}],\"inLanguage\":\"en-GB\"},{\"@type\":\"Organization\",\"@id\":\"https:\/\/servizial.com\/#organization\",\"name\":\"Servizial\",\"url\":\"https:\/\/servizial.com\/\",\"logo\":{\"@type\":\"ImageObject\",\"inLanguage\":\"en-GB\",\"@id\":\"https:\/\/servizial.com\/#\/schema\/logo\/image\/\",\"url\":\"https:\/\/servizial.com\/wp-content\/uploads\/2024\/12\/image-1.svg\",\"contentUrl\":\"https:\/\/servizial.com\/wp-content\/uploads\/2024\/12\/image-1.svg\",\"width\":300,\"height\":72,\"caption\":\"Servizial\"},\"image\":{\"@id\":\"https:\/\/servizial.com\/#\/schema\/logo\/image\/\"}}]}<\/script>\n<!-- \/ Yoast SEO plugin. -->","yoast_head_json":{"title":"Table \u00e0 alcool ADASTREE - Servizial","robots":{"index":"index","follow":"follow","max-snippet":"max-snippet:-1","max-image-preview":"max-image-preview:large","max-video-preview":"max-video-preview:-1"},"canonical":"https:\/\/servizial.com\/en\/table-a-alcool-adastree\/","og_locale":"en_GB","og_type":"article","og_title":"Table \u00e0 alcool ADASTREE - Servizial","og_description":"Table \u00e0 alcool avec pr\u00e9sentoir amovible.","og_url":"https:\/\/servizial.com\/en\/table-a-alcool-adastree\/","og_site_name":"Servizial","article_modified_time":"2024-12-12T13:48:56+00:00","twitter_card":"summary_large_image","schema":{"@context":"https:\/\/schema.org","@graph":[{"@type":"WebPage","@id":"https:\/\/servizial.com\/en\/table-a-alcool-adastree\/","url":"https:\/\/servizial.com\/en\/table-a-alcool-adastree\/","name":"Table \u00e0 alcool ADASTREE - Servizial","isPartOf":{"@id":"https:\/\/servizial.com\/#website"},"datePublished":"2024-12-12T09:35:08+00:00","dateModified":"2024-12-12T13:48:56+00:00","breadcrumb":{"@id":"https:\/\/servizial.com\/en\/table-a-alcool-adastree\/#breadcrumb"},"inLanguage":"en-GB","potentialAction":[{"@type":"ReadAction","target":["https:\/\/servizial.com\/en\/table-a-alcool-adastree\/"]}]},{"@type":"BreadcrumbList","@id":"https:\/\/servizial.com\/en\/table-a-alcool-adastree\/#breadcrumb","itemListElement":[{"@type":"ListItem","position":1,"name":"Accueil","item":"https:\/\/servizial.com\/"},{"@type":"ListItem","position":2,"name":"Produits","item":"https:\/\/servizial.com\/shop\/"},{"@type":"ListItem","position":3,"name":"Tables roulantes","item":"https:\/\/servizial.com\/en\/tables-roulantes\/"},{"@type":"ListItem","position":4,"name":"Tables \u00e0 alcool","item":"https:\/\/servizial.com\/en\/tables-a-alcool\/"},{"@type":"ListItem","position":5,"name":"Table \u00e0 alcool ADASTREE"}]},{"@type":"WebSite","@id":"https:\/\/servizial.com\/#website","url":"https:\/\/servizial.com\/","name":"Servizial","description":"","publisher":{"@id":"https:\/\/servizial.com\/#organization"},"potentialAction":[{"@type":"SearchAction","target":{"@type":"EntryPoint","urlTemplate":"https:\/\/servizial.com\/?s={search_term_string}"},"query-input":{"@type":"PropertyValueSpecification","valueRequired":true,"valueName":"search_term_string"}}],"inLanguage":"en-GB"},{"@type":"Organization","@id":"https:\/\/servizial.com\/#organization","name":"Servizial","url":"https:\/\/servizial.com\/","logo":{"@type":"ImageObject","inLanguage":"en-GB","@id":"https:\/\/servizial.com\/#\/schema\/logo\/image\/","url":"https:\/\/servizial.com\/wp-content\/uploads\/2024\/12\/image-1.svg","contentUrl":"https:\/\/servizial.com\/wp-content\/uploads\/2024\/12\/image-1.svg","width":300,"height":72,"caption":"Servizial"},"image":{"@id":"https:\/\/servizial.com\/#\/schema\/logo\/image\/"}}]}},"_links":{"self":[{"href":"https:\/\/servizial.com\/en\/wp-json\/wp\/v2\/product\/2539","targetHints":{"allow":["GET"]}}],"collection":[{"href":"https:\/\/servizial.com\/en\/wp-json\/wp\/v2\/product"}],"about":[{"href":"https:\/\/servizial.com\/en\/wp-json\/wp\/v2\/types\/product"}],"version-history":[{"count":1,"href":"https:\/\/servizial.com\/en\/wp-json\/wp\/v2\/product\/2539\/revisions"}],"predecessor-version":[{"id":2540,"href":"https:\/\/servizial.com\/en\/wp-json\/wp\/v2\/product\/2539\/revisions\/2540"}],"wp:attachment":[{"href":"https:\/\/servizial.com\/en\/wp-json\/wp\/v2\/media?parent=2539"}],"wp:term":[{"taxonomy":"product_brand","embeddable":true,"href":"https:\/\/servizial.com\/en\/wp-json\/wp\/v2\/product_brand?post=2539"},{"taxonomy":"product_cat","embeddable":true,"href":"https:\/\/servizial.com\/en\/wp-json\/wp\/v2\/product_cat?post=2539"},{"taxonomy":"product_tag","embeddable":true,"href":"https:\/\/servizial.com\/en\/wp-json\/wp\/v2\/product_tag?post=2539"}],"curies":[{"name":"wp","href":"https:\/\/api.w.org\/{rel}","templated":true}]}}