{"id":2566,"date":"2024-12-12T09:35:23","date_gmt":"2024-12-12T09:35:23","guid":{"rendered":"https:\/\/optimistic-visvesvaraya.79-137-88-67.plesk.page\/index.php\/produit\/table-a-desserts-coupole-plexiglas-eutectique-pioneer\/"},"modified":"2025-02-10T13:46:00","modified_gmt":"2025-02-10T13:46:00","slug":"table-a-desserts-coupole-plexiglas-pioneer","status":"publish","type":"product","link":"https:\/\/servizial.com\/en\/table-a-desserts-coupole-plexiglas-pioneer\/","title":{"rendered":"Plexiglas eutectic dome dessert table PIONEER"},"content":{"rendered":"<p>Round dessert table with plexiglas dome, two 1\/4 spheres on pivot and 30 eutectic nodules.<\/p>","protected":false},"excerpt":{"rendered":"<p>Table \u00e0 desserts ronde coupole plexiglasavec deux 1\/4 de sph\u00e8re sur pivot et 30 nodules eutectiques.<\/p>","protected":false},"featured_media":2568,"template":"","meta":{"_acf_changed":false,"inline_featured_image":false},"product_brand":[],"product_cat":[29],"product_tag":[],"class_list":{"0":"post-2566","1":"product","2":"type-product","3":"status-publish","4":"has-post-thumbnail","6":"product_cat-tables-refrigerees-eutectiques","8":"first","9":"instock","10":"product-type-simple"},"acf":[],"yoast_head":"<!-- This site is optimized with the Yoast SEO plugin v26.6 - https:\/\/yoast.com\/wordpress\/plugins\/seo\/ -->\n<title>Table \u00e0 desserts coupole plexiglas eutectique PIONEER - Servizial<\/title>\n<meta name=\"robots\" content=\"index, follow, max-snippet:-1, max-image-preview:large, max-video-preview:-1\" \/>\n<link rel=\"canonical\" href=\"https:\/\/servizial.com\/en\/table-a-desserts-coupole-plexiglas-pioneer\/\" \/>\n<meta property=\"og:locale\" content=\"en_GB\" \/>\n<meta property=\"og:type\" content=\"article\" \/>\n<meta property=\"og:title\" content=\"Table \u00e0 desserts coupole plexiglas eutectique PIONEER - Servizial\" \/>\n<meta property=\"og:description\" content=\"Table \u00e0 desserts ronde coupole plexiglasavec deux 1\/4 de sph\u00e8re sur pivot et 30 nodules eutectiques.\" \/>\n<meta property=\"og:url\" content=\"https:\/\/servizial.com\/en\/table-a-desserts-coupole-plexiglas-pioneer\/\" \/>\n<meta property=\"og:site_name\" content=\"Servizial\" \/>\n<meta property=\"article:modified_time\" content=\"2025-02-10T13:46:00+00:00\" \/>\n<meta property=\"og:image\" content=\"https:\/\/servizial.com\/wp-content\/uploads\/2024\/12\/1544090292Table-ronde-refrigeree-560E-scaled.jpg\" \/>\n\t<meta property=\"og:image:width\" content=\"1920\" \/>\n\t<meta property=\"og:image:height\" content=\"2560\" \/>\n\t<meta property=\"og:image:type\" content=\"image\/jpeg\" \/>\n<meta name=\"twitter:card\" content=\"summary_large_image\" \/>\n<script type=\"application\/ld+json\" class=\"yoast-schema-graph\">{\"@context\":\"https:\/\/schema.org\",\"@graph\":[{\"@type\":\"WebPage\",\"@id\":\"https:\/\/servizial.com\/en\/table-a-desserts-coupole-plexiglas-pioneer\/\",\"url\":\"https:\/\/servizial.com\/en\/table-a-desserts-coupole-plexiglas-pioneer\/\",\"name\":\"Table \u00e0 desserts coupole plexiglas eutectique PIONEER - Servizial\",\"isPartOf\":{\"@id\":\"https:\/\/servizial.com\/#website\"},\"primaryImageOfPage\":{\"@id\":\"https:\/\/servizial.com\/en\/table-a-desserts-coupole-plexiglas-pioneer\/#primaryimage\"},\"image\":{\"@id\":\"https:\/\/servizial.com\/en\/table-a-desserts-coupole-plexiglas-pioneer\/#primaryimage\"},\"thumbnailUrl\":\"https:\/\/servizial.com\/wp-content\/uploads\/2024\/12\/1544090292Table-ronde-refrigeree-560E-scaled.jpg\",\"datePublished\":\"2024-12-12T09:35:23+00:00\",\"dateModified\":\"2025-02-10T13:46:00+00:00\",\"breadcrumb\":{\"@id\":\"https:\/\/servizial.com\/en\/table-a-desserts-coupole-plexiglas-pioneer\/#breadcrumb\"},\"inLanguage\":\"en-GB\",\"potentialAction\":[{\"@type\":\"ReadAction\",\"target\":[\"https:\/\/servizial.com\/en\/table-a-desserts-coupole-plexiglas-pioneer\/\"]}]},{\"@type\":\"ImageObject\",\"inLanguage\":\"en-GB\",\"@id\":\"https:\/\/servizial.com\/en\/table-a-desserts-coupole-plexiglas-pioneer\/#primaryimage\",\"url\":\"https:\/\/servizial.com\/wp-content\/uploads\/2024\/12\/1544090292Table-ronde-refrigeree-560E-scaled.jpg\",\"contentUrl\":\"https:\/\/servizial.com\/wp-content\/uploads\/2024\/12\/1544090292Table-ronde-refrigeree-560E-scaled.jpg\",\"width\":1920,\"height\":2560},{\"@type\":\"BreadcrumbList\",\"@id\":\"https:\/\/servizial.com\/en\/table-a-desserts-coupole-plexiglas-pioneer\/#breadcrumb\",\"itemListElement\":[{\"@type\":\"ListItem\",\"position\":1,\"name\":\"Accueil\",\"item\":\"https:\/\/servizial.com\/\"},{\"@type\":\"ListItem\",\"position\":2,\"name\":\"Produits\",\"item\":\"https:\/\/servizial.com\/shop\/\"},{\"@type\":\"ListItem\",\"position\":3,\"name\":\"Tables roulantes\",\"item\":\"https:\/\/servizial.com\/en\/tables-roulantes\/\"},{\"@type\":\"ListItem\",\"position\":4,\"name\":\"Tables r\u00e9frig\u00e9r\u00e9es eutectiques\",\"item\":\"https:\/\/servizial.com\/tables-refrigerees-eutectiques\/\"},{\"@type\":\"ListItem\",\"position\":5,\"name\":\"Table \u00e0 desserts coupole plexiglas eutectique PIONEER\"}]},{\"@type\":\"WebSite\",\"@id\":\"https:\/\/servizial.com\/#website\",\"url\":\"https:\/\/servizial.com\/\",\"name\":\"Servizial\",\"description\":\"\",\"publisher\":{\"@id\":\"https:\/\/servizial.com\/#organization\"},\"potentialAction\":[{\"@type\":\"SearchAction\",\"target\":{\"@type\":\"EntryPoint\",\"urlTemplate\":\"https:\/\/servizial.com\/?s={search_term_string}\"},\"query-input\":{\"@type\":\"PropertyValueSpecification\",\"valueRequired\":true,\"valueName\":\"search_term_string\"}}],\"inLanguage\":\"en-GB\"},{\"@type\":\"Organization\",\"@id\":\"https:\/\/servizial.com\/#organization\",\"name\":\"Servizial\",\"url\":\"https:\/\/servizial.com\/\",\"logo\":{\"@type\":\"ImageObject\",\"inLanguage\":\"en-GB\",\"@id\":\"https:\/\/servizial.com\/#\/schema\/logo\/image\/\",\"url\":\"https:\/\/servizial.com\/wp-content\/uploads\/2024\/12\/image-1.svg\",\"contentUrl\":\"https:\/\/servizial.com\/wp-content\/uploads\/2024\/12\/image-1.svg\",\"width\":300,\"height\":72,\"caption\":\"Servizial\"},\"image\":{\"@id\":\"https:\/\/servizial.com\/#\/schema\/logo\/image\/\"}}]}<\/script>\n<!-- \/ Yoast SEO plugin. -->","yoast_head_json":{"title":"Table \u00e0 desserts coupole plexiglas eutectique PIONEER - Servizial","robots":{"index":"index","follow":"follow","max-snippet":"max-snippet:-1","max-image-preview":"max-image-preview:large","max-video-preview":"max-video-preview:-1"},"canonical":"https:\/\/servizial.com\/en\/table-a-desserts-coupole-plexiglas-pioneer\/","og_locale":"en_GB","og_type":"article","og_title":"Table \u00e0 desserts coupole plexiglas eutectique PIONEER - Servizial","og_description":"Table \u00e0 desserts ronde coupole plexiglasavec deux 1\/4 de sph\u00e8re sur pivot et 30 nodules eutectiques.","og_url":"https:\/\/servizial.com\/en\/table-a-desserts-coupole-plexiglas-pioneer\/","og_site_name":"Servizial","article_modified_time":"2025-02-10T13:46:00+00:00","og_image":[{"width":1920,"height":2560,"url":"https:\/\/servizial.com\/wp-content\/uploads\/2024\/12\/1544090292Table-ronde-refrigeree-560E-scaled.jpg","type":"image\/jpeg"}],"twitter_card":"summary_large_image","schema":{"@context":"https:\/\/schema.org","@graph":[{"@type":"WebPage","@id":"https:\/\/servizial.com\/en\/table-a-desserts-coupole-plexiglas-pioneer\/","url":"https:\/\/servizial.com\/en\/table-a-desserts-coupole-plexiglas-pioneer\/","name":"Table \u00e0 desserts coupole plexiglas eutectique PIONEER - Servizial","isPartOf":{"@id":"https:\/\/servizial.com\/#website"},"primaryImageOfPage":{"@id":"https:\/\/servizial.com\/en\/table-a-desserts-coupole-plexiglas-pioneer\/#primaryimage"},"image":{"@id":"https:\/\/servizial.com\/en\/table-a-desserts-coupole-plexiglas-pioneer\/#primaryimage"},"thumbnailUrl":"https:\/\/servizial.com\/wp-content\/uploads\/2024\/12\/1544090292Table-ronde-refrigeree-560E-scaled.jpg","datePublished":"2024-12-12T09:35:23+00:00","dateModified":"2025-02-10T13:46:00+00:00","breadcrumb":{"@id":"https:\/\/servizial.com\/en\/table-a-desserts-coupole-plexiglas-pioneer\/#breadcrumb"},"inLanguage":"en-GB","potentialAction":[{"@type":"ReadAction","target":["https:\/\/servizial.com\/en\/table-a-desserts-coupole-plexiglas-pioneer\/"]}]},{"@type":"ImageObject","inLanguage":"en-GB","@id":"https:\/\/servizial.com\/en\/table-a-desserts-coupole-plexiglas-pioneer\/#primaryimage","url":"https:\/\/servizial.com\/wp-content\/uploads\/2024\/12\/1544090292Table-ronde-refrigeree-560E-scaled.jpg","contentUrl":"https:\/\/servizial.com\/wp-content\/uploads\/2024\/12\/1544090292Table-ronde-refrigeree-560E-scaled.jpg","width":1920,"height":2560},{"@type":"BreadcrumbList","@id":"https:\/\/servizial.com\/en\/table-a-desserts-coupole-plexiglas-pioneer\/#breadcrumb","itemListElement":[{"@type":"ListItem","position":1,"name":"Accueil","item":"https:\/\/servizial.com\/"},{"@type":"ListItem","position":2,"name":"Produits","item":"https:\/\/servizial.com\/shop\/"},{"@type":"ListItem","position":3,"name":"Tables roulantes","item":"https:\/\/servizial.com\/en\/tables-roulantes\/"},{"@type":"ListItem","position":4,"name":"Tables r\u00e9frig\u00e9r\u00e9es eutectiques","item":"https:\/\/servizial.com\/tables-refrigerees-eutectiques\/"},{"@type":"ListItem","position":5,"name":"Table \u00e0 desserts coupole plexiglas eutectique PIONEER"}]},{"@type":"WebSite","@id":"https:\/\/servizial.com\/#website","url":"https:\/\/servizial.com\/","name":"Servizial","description":"","publisher":{"@id":"https:\/\/servizial.com\/#organization"},"potentialAction":[{"@type":"SearchAction","target":{"@type":"EntryPoint","urlTemplate":"https:\/\/servizial.com\/?s={search_term_string}"},"query-input":{"@type":"PropertyValueSpecification","valueRequired":true,"valueName":"search_term_string"}}],"inLanguage":"en-GB"},{"@type":"Organization","@id":"https:\/\/servizial.com\/#organization","name":"Servizial","url":"https:\/\/servizial.com\/","logo":{"@type":"ImageObject","inLanguage":"en-GB","@id":"https:\/\/servizial.com\/#\/schema\/logo\/image\/","url":"https:\/\/servizial.com\/wp-content\/uploads\/2024\/12\/image-1.svg","contentUrl":"https:\/\/servizial.com\/wp-content\/uploads\/2024\/12\/image-1.svg","width":300,"height":72,"caption":"Servizial"},"image":{"@id":"https:\/\/servizial.com\/#\/schema\/logo\/image\/"}}]}},"_links":{"self":[{"href":"https:\/\/servizial.com\/en\/wp-json\/wp\/v2\/product\/2566","targetHints":{"allow":["GET"]}}],"collection":[{"href":"https:\/\/servizial.com\/en\/wp-json\/wp\/v2\/product"}],"about":[{"href":"https:\/\/servizial.com\/en\/wp-json\/wp\/v2\/types\/product"}],"version-history":[{"count":1,"href":"https:\/\/servizial.com\/en\/wp-json\/wp\/v2\/product\/2566\/revisions"}],"predecessor-version":[{"id":2567,"href":"https:\/\/servizial.com\/en\/wp-json\/wp\/v2\/product\/2566\/revisions\/2567"}],"wp:featuredmedia":[{"embeddable":true,"href":"https:\/\/servizial.com\/en\/wp-json\/wp\/v2\/media\/2568"}],"wp:attachment":[{"href":"https:\/\/servizial.com\/en\/wp-json\/wp\/v2\/media?parent=2566"}],"wp:term":[{"taxonomy":"product_brand","embeddable":true,"href":"https:\/\/servizial.com\/en\/wp-json\/wp\/v2\/product_brand?post=2566"},{"taxonomy":"product_cat","embeddable":true,"href":"https:\/\/servizial.com\/en\/wp-json\/wp\/v2\/product_cat?post=2566"},{"taxonomy":"product_tag","embeddable":true,"href":"https:\/\/servizial.com\/en\/wp-json\/wp\/v2\/product_tag?post=2566"}],"curies":[{"name":"wp","href":"https:\/\/api.w.org\/{rel}","templated":true}]}}