{"id":2592,"date":"2024-12-12T09:35:23","date_gmt":"2024-12-12T09:35:23","guid":{"rendered":"https:\/\/optimistic-visvesvaraya.79-137-88-67.plesk.page\/index.php\/produit\/table-a-fromages-et-desserts-nereide-thalassa\/"},"modified":"2025-02-10T13:44:23","modified_gmt":"2025-02-10T13:44:23","slug":"table-a-fromages-et-desserts-nereide","status":"publish","type":"product","link":"https:\/\/servizial.com\/en\/table-a-fromages-et-desserts-nereide\/","title":{"rendered":"NEREIDE &amp; THALASSA cheese and dessert table"},"content":{"rendered":"<p>Wooden cheese and dessert table with Plexiglas dome, 3 trays, brass handles.<\/p>\n<p>Option: pull cord + cutlery tray<\/p>\n<p>\u00a0<\/p>\n<ul>\n<li>201R : 825 x 525 x ht 1020 mm<\/li>\n<li>202R : 1200 x 525 x ht 1020 mm<\/li>\n<\/ul>","protected":false},"excerpt":{"rendered":"<p>Table \u00e0 fromages et desserts en bois avec coupole en plexiglas, 3 plateaux, poign\u00e9es en laiton. Option : tirette + range couverts \u00a0 201R : 825 x 525 x ht 1020 mm 202R : 1200 x 525 x ht 1020 mm<\/p>","protected":false},"featured_media":2594,"template":"","meta":{"_acf_changed":false,"inline_featured_image":false},"product_brand":[],"product_cat":[40],"product_tag":[],"class_list":{"0":"post-2592","1":"product","2":"type-product","3":"status-publish","4":"has-post-thumbnail","6":"product_cat-tables-fromages-desserts","8":"first","9":"instock","10":"product-type-simple"},"acf":[],"yoast_head":"<!-- This site is optimized with the Yoast SEO plugin v26.6 - https:\/\/yoast.com\/wordpress\/plugins\/seo\/ -->\n<title>Table \u00e0 fromages et desserts NEREIDE &amp; THALASSA - Servizial<\/title>\n<meta name=\"robots\" content=\"index, follow, max-snippet:-1, max-image-preview:large, max-video-preview:-1\" \/>\n<link rel=\"canonical\" href=\"https:\/\/servizial.com\/en\/table-a-fromages-et-desserts-nereide\/\" \/>\n<meta property=\"og:locale\" content=\"en_GB\" \/>\n<meta property=\"og:type\" content=\"article\" \/>\n<meta property=\"og:title\" content=\"Table \u00e0 fromages et desserts NEREIDE &amp; THALASSA - Servizial\" \/>\n<meta property=\"og:description\" content=\"Table \u00e0 fromages et desserts en bois avec coupole en plexiglas, 3 plateaux, poign\u00e9es en laiton. Option : tirette + range couverts \u00a0 201R : 825 x 525 x ht 1020 mm 202R : 1200 x 525 x ht 1020 mm\" \/>\n<meta property=\"og:url\" content=\"https:\/\/servizial.com\/en\/table-a-fromages-et-desserts-nereide\/\" \/>\n<meta property=\"og:site_name\" content=\"Servizial\" \/>\n<meta property=\"article:modified_time\" content=\"2025-02-10T13:44:23+00:00\" \/>\n<meta property=\"og:image\" content=\"https:\/\/servizial.com\/wp-content\/uploads\/2024\/12\/1539780850Table-a-fromages-et-desserts-petit-modele-NEREIDE-201R.jpg\" \/>\n\t<meta property=\"og:image:width\" content=\"837\" \/>\n\t<meta property=\"og:image:height\" content=\"993\" \/>\n\t<meta property=\"og:image:type\" content=\"image\/jpeg\" \/>\n<meta name=\"twitter:card\" content=\"summary_large_image\" \/>\n<script type=\"application\/ld+json\" class=\"yoast-schema-graph\">{\"@context\":\"https:\/\/schema.org\",\"@graph\":[{\"@type\":\"WebPage\",\"@id\":\"https:\/\/servizial.com\/en\/table-a-fromages-et-desserts-nereide\/\",\"url\":\"https:\/\/servizial.com\/en\/table-a-fromages-et-desserts-nereide\/\",\"name\":\"Table \u00e0 fromages et desserts NEREIDE & THALASSA - Servizial\",\"isPartOf\":{\"@id\":\"https:\/\/servizial.com\/#website\"},\"primaryImageOfPage\":{\"@id\":\"https:\/\/servizial.com\/en\/table-a-fromages-et-desserts-nereide\/#primaryimage\"},\"image\":{\"@id\":\"https:\/\/servizial.com\/en\/table-a-fromages-et-desserts-nereide\/#primaryimage\"},\"thumbnailUrl\":\"https:\/\/servizial.com\/wp-content\/uploads\/2024\/12\/1539780850Table-a-fromages-et-desserts-petit-modele-NEREIDE-201R.jpg\",\"datePublished\":\"2024-12-12T09:35:23+00:00\",\"dateModified\":\"2025-02-10T13:44:23+00:00\",\"breadcrumb\":{\"@id\":\"https:\/\/servizial.com\/en\/table-a-fromages-et-desserts-nereide\/#breadcrumb\"},\"inLanguage\":\"en-GB\",\"potentialAction\":[{\"@type\":\"ReadAction\",\"target\":[\"https:\/\/servizial.com\/en\/table-a-fromages-et-desserts-nereide\/\"]}]},{\"@type\":\"ImageObject\",\"inLanguage\":\"en-GB\",\"@id\":\"https:\/\/servizial.com\/en\/table-a-fromages-et-desserts-nereide\/#primaryimage\",\"url\":\"https:\/\/servizial.com\/wp-content\/uploads\/2024\/12\/1539780850Table-a-fromages-et-desserts-petit-modele-NEREIDE-201R.jpg\",\"contentUrl\":\"https:\/\/servizial.com\/wp-content\/uploads\/2024\/12\/1539780850Table-a-fromages-et-desserts-petit-modele-NEREIDE-201R.jpg\",\"width\":837,\"height\":993},{\"@type\":\"BreadcrumbList\",\"@id\":\"https:\/\/servizial.com\/en\/table-a-fromages-et-desserts-nereide\/#breadcrumb\",\"itemListElement\":[{\"@type\":\"ListItem\",\"position\":1,\"name\":\"Accueil\",\"item\":\"https:\/\/servizial.com\/\"},{\"@type\":\"ListItem\",\"position\":2,\"name\":\"Produits\",\"item\":\"https:\/\/servizial.com\/shop\/\"},{\"@type\":\"ListItem\",\"position\":3,\"name\":\"Tables roulantes\",\"item\":\"https:\/\/servizial.com\/en\/tables-roulantes\/\"},{\"@type\":\"ListItem\",\"position\":4,\"name\":\"Tables fromages &amp; desserts\",\"item\":\"https:\/\/servizial.com\/tables-fromages-desserts\/\"},{\"@type\":\"ListItem\",\"position\":5,\"name\":\"Table \u00e0 fromages et desserts NEREIDE &#038; THALASSA\"}]},{\"@type\":\"WebSite\",\"@id\":\"https:\/\/servizial.com\/#website\",\"url\":\"https:\/\/servizial.com\/\",\"name\":\"Servizial\",\"description\":\"\",\"publisher\":{\"@id\":\"https:\/\/servizial.com\/#organization\"},\"potentialAction\":[{\"@type\":\"SearchAction\",\"target\":{\"@type\":\"EntryPoint\",\"urlTemplate\":\"https:\/\/servizial.com\/?s={search_term_string}\"},\"query-input\":{\"@type\":\"PropertyValueSpecification\",\"valueRequired\":true,\"valueName\":\"search_term_string\"}}],\"inLanguage\":\"en-GB\"},{\"@type\":\"Organization\",\"@id\":\"https:\/\/servizial.com\/#organization\",\"name\":\"Servizial\",\"url\":\"https:\/\/servizial.com\/\",\"logo\":{\"@type\":\"ImageObject\",\"inLanguage\":\"en-GB\",\"@id\":\"https:\/\/servizial.com\/#\/schema\/logo\/image\/\",\"url\":\"https:\/\/servizial.com\/wp-content\/uploads\/2024\/12\/image-1.svg\",\"contentUrl\":\"https:\/\/servizial.com\/wp-content\/uploads\/2024\/12\/image-1.svg\",\"width\":300,\"height\":72,\"caption\":\"Servizial\"},\"image\":{\"@id\":\"https:\/\/servizial.com\/#\/schema\/logo\/image\/\"}}]}<\/script>\n<!-- \/ Yoast SEO plugin. -->","yoast_head_json":{"title":"Table \u00e0 fromages et desserts NEREIDE & THALASSA - Servizial","robots":{"index":"index","follow":"follow","max-snippet":"max-snippet:-1","max-image-preview":"max-image-preview:large","max-video-preview":"max-video-preview:-1"},"canonical":"https:\/\/servizial.com\/en\/table-a-fromages-et-desserts-nereide\/","og_locale":"en_GB","og_type":"article","og_title":"Table \u00e0 fromages et desserts NEREIDE & THALASSA - Servizial","og_description":"Table \u00e0 fromages et desserts en bois avec coupole en plexiglas, 3 plateaux, poign\u00e9es en laiton. Option : tirette + range couverts \u00a0 201R : 825 x 525 x ht 1020 mm 202R : 1200 x 525 x ht 1020 mm","og_url":"https:\/\/servizial.com\/en\/table-a-fromages-et-desserts-nereide\/","og_site_name":"Servizial","article_modified_time":"2025-02-10T13:44:23+00:00","og_image":[{"width":837,"height":993,"url":"https:\/\/servizial.com\/wp-content\/uploads\/2024\/12\/1539780850Table-a-fromages-et-desserts-petit-modele-NEREIDE-201R.jpg","type":"image\/jpeg"}],"twitter_card":"summary_large_image","schema":{"@context":"https:\/\/schema.org","@graph":[{"@type":"WebPage","@id":"https:\/\/servizial.com\/en\/table-a-fromages-et-desserts-nereide\/","url":"https:\/\/servizial.com\/en\/table-a-fromages-et-desserts-nereide\/","name":"Table \u00e0 fromages et desserts NEREIDE & THALASSA - Servizial","isPartOf":{"@id":"https:\/\/servizial.com\/#website"},"primaryImageOfPage":{"@id":"https:\/\/servizial.com\/en\/table-a-fromages-et-desserts-nereide\/#primaryimage"},"image":{"@id":"https:\/\/servizial.com\/en\/table-a-fromages-et-desserts-nereide\/#primaryimage"},"thumbnailUrl":"https:\/\/servizial.com\/wp-content\/uploads\/2024\/12\/1539780850Table-a-fromages-et-desserts-petit-modele-NEREIDE-201R.jpg","datePublished":"2024-12-12T09:35:23+00:00","dateModified":"2025-02-10T13:44:23+00:00","breadcrumb":{"@id":"https:\/\/servizial.com\/en\/table-a-fromages-et-desserts-nereide\/#breadcrumb"},"inLanguage":"en-GB","potentialAction":[{"@type":"ReadAction","target":["https:\/\/servizial.com\/en\/table-a-fromages-et-desserts-nereide\/"]}]},{"@type":"ImageObject","inLanguage":"en-GB","@id":"https:\/\/servizial.com\/en\/table-a-fromages-et-desserts-nereide\/#primaryimage","url":"https:\/\/servizial.com\/wp-content\/uploads\/2024\/12\/1539780850Table-a-fromages-et-desserts-petit-modele-NEREIDE-201R.jpg","contentUrl":"https:\/\/servizial.com\/wp-content\/uploads\/2024\/12\/1539780850Table-a-fromages-et-desserts-petit-modele-NEREIDE-201R.jpg","width":837,"height":993},{"@type":"BreadcrumbList","@id":"https:\/\/servizial.com\/en\/table-a-fromages-et-desserts-nereide\/#breadcrumb","itemListElement":[{"@type":"ListItem","position":1,"name":"Accueil","item":"https:\/\/servizial.com\/"},{"@type":"ListItem","position":2,"name":"Produits","item":"https:\/\/servizial.com\/shop\/"},{"@type":"ListItem","position":3,"name":"Tables roulantes","item":"https:\/\/servizial.com\/en\/tables-roulantes\/"},{"@type":"ListItem","position":4,"name":"Tables fromages &amp; desserts","item":"https:\/\/servizial.com\/tables-fromages-desserts\/"},{"@type":"ListItem","position":5,"name":"Table \u00e0 fromages et desserts NEREIDE &#038; THALASSA"}]},{"@type":"WebSite","@id":"https:\/\/servizial.com\/#website","url":"https:\/\/servizial.com\/","name":"Servizial","description":"","publisher":{"@id":"https:\/\/servizial.com\/#organization"},"potentialAction":[{"@type":"SearchAction","target":{"@type":"EntryPoint","urlTemplate":"https:\/\/servizial.com\/?s={search_term_string}"},"query-input":{"@type":"PropertyValueSpecification","valueRequired":true,"valueName":"search_term_string"}}],"inLanguage":"en-GB"},{"@type":"Organization","@id":"https:\/\/servizial.com\/#organization","name":"Servizial","url":"https:\/\/servizial.com\/","logo":{"@type":"ImageObject","inLanguage":"en-GB","@id":"https:\/\/servizial.com\/#\/schema\/logo\/image\/","url":"https:\/\/servizial.com\/wp-content\/uploads\/2024\/12\/image-1.svg","contentUrl":"https:\/\/servizial.com\/wp-content\/uploads\/2024\/12\/image-1.svg","width":300,"height":72,"caption":"Servizial"},"image":{"@id":"https:\/\/servizial.com\/#\/schema\/logo\/image\/"}}]}},"_links":{"self":[{"href":"https:\/\/servizial.com\/en\/wp-json\/wp\/v2\/product\/2592","targetHints":{"allow":["GET"]}}],"collection":[{"href":"https:\/\/servizial.com\/en\/wp-json\/wp\/v2\/product"}],"about":[{"href":"https:\/\/servizial.com\/en\/wp-json\/wp\/v2\/types\/product"}],"version-history":[{"count":1,"href":"https:\/\/servizial.com\/en\/wp-json\/wp\/v2\/product\/2592\/revisions"}],"predecessor-version":[{"id":2593,"href":"https:\/\/servizial.com\/en\/wp-json\/wp\/v2\/product\/2592\/revisions\/2593"}],"wp:featuredmedia":[{"embeddable":true,"href":"https:\/\/servizial.com\/en\/wp-json\/wp\/v2\/media\/2594"}],"wp:attachment":[{"href":"https:\/\/servizial.com\/en\/wp-json\/wp\/v2\/media?parent=2592"}],"wp:term":[{"taxonomy":"product_brand","embeddable":true,"href":"https:\/\/servizial.com\/en\/wp-json\/wp\/v2\/product_brand?post=2592"},{"taxonomy":"product_cat","embeddable":true,"href":"https:\/\/servizial.com\/en\/wp-json\/wp\/v2\/product_cat?post=2592"},{"taxonomy":"product_tag","embeddable":true,"href":"https:\/\/servizial.com\/en\/wp-json\/wp\/v2\/product_tag?post=2592"}],"curies":[{"name":"wp","href":"https:\/\/api.w.org\/{rel}","templated":true}]}}