{"id":2609,"date":"2024-12-12T09:35:36","date_gmt":"2024-12-12T09:35:36","guid":{"rendered":"https:\/\/optimistic-visvesvaraya.79-137-88-67.plesk.page\/index.php\/produit\/table-a-fromages-et-desserts-pioneer-coupole\/"},"modified":"2024-12-12T13:49:01","modified_gmt":"2024-12-12T13:49:01","slug":"table-a-fromages-et-desserts-pioneer-coupole","status":"publish","type":"product","link":"https:\/\/servizial.com\/en\/table-a-fromages-et-desserts-pioneer-coupole\/","title":{"rendered":"PIONEER COUPOLE cheese and dessert table"},"content":{"rendered":"<p>Varnish-stained wooden tops, 4 legs.<\/p>\n<p>Dome height 150mm.<\/p>\n<p>White food-grade polyethylene tray.<\/p>\n<p>\u00a0<\/p>\n<p>Diam\u00e8tre int. 590 mm<\/p>\n<p>Diam\u00e8tre ext. 870 mm<\/p>\n<p>Ht 850 mm<\/p>","protected":false},"excerpt":{"rendered":"<p>Plateaux bois teint\u00e9s vernis, 4 pieds. Hauteur coupole 150mm. Plateau poly\u00e9thyl\u00e8ne alimentaire blanc. \u00a0 Diam\u00e8tre int. 590 mm Diam\u00e8tre ext. 870 mm Ht 850 mm<\/p>","protected":false},"featured_media":2611,"template":"","meta":{"_acf_changed":false,"inline_featured_image":false},"product_brand":[],"product_cat":[40],"product_tag":[],"class_list":{"0":"post-2609","1":"product","2":"type-product","3":"status-publish","4":"has-post-thumbnail","6":"product_cat-tables-fromages-desserts","8":"first","9":"instock","10":"product-type-simple"},"acf":[],"yoast_head":"<!-- This site is optimized with the Yoast SEO plugin v26.6 - https:\/\/yoast.com\/wordpress\/plugins\/seo\/ -->\n<title>Table \u00e0 fromages et desserts PIONEER COUPOLE - Servizial<\/title>\n<meta name=\"robots\" content=\"index, follow, max-snippet:-1, max-image-preview:large, max-video-preview:-1\" \/>\n<link rel=\"canonical\" href=\"https:\/\/servizial.com\/en\/table-a-fromages-et-desserts-pioneer-coupole\/\" \/>\n<meta property=\"og:locale\" content=\"en_GB\" \/>\n<meta property=\"og:type\" content=\"article\" \/>\n<meta property=\"og:title\" content=\"Table \u00e0 fromages et desserts PIONEER COUPOLE - Servizial\" \/>\n<meta property=\"og:description\" content=\"Plateaux bois teint\u00e9s vernis, 4 pieds. Hauteur coupole 150mm. Plateau poly\u00e9thyl\u00e8ne alimentaire blanc. \u00a0 Diam\u00e8tre int. 590 mm Diam\u00e8tre ext. 870 mm Ht 850 mm\" \/>\n<meta property=\"og:url\" content=\"https:\/\/servizial.com\/en\/table-a-fromages-et-desserts-pioneer-coupole\/\" \/>\n<meta property=\"og:site_name\" content=\"Servizial\" \/>\n<meta property=\"article:modified_time\" content=\"2024-12-12T13:49:01+00:00\" \/>\n<meta property=\"og:image\" content=\"https:\/\/servizial.com\/wp-content\/uploads\/2024\/12\/table-fromages-desserts-ref-560c-1718887873.jpg\" \/>\n\t<meta property=\"og:image:width\" content=\"707\" \/>\n\t<meta property=\"og:image:height\" content=\"1098\" \/>\n\t<meta property=\"og:image:type\" content=\"image\/jpeg\" \/>\n<meta name=\"twitter:card\" content=\"summary_large_image\" \/>\n<script type=\"application\/ld+json\" class=\"yoast-schema-graph\">{\"@context\":\"https:\/\/schema.org\",\"@graph\":[{\"@type\":\"WebPage\",\"@id\":\"https:\/\/servizial.com\/en\/table-a-fromages-et-desserts-pioneer-coupole\/\",\"url\":\"https:\/\/servizial.com\/en\/table-a-fromages-et-desserts-pioneer-coupole\/\",\"name\":\"Table \u00e0 fromages et desserts PIONEER COUPOLE - Servizial\",\"isPartOf\":{\"@id\":\"https:\/\/servizial.com\/#website\"},\"primaryImageOfPage\":{\"@id\":\"https:\/\/servizial.com\/en\/table-a-fromages-et-desserts-pioneer-coupole\/#primaryimage\"},\"image\":{\"@id\":\"https:\/\/servizial.com\/en\/table-a-fromages-et-desserts-pioneer-coupole\/#primaryimage\"},\"thumbnailUrl\":\"https:\/\/servizial.com\/wp-content\/uploads\/2024\/12\/table-fromages-desserts-ref-560c-1718887873.jpg\",\"datePublished\":\"2024-12-12T09:35:36+00:00\",\"dateModified\":\"2024-12-12T13:49:01+00:00\",\"breadcrumb\":{\"@id\":\"https:\/\/servizial.com\/en\/table-a-fromages-et-desserts-pioneer-coupole\/#breadcrumb\"},\"inLanguage\":\"en-GB\",\"potentialAction\":[{\"@type\":\"ReadAction\",\"target\":[\"https:\/\/servizial.com\/en\/table-a-fromages-et-desserts-pioneer-coupole\/\"]}]},{\"@type\":\"ImageObject\",\"inLanguage\":\"en-GB\",\"@id\":\"https:\/\/servizial.com\/en\/table-a-fromages-et-desserts-pioneer-coupole\/#primaryimage\",\"url\":\"https:\/\/servizial.com\/wp-content\/uploads\/2024\/12\/table-fromages-desserts-ref-560c-1718887873.jpg\",\"contentUrl\":\"https:\/\/servizial.com\/wp-content\/uploads\/2024\/12\/table-fromages-desserts-ref-560c-1718887873.jpg\",\"width\":707,\"height\":1098},{\"@type\":\"BreadcrumbList\",\"@id\":\"https:\/\/servizial.com\/en\/table-a-fromages-et-desserts-pioneer-coupole\/#breadcrumb\",\"itemListElement\":[{\"@type\":\"ListItem\",\"position\":1,\"name\":\"Accueil\",\"item\":\"https:\/\/servizial.com\/\"},{\"@type\":\"ListItem\",\"position\":2,\"name\":\"Produits\",\"item\":\"https:\/\/servizial.com\/shop\/\"},{\"@type\":\"ListItem\",\"position\":3,\"name\":\"Tables roulantes\",\"item\":\"https:\/\/servizial.com\/en\/tables-roulantes\/\"},{\"@type\":\"ListItem\",\"position\":4,\"name\":\"Tables fromages &amp; desserts\",\"item\":\"https:\/\/servizial.com\/tables-fromages-desserts\/\"},{\"@type\":\"ListItem\",\"position\":5,\"name\":\"Table \u00e0 fromages et desserts PIONEER COUPOLE\"}]},{\"@type\":\"WebSite\",\"@id\":\"https:\/\/servizial.com\/#website\",\"url\":\"https:\/\/servizial.com\/\",\"name\":\"Servizial\",\"description\":\"\",\"publisher\":{\"@id\":\"https:\/\/servizial.com\/#organization\"},\"potentialAction\":[{\"@type\":\"SearchAction\",\"target\":{\"@type\":\"EntryPoint\",\"urlTemplate\":\"https:\/\/servizial.com\/?s={search_term_string}\"},\"query-input\":{\"@type\":\"PropertyValueSpecification\",\"valueRequired\":true,\"valueName\":\"search_term_string\"}}],\"inLanguage\":\"en-GB\"},{\"@type\":\"Organization\",\"@id\":\"https:\/\/servizial.com\/#organization\",\"name\":\"Servizial\",\"url\":\"https:\/\/servizial.com\/\",\"logo\":{\"@type\":\"ImageObject\",\"inLanguage\":\"en-GB\",\"@id\":\"https:\/\/servizial.com\/#\/schema\/logo\/image\/\",\"url\":\"https:\/\/servizial.com\/wp-content\/uploads\/2024\/12\/image-1.svg\",\"contentUrl\":\"https:\/\/servizial.com\/wp-content\/uploads\/2024\/12\/image-1.svg\",\"width\":300,\"height\":72,\"caption\":\"Servizial\"},\"image\":{\"@id\":\"https:\/\/servizial.com\/#\/schema\/logo\/image\/\"}}]}<\/script>\n<!-- \/ Yoast SEO plugin. -->","yoast_head_json":{"title":"Table \u00e0 fromages et desserts PIONEER COUPOLE - Servizial","robots":{"index":"index","follow":"follow","max-snippet":"max-snippet:-1","max-image-preview":"max-image-preview:large","max-video-preview":"max-video-preview:-1"},"canonical":"https:\/\/servizial.com\/en\/table-a-fromages-et-desserts-pioneer-coupole\/","og_locale":"en_GB","og_type":"article","og_title":"Table \u00e0 fromages et desserts PIONEER COUPOLE - Servizial","og_description":"Plateaux bois teint\u00e9s vernis, 4 pieds. Hauteur coupole 150mm. Plateau poly\u00e9thyl\u00e8ne alimentaire blanc. \u00a0 Diam\u00e8tre int. 590 mm Diam\u00e8tre ext. 870 mm Ht 850 mm","og_url":"https:\/\/servizial.com\/en\/table-a-fromages-et-desserts-pioneer-coupole\/","og_site_name":"Servizial","article_modified_time":"2024-12-12T13:49:01+00:00","og_image":[{"width":707,"height":1098,"url":"https:\/\/servizial.com\/wp-content\/uploads\/2024\/12\/table-fromages-desserts-ref-560c-1718887873.jpg","type":"image\/jpeg"}],"twitter_card":"summary_large_image","schema":{"@context":"https:\/\/schema.org","@graph":[{"@type":"WebPage","@id":"https:\/\/servizial.com\/en\/table-a-fromages-et-desserts-pioneer-coupole\/","url":"https:\/\/servizial.com\/en\/table-a-fromages-et-desserts-pioneer-coupole\/","name":"Table \u00e0 fromages et desserts PIONEER COUPOLE - Servizial","isPartOf":{"@id":"https:\/\/servizial.com\/#website"},"primaryImageOfPage":{"@id":"https:\/\/servizial.com\/en\/table-a-fromages-et-desserts-pioneer-coupole\/#primaryimage"},"image":{"@id":"https:\/\/servizial.com\/en\/table-a-fromages-et-desserts-pioneer-coupole\/#primaryimage"},"thumbnailUrl":"https:\/\/servizial.com\/wp-content\/uploads\/2024\/12\/table-fromages-desserts-ref-560c-1718887873.jpg","datePublished":"2024-12-12T09:35:36+00:00","dateModified":"2024-12-12T13:49:01+00:00","breadcrumb":{"@id":"https:\/\/servizial.com\/en\/table-a-fromages-et-desserts-pioneer-coupole\/#breadcrumb"},"inLanguage":"en-GB","potentialAction":[{"@type":"ReadAction","target":["https:\/\/servizial.com\/en\/table-a-fromages-et-desserts-pioneer-coupole\/"]}]},{"@type":"ImageObject","inLanguage":"en-GB","@id":"https:\/\/servizial.com\/en\/table-a-fromages-et-desserts-pioneer-coupole\/#primaryimage","url":"https:\/\/servizial.com\/wp-content\/uploads\/2024\/12\/table-fromages-desserts-ref-560c-1718887873.jpg","contentUrl":"https:\/\/servizial.com\/wp-content\/uploads\/2024\/12\/table-fromages-desserts-ref-560c-1718887873.jpg","width":707,"height":1098},{"@type":"BreadcrumbList","@id":"https:\/\/servizial.com\/en\/table-a-fromages-et-desserts-pioneer-coupole\/#breadcrumb","itemListElement":[{"@type":"ListItem","position":1,"name":"Accueil","item":"https:\/\/servizial.com\/"},{"@type":"ListItem","position":2,"name":"Produits","item":"https:\/\/servizial.com\/shop\/"},{"@type":"ListItem","position":3,"name":"Tables roulantes","item":"https:\/\/servizial.com\/en\/tables-roulantes\/"},{"@type":"ListItem","position":4,"name":"Tables fromages &amp; desserts","item":"https:\/\/servizial.com\/tables-fromages-desserts\/"},{"@type":"ListItem","position":5,"name":"Table \u00e0 fromages et desserts PIONEER COUPOLE"}]},{"@type":"WebSite","@id":"https:\/\/servizial.com\/#website","url":"https:\/\/servizial.com\/","name":"Servizial","description":"","publisher":{"@id":"https:\/\/servizial.com\/#organization"},"potentialAction":[{"@type":"SearchAction","target":{"@type":"EntryPoint","urlTemplate":"https:\/\/servizial.com\/?s={search_term_string}"},"query-input":{"@type":"PropertyValueSpecification","valueRequired":true,"valueName":"search_term_string"}}],"inLanguage":"en-GB"},{"@type":"Organization","@id":"https:\/\/servizial.com\/#organization","name":"Servizial","url":"https:\/\/servizial.com\/","logo":{"@type":"ImageObject","inLanguage":"en-GB","@id":"https:\/\/servizial.com\/#\/schema\/logo\/image\/","url":"https:\/\/servizial.com\/wp-content\/uploads\/2024\/12\/image-1.svg","contentUrl":"https:\/\/servizial.com\/wp-content\/uploads\/2024\/12\/image-1.svg","width":300,"height":72,"caption":"Servizial"},"image":{"@id":"https:\/\/servizial.com\/#\/schema\/logo\/image\/"}}]}},"_links":{"self":[{"href":"https:\/\/servizial.com\/en\/wp-json\/wp\/v2\/product\/2609","targetHints":{"allow":["GET"]}}],"collection":[{"href":"https:\/\/servizial.com\/en\/wp-json\/wp\/v2\/product"}],"about":[{"href":"https:\/\/servizial.com\/en\/wp-json\/wp\/v2\/types\/product"}],"version-history":[{"count":1,"href":"https:\/\/servizial.com\/en\/wp-json\/wp\/v2\/product\/2609\/revisions"}],"predecessor-version":[{"id":2610,"href":"https:\/\/servizial.com\/en\/wp-json\/wp\/v2\/product\/2609\/revisions\/2610"}],"wp:featuredmedia":[{"embeddable":true,"href":"https:\/\/servizial.com\/en\/wp-json\/wp\/v2\/media\/2611"}],"wp:attachment":[{"href":"https:\/\/servizial.com\/en\/wp-json\/wp\/v2\/media?parent=2609"}],"wp:term":[{"taxonomy":"product_brand","embeddable":true,"href":"https:\/\/servizial.com\/en\/wp-json\/wp\/v2\/product_brand?post=2609"},{"taxonomy":"product_cat","embeddable":true,"href":"https:\/\/servizial.com\/en\/wp-json\/wp\/v2\/product_cat?post=2609"},{"taxonomy":"product_tag","embeddable":true,"href":"https:\/\/servizial.com\/en\/wp-json\/wp\/v2\/product_tag?post=2609"}],"curies":[{"name":"wp","href":"https:\/\/api.w.org\/{rel}","templated":true}]}}