{"id":2684,"date":"2024-12-12T09:35:46","date_gmt":"2024-12-12T09:35:46","guid":{"rendered":"https:\/\/optimistic-visvesvaraya.79-137-88-67.plesk.page\/index.php\/produit\/table-grand-service-columbia\/"},"modified":"2024-12-12T13:49:05","modified_gmt":"2024-12-12T13:49:05","slug":"table-grand-service-columbia","status":"publish","type":"product","link":"https:\/\/servizial.com\/en\/table-grand-service-columbia\/","title":{"rendered":"Table grand service COLUMBIA"},"content":{"rendered":"<p>Table de luxe bois massif, 2 ou 3 plateaux, accessoires chrom\u00e9s.<\/p>\n<p>Table \u00e0 trancher d\u00f4me inox ou m\u00e9tal argent\u00e9, poign\u00e9es chrom\u00e9es, bouillotte avec r\u00e9chaud \u00e0 alcool, planche \u00e0 d\u00e9couper,2 pots \u00e0 l\u00e9gumes, porte-assiettes, porte-couteaux.<\/p>","protected":false},"excerpt":{"rendered":"<p>Table de luxe bois massif, 2 ou 3 plateaux, accessoires chrom\u00e9s. Table \u00e0 trancher d\u00f4me inox ou m\u00e9tal argent\u00e9, poign\u00e9es chrom\u00e9es, bouillotte avec r\u00e9chaud \u00e0 alcool, planche \u00e0 d\u00e9couper,2 pots \u00e0 l\u00e9gumes, porte-assiettes, porte-couteaux.<\/p>","protected":false},"featured_media":2686,"template":"","meta":{"_acf_changed":false,"inline_featured_image":false},"product_brand":[],"product_cat":[43],"product_tag":[],"class_list":{"0":"post-2684","1":"product","2":"type-product","3":"status-publish","4":"has-post-thumbnail","6":"product_cat-tables-grand-service","8":"first","9":"instock","10":"product-type-simple"},"acf":[],"yoast_head":"<!-- This site is optimized with the Yoast SEO plugin v26.6 - https:\/\/yoast.com\/wordpress\/plugins\/seo\/ -->\n<title>Table grand service COLUMBIA - Servizial<\/title>\n<meta name=\"robots\" content=\"index, follow, max-snippet:-1, max-image-preview:large, max-video-preview:-1\" \/>\n<link rel=\"canonical\" href=\"https:\/\/servizial.com\/en\/table-grand-service-columbia\/\" \/>\n<meta property=\"og:locale\" content=\"en_GB\" \/>\n<meta property=\"og:type\" content=\"article\" \/>\n<meta property=\"og:title\" content=\"Table grand service COLUMBIA - Servizial\" \/>\n<meta property=\"og:description\" content=\"Table de luxe bois massif, 2 ou 3 plateaux, accessoires chrom\u00e9s. Table \u00e0 trancher d\u00f4me inox ou m\u00e9tal argent\u00e9, poign\u00e9es chrom\u00e9es, bouillotte avec r\u00e9chaud \u00e0 alcool, planche \u00e0 d\u00e9couper,2 pots \u00e0 l\u00e9gumes, porte-assiettes, porte-couteaux.\" \/>\n<meta property=\"og:url\" content=\"https:\/\/servizial.com\/en\/table-grand-service-columbia\/\" \/>\n<meta property=\"og:site_name\" content=\"Servizial\" \/>\n<meta property=\"article:modified_time\" content=\"2024-12-12T13:49:05+00:00\" \/>\n<meta property=\"og:image\" content=\"https:\/\/servizial.com\/wp-content\/uploads\/2024\/12\/1539784233Table-grand-service-COLUMBIA.jpg\" \/>\n\t<meta property=\"og:image:width\" content=\"400\" \/>\n\t<meta property=\"og:image:height\" content=\"361\" \/>\n\t<meta property=\"og:image:type\" content=\"image\/jpeg\" \/>\n<meta name=\"twitter:card\" content=\"summary_large_image\" \/>\n<script type=\"application\/ld+json\" class=\"yoast-schema-graph\">{\"@context\":\"https:\/\/schema.org\",\"@graph\":[{\"@type\":\"WebPage\",\"@id\":\"https:\/\/servizial.com\/en\/table-grand-service-columbia\/\",\"url\":\"https:\/\/servizial.com\/en\/table-grand-service-columbia\/\",\"name\":\"Table grand service COLUMBIA - Servizial\",\"isPartOf\":{\"@id\":\"https:\/\/servizial.com\/#website\"},\"primaryImageOfPage\":{\"@id\":\"https:\/\/servizial.com\/en\/table-grand-service-columbia\/#primaryimage\"},\"image\":{\"@id\":\"https:\/\/servizial.com\/en\/table-grand-service-columbia\/#primaryimage\"},\"thumbnailUrl\":\"https:\/\/servizial.com\/wp-content\/uploads\/2024\/12\/1539784233Table-grand-service-COLUMBIA.jpg\",\"datePublished\":\"2024-12-12T09:35:46+00:00\",\"dateModified\":\"2024-12-12T13:49:05+00:00\",\"breadcrumb\":{\"@id\":\"https:\/\/servizial.com\/en\/table-grand-service-columbia\/#breadcrumb\"},\"inLanguage\":\"en-GB\",\"potentialAction\":[{\"@type\":\"ReadAction\",\"target\":[\"https:\/\/servizial.com\/en\/table-grand-service-columbia\/\"]}]},{\"@type\":\"ImageObject\",\"inLanguage\":\"en-GB\",\"@id\":\"https:\/\/servizial.com\/en\/table-grand-service-columbia\/#primaryimage\",\"url\":\"https:\/\/servizial.com\/wp-content\/uploads\/2024\/12\/1539784233Table-grand-service-COLUMBIA.jpg\",\"contentUrl\":\"https:\/\/servizial.com\/wp-content\/uploads\/2024\/12\/1539784233Table-grand-service-COLUMBIA.jpg\",\"width\":400,\"height\":361},{\"@type\":\"BreadcrumbList\",\"@id\":\"https:\/\/servizial.com\/en\/table-grand-service-columbia\/#breadcrumb\",\"itemListElement\":[{\"@type\":\"ListItem\",\"position\":1,\"name\":\"Accueil\",\"item\":\"https:\/\/servizial.com\/\"},{\"@type\":\"ListItem\",\"position\":2,\"name\":\"Produits\",\"item\":\"https:\/\/servizial.com\/shop\/\"},{\"@type\":\"ListItem\",\"position\":3,\"name\":\"Tables roulantes\",\"item\":\"https:\/\/servizial.com\/en\/tables-roulantes\/\"},{\"@type\":\"ListItem\",\"position\":4,\"name\":\"Tables grand service\",\"item\":\"https:\/\/servizial.com\/en\/tables-grand-service\/\"},{\"@type\":\"ListItem\",\"position\":5,\"name\":\"Table grand service COLUMBIA\"}]},{\"@type\":\"WebSite\",\"@id\":\"https:\/\/servizial.com\/#website\",\"url\":\"https:\/\/servizial.com\/\",\"name\":\"Servizial\",\"description\":\"\",\"publisher\":{\"@id\":\"https:\/\/servizial.com\/#organization\"},\"potentialAction\":[{\"@type\":\"SearchAction\",\"target\":{\"@type\":\"EntryPoint\",\"urlTemplate\":\"https:\/\/servizial.com\/?s={search_term_string}\"},\"query-input\":{\"@type\":\"PropertyValueSpecification\",\"valueRequired\":true,\"valueName\":\"search_term_string\"}}],\"inLanguage\":\"en-GB\"},{\"@type\":\"Organization\",\"@id\":\"https:\/\/servizial.com\/#organization\",\"name\":\"Servizial\",\"url\":\"https:\/\/servizial.com\/\",\"logo\":{\"@type\":\"ImageObject\",\"inLanguage\":\"en-GB\",\"@id\":\"https:\/\/servizial.com\/#\/schema\/logo\/image\/\",\"url\":\"https:\/\/servizial.com\/wp-content\/uploads\/2024\/12\/image-1.svg\",\"contentUrl\":\"https:\/\/servizial.com\/wp-content\/uploads\/2024\/12\/image-1.svg\",\"width\":300,\"height\":72,\"caption\":\"Servizial\"},\"image\":{\"@id\":\"https:\/\/servizial.com\/#\/schema\/logo\/image\/\"}}]}<\/script>\n<!-- \/ Yoast SEO plugin. -->","yoast_head_json":{"title":"Table grand service COLUMBIA - Servizial","robots":{"index":"index","follow":"follow","max-snippet":"max-snippet:-1","max-image-preview":"max-image-preview:large","max-video-preview":"max-video-preview:-1"},"canonical":"https:\/\/servizial.com\/en\/table-grand-service-columbia\/","og_locale":"en_GB","og_type":"article","og_title":"Table grand service COLUMBIA - Servizial","og_description":"Table de luxe bois massif, 2 ou 3 plateaux, accessoires chrom\u00e9s. Table \u00e0 trancher d\u00f4me inox ou m\u00e9tal argent\u00e9, poign\u00e9es chrom\u00e9es, bouillotte avec r\u00e9chaud \u00e0 alcool, planche \u00e0 d\u00e9couper,2 pots \u00e0 l\u00e9gumes, porte-assiettes, porte-couteaux.","og_url":"https:\/\/servizial.com\/en\/table-grand-service-columbia\/","og_site_name":"Servizial","article_modified_time":"2024-12-12T13:49:05+00:00","og_image":[{"width":400,"height":361,"url":"https:\/\/servizial.com\/wp-content\/uploads\/2024\/12\/1539784233Table-grand-service-COLUMBIA.jpg","type":"image\/jpeg"}],"twitter_card":"summary_large_image","schema":{"@context":"https:\/\/schema.org","@graph":[{"@type":"WebPage","@id":"https:\/\/servizial.com\/en\/table-grand-service-columbia\/","url":"https:\/\/servizial.com\/en\/table-grand-service-columbia\/","name":"Table grand service COLUMBIA - Servizial","isPartOf":{"@id":"https:\/\/servizial.com\/#website"},"primaryImageOfPage":{"@id":"https:\/\/servizial.com\/en\/table-grand-service-columbia\/#primaryimage"},"image":{"@id":"https:\/\/servizial.com\/en\/table-grand-service-columbia\/#primaryimage"},"thumbnailUrl":"https:\/\/servizial.com\/wp-content\/uploads\/2024\/12\/1539784233Table-grand-service-COLUMBIA.jpg","datePublished":"2024-12-12T09:35:46+00:00","dateModified":"2024-12-12T13:49:05+00:00","breadcrumb":{"@id":"https:\/\/servizial.com\/en\/table-grand-service-columbia\/#breadcrumb"},"inLanguage":"en-GB","potentialAction":[{"@type":"ReadAction","target":["https:\/\/servizial.com\/en\/table-grand-service-columbia\/"]}]},{"@type":"ImageObject","inLanguage":"en-GB","@id":"https:\/\/servizial.com\/en\/table-grand-service-columbia\/#primaryimage","url":"https:\/\/servizial.com\/wp-content\/uploads\/2024\/12\/1539784233Table-grand-service-COLUMBIA.jpg","contentUrl":"https:\/\/servizial.com\/wp-content\/uploads\/2024\/12\/1539784233Table-grand-service-COLUMBIA.jpg","width":400,"height":361},{"@type":"BreadcrumbList","@id":"https:\/\/servizial.com\/en\/table-grand-service-columbia\/#breadcrumb","itemListElement":[{"@type":"ListItem","position":1,"name":"Accueil","item":"https:\/\/servizial.com\/"},{"@type":"ListItem","position":2,"name":"Produits","item":"https:\/\/servizial.com\/shop\/"},{"@type":"ListItem","position":3,"name":"Tables roulantes","item":"https:\/\/servizial.com\/en\/tables-roulantes\/"},{"@type":"ListItem","position":4,"name":"Tables grand service","item":"https:\/\/servizial.com\/en\/tables-grand-service\/"},{"@type":"ListItem","position":5,"name":"Table grand service COLUMBIA"}]},{"@type":"WebSite","@id":"https:\/\/servizial.com\/#website","url":"https:\/\/servizial.com\/","name":"Servizial","description":"","publisher":{"@id":"https:\/\/servizial.com\/#organization"},"potentialAction":[{"@type":"SearchAction","target":{"@type":"EntryPoint","urlTemplate":"https:\/\/servizial.com\/?s={search_term_string}"},"query-input":{"@type":"PropertyValueSpecification","valueRequired":true,"valueName":"search_term_string"}}],"inLanguage":"en-GB"},{"@type":"Organization","@id":"https:\/\/servizial.com\/#organization","name":"Servizial","url":"https:\/\/servizial.com\/","logo":{"@type":"ImageObject","inLanguage":"en-GB","@id":"https:\/\/servizial.com\/#\/schema\/logo\/image\/","url":"https:\/\/servizial.com\/wp-content\/uploads\/2024\/12\/image-1.svg","contentUrl":"https:\/\/servizial.com\/wp-content\/uploads\/2024\/12\/image-1.svg","width":300,"height":72,"caption":"Servizial"},"image":{"@id":"https:\/\/servizial.com\/#\/schema\/logo\/image\/"}}]}},"_links":{"self":[{"href":"https:\/\/servizial.com\/en\/wp-json\/wp\/v2\/product\/2684","targetHints":{"allow":["GET"]}}],"collection":[{"href":"https:\/\/servizial.com\/en\/wp-json\/wp\/v2\/product"}],"about":[{"href":"https:\/\/servizial.com\/en\/wp-json\/wp\/v2\/types\/product"}],"version-history":[{"count":1,"href":"https:\/\/servizial.com\/en\/wp-json\/wp\/v2\/product\/2684\/revisions"}],"predecessor-version":[{"id":2685,"href":"https:\/\/servizial.com\/en\/wp-json\/wp\/v2\/product\/2684\/revisions\/2685"}],"wp:featuredmedia":[{"embeddable":true,"href":"https:\/\/servizial.com\/en\/wp-json\/wp\/v2\/media\/2686"}],"wp:attachment":[{"href":"https:\/\/servizial.com\/en\/wp-json\/wp\/v2\/media?parent=2684"}],"wp:term":[{"taxonomy":"product_brand","embeddable":true,"href":"https:\/\/servizial.com\/en\/wp-json\/wp\/v2\/product_brand?post=2684"},{"taxonomy":"product_cat","embeddable":true,"href":"https:\/\/servizial.com\/en\/wp-json\/wp\/v2\/product_cat?post=2684"},{"taxonomy":"product_tag","embeddable":true,"href":"https:\/\/servizial.com\/en\/wp-json\/wp\/v2\/product_tag?post=2684"}],"curies":[{"name":"wp","href":"https:\/\/api.w.org\/{rel}","templated":true}]}}