{"id":2753,"date":"2024-12-12T09:35:55","date_gmt":"2024-12-12T09:35:55","guid":{"rendered":"https:\/\/optimistic-visvesvaraya.79-137-88-67.plesk.page\/index.php\/produit\/table-refrigeree-par-nodules-eutectiques-rhea-japet\/"},"modified":"2025-02-10T13:48:28","modified_gmt":"2025-02-10T13:48:28","slug":"table-refrigeree-par-nodules-eutectiques-rhea","status":"publish","type":"product","link":"https:\/\/servizial.com\/en\/table-refrigeree-par-nodules-eutectiques-rhea\/","title":{"rendered":"RHEA &amp; JAPET eutectic nodule cooling table"},"content":{"rendered":"<p>Table r&eacute;frig&eacute;r&eacute;e par 30 nodules eutectiques <\/p>\n<p>Table en bois, coupole plexi avec &eacute;tag&egrave;re, 3 plateaux, tirette, poign&eacute;es en laiton<\/p>\n<p>&nbsp;<\/p>\n<ul>\n<li>303R : 900 x 525 x ht 1220 mm<\/li>\n<li>304R : 1200 x 525 x ht 1220 mm<\/li>\n<\/ul>","protected":false},"excerpt":{"rendered":"<p>Table r&eacute;frig&eacute;r&eacute;e par 30 nodules eutectiques Table en bois, coupole plexi avec &eacute;tag&egrave;re, 3 plateaux, tirette, poign&eacute;es en laiton &nbsp; 303R : 900 x 525 x ht 1220 mm 304R : 1200 x 525 x ht 1220 mm<\/p>","protected":false},"featured_media":0,"template":"","meta":{"_acf_changed":false,"inline_featured_image":false},"product_brand":[],"product_cat":[29],"product_tag":[],"class_list":{"0":"post-2753","1":"product","2":"type-product","3":"status-publish","5":"product_cat-tables-refrigerees-eutectiques","7":"first","8":"instock","9":"product-type-simple"},"acf":[],"yoast_head":"<!-- This site is optimized with the Yoast SEO plugin v26.6 - https:\/\/yoast.com\/wordpress\/plugins\/seo\/ -->\n<title>Table r\u00e9frig\u00e9r\u00e9e par nodules eutectiques RHEA &amp; JAPET - Servizial<\/title>\n<meta name=\"robots\" content=\"index, follow, max-snippet:-1, max-image-preview:large, max-video-preview:-1\" \/>\n<link rel=\"canonical\" href=\"https:\/\/servizial.com\/en\/table-refrigeree-par-nodules-eutectiques-rhea\/\" \/>\n<meta property=\"og:locale\" content=\"en_GB\" \/>\n<meta property=\"og:type\" content=\"article\" \/>\n<meta property=\"og:title\" content=\"Table r\u00e9frig\u00e9r\u00e9e par nodules eutectiques RHEA &amp; JAPET - Servizial\" \/>\n<meta property=\"og:description\" content=\"Table r&eacute;frig&eacute;r&eacute;e par 30 nodules eutectiques Table en bois, coupole plexi avec &eacute;tag&egrave;re, 3 plateaux, tirette, poign&eacute;es en laiton &nbsp; 303R : 900 x 525 x ht 1220 mm 304R : 1200 x 525 x ht 1220 mm\" \/>\n<meta property=\"og:url\" content=\"https:\/\/servizial.com\/en\/table-refrigeree-par-nodules-eutectiques-rhea\/\" \/>\n<meta property=\"og:site_name\" content=\"Servizial\" \/>\n<meta property=\"article:modified_time\" content=\"2025-02-10T13:48:28+00:00\" \/>\n<meta name=\"twitter:card\" content=\"summary_large_image\" \/>\n<script type=\"application\/ld+json\" class=\"yoast-schema-graph\">{\"@context\":\"https:\/\/schema.org\",\"@graph\":[{\"@type\":\"WebPage\",\"@id\":\"https:\/\/servizial.com\/en\/table-refrigeree-par-nodules-eutectiques-rhea\/\",\"url\":\"https:\/\/servizial.com\/en\/table-refrigeree-par-nodules-eutectiques-rhea\/\",\"name\":\"Table r\u00e9frig\u00e9r\u00e9e par nodules eutectiques RHEA & JAPET - Servizial\",\"isPartOf\":{\"@id\":\"https:\/\/servizial.com\/#website\"},\"datePublished\":\"2024-12-12T09:35:55+00:00\",\"dateModified\":\"2025-02-10T13:48:28+00:00\",\"breadcrumb\":{\"@id\":\"https:\/\/servizial.com\/en\/table-refrigeree-par-nodules-eutectiques-rhea\/#breadcrumb\"},\"inLanguage\":\"en-GB\",\"potentialAction\":[{\"@type\":\"ReadAction\",\"target\":[\"https:\/\/servizial.com\/en\/table-refrigeree-par-nodules-eutectiques-rhea\/\"]}]},{\"@type\":\"BreadcrumbList\",\"@id\":\"https:\/\/servizial.com\/en\/table-refrigeree-par-nodules-eutectiques-rhea\/#breadcrumb\",\"itemListElement\":[{\"@type\":\"ListItem\",\"position\":1,\"name\":\"Accueil\",\"item\":\"https:\/\/servizial.com\/\"},{\"@type\":\"ListItem\",\"position\":2,\"name\":\"Produits\",\"item\":\"https:\/\/servizial.com\/shop\/\"},{\"@type\":\"ListItem\",\"position\":3,\"name\":\"Tables roulantes\",\"item\":\"https:\/\/servizial.com\/en\/tables-roulantes\/\"},{\"@type\":\"ListItem\",\"position\":4,\"name\":\"Tables r\u00e9frig\u00e9r\u00e9es eutectiques\",\"item\":\"https:\/\/servizial.com\/tables-refrigerees-eutectiques\/\"},{\"@type\":\"ListItem\",\"position\":5,\"name\":\"Table r\u00e9frig\u00e9r\u00e9e par nodules eutectiques RHEA &#038; JAPET\"}]},{\"@type\":\"WebSite\",\"@id\":\"https:\/\/servizial.com\/#website\",\"url\":\"https:\/\/servizial.com\/\",\"name\":\"Servizial\",\"description\":\"\",\"publisher\":{\"@id\":\"https:\/\/servizial.com\/#organization\"},\"potentialAction\":[{\"@type\":\"SearchAction\",\"target\":{\"@type\":\"EntryPoint\",\"urlTemplate\":\"https:\/\/servizial.com\/?s={search_term_string}\"},\"query-input\":{\"@type\":\"PropertyValueSpecification\",\"valueRequired\":true,\"valueName\":\"search_term_string\"}}],\"inLanguage\":\"en-GB\"},{\"@type\":\"Organization\",\"@id\":\"https:\/\/servizial.com\/#organization\",\"name\":\"Servizial\",\"url\":\"https:\/\/servizial.com\/\",\"logo\":{\"@type\":\"ImageObject\",\"inLanguage\":\"en-GB\",\"@id\":\"https:\/\/servizial.com\/#\/schema\/logo\/image\/\",\"url\":\"https:\/\/servizial.com\/wp-content\/uploads\/2024\/12\/image-1.svg\",\"contentUrl\":\"https:\/\/servizial.com\/wp-content\/uploads\/2024\/12\/image-1.svg\",\"width\":300,\"height\":72,\"caption\":\"Servizial\"},\"image\":{\"@id\":\"https:\/\/servizial.com\/#\/schema\/logo\/image\/\"}}]}<\/script>\n<!-- \/ Yoast SEO plugin. -->","yoast_head_json":{"title":"Table r\u00e9frig\u00e9r\u00e9e par nodules eutectiques RHEA & JAPET - Servizial","robots":{"index":"index","follow":"follow","max-snippet":"max-snippet:-1","max-image-preview":"max-image-preview:large","max-video-preview":"max-video-preview:-1"},"canonical":"https:\/\/servizial.com\/en\/table-refrigeree-par-nodules-eutectiques-rhea\/","og_locale":"en_GB","og_type":"article","og_title":"Table r\u00e9frig\u00e9r\u00e9e par nodules eutectiques RHEA & JAPET - Servizial","og_description":"Table r&eacute;frig&eacute;r&eacute;e par 30 nodules eutectiques Table en bois, coupole plexi avec &eacute;tag&egrave;re, 3 plateaux, tirette, poign&eacute;es en laiton &nbsp; 303R : 900 x 525 x ht 1220 mm 304R : 1200 x 525 x ht 1220 mm","og_url":"https:\/\/servizial.com\/en\/table-refrigeree-par-nodules-eutectiques-rhea\/","og_site_name":"Servizial","article_modified_time":"2025-02-10T13:48:28+00:00","twitter_card":"summary_large_image","schema":{"@context":"https:\/\/schema.org","@graph":[{"@type":"WebPage","@id":"https:\/\/servizial.com\/en\/table-refrigeree-par-nodules-eutectiques-rhea\/","url":"https:\/\/servizial.com\/en\/table-refrigeree-par-nodules-eutectiques-rhea\/","name":"Table r\u00e9frig\u00e9r\u00e9e par nodules eutectiques RHEA & JAPET - Servizial","isPartOf":{"@id":"https:\/\/servizial.com\/#website"},"datePublished":"2024-12-12T09:35:55+00:00","dateModified":"2025-02-10T13:48:28+00:00","breadcrumb":{"@id":"https:\/\/servizial.com\/en\/table-refrigeree-par-nodules-eutectiques-rhea\/#breadcrumb"},"inLanguage":"en-GB","potentialAction":[{"@type":"ReadAction","target":["https:\/\/servizial.com\/en\/table-refrigeree-par-nodules-eutectiques-rhea\/"]}]},{"@type":"BreadcrumbList","@id":"https:\/\/servizial.com\/en\/table-refrigeree-par-nodules-eutectiques-rhea\/#breadcrumb","itemListElement":[{"@type":"ListItem","position":1,"name":"Accueil","item":"https:\/\/servizial.com\/"},{"@type":"ListItem","position":2,"name":"Produits","item":"https:\/\/servizial.com\/shop\/"},{"@type":"ListItem","position":3,"name":"Tables roulantes","item":"https:\/\/servizial.com\/en\/tables-roulantes\/"},{"@type":"ListItem","position":4,"name":"Tables r\u00e9frig\u00e9r\u00e9es eutectiques","item":"https:\/\/servizial.com\/tables-refrigerees-eutectiques\/"},{"@type":"ListItem","position":5,"name":"Table r\u00e9frig\u00e9r\u00e9e par nodules eutectiques RHEA &#038; JAPET"}]},{"@type":"WebSite","@id":"https:\/\/servizial.com\/#website","url":"https:\/\/servizial.com\/","name":"Servizial","description":"","publisher":{"@id":"https:\/\/servizial.com\/#organization"},"potentialAction":[{"@type":"SearchAction","target":{"@type":"EntryPoint","urlTemplate":"https:\/\/servizial.com\/?s={search_term_string}"},"query-input":{"@type":"PropertyValueSpecification","valueRequired":true,"valueName":"search_term_string"}}],"inLanguage":"en-GB"},{"@type":"Organization","@id":"https:\/\/servizial.com\/#organization","name":"Servizial","url":"https:\/\/servizial.com\/","logo":{"@type":"ImageObject","inLanguage":"en-GB","@id":"https:\/\/servizial.com\/#\/schema\/logo\/image\/","url":"https:\/\/servizial.com\/wp-content\/uploads\/2024\/12\/image-1.svg","contentUrl":"https:\/\/servizial.com\/wp-content\/uploads\/2024\/12\/image-1.svg","width":300,"height":72,"caption":"Servizial"},"image":{"@id":"https:\/\/servizial.com\/#\/schema\/logo\/image\/"}}]}},"_links":{"self":[{"href":"https:\/\/servizial.com\/en\/wp-json\/wp\/v2\/product\/2753","targetHints":{"allow":["GET"]}}],"collection":[{"href":"https:\/\/servizial.com\/en\/wp-json\/wp\/v2\/product"}],"about":[{"href":"https:\/\/servizial.com\/en\/wp-json\/wp\/v2\/types\/product"}],"version-history":[{"count":1,"href":"https:\/\/servizial.com\/en\/wp-json\/wp\/v2\/product\/2753\/revisions"}],"predecessor-version":[{"id":2754,"href":"https:\/\/servizial.com\/en\/wp-json\/wp\/v2\/product\/2753\/revisions\/2754"}],"wp:attachment":[{"href":"https:\/\/servizial.com\/en\/wp-json\/wp\/v2\/media?parent=2753"}],"wp:term":[{"taxonomy":"product_brand","embeddable":true,"href":"https:\/\/servizial.com\/en\/wp-json\/wp\/v2\/product_brand?post=2753"},{"taxonomy":"product_cat","embeddable":true,"href":"https:\/\/servizial.com\/en\/wp-json\/wp\/v2\/product_cat?post=2753"},{"taxonomy":"product_tag","embeddable":true,"href":"https:\/\/servizial.com\/en\/wp-json\/wp\/v2\/product_tag?post=2753"}],"curies":[{"name":"wp","href":"https:\/\/api.w.org\/{rel}","templated":true}]}}